{"id":112,"date":"2017-02-03T06:35:33","date_gmt":"2017-02-03T05:35:33","guid":{"rendered":"http:\/\/thibaultbazin.fr\/?page_id=112"},"modified":"2025-09-17T15:02:14","modified_gmt":"2025-09-17T13:02:14","slug":"me-contacter","status":"publish","type":"page","link":"https:\/\/thibaultbazin.fr\/index.php\/me-contacter\/","title":{"rendered":"Me contacter &#8211; Me rencontrer"},"content":{"rendered":"\r\n<div align=\"left\">\r\n<h3 style=\"text-align: center;\">Si vous souhaitez me rencontrer, veuillez me contacter au pr\u00e9alable par voie postale ou par voie t\u00e9l\u00e9phonique :<\/h3>\r\n<\/div>\r\n\r\n\r\n\r\n<p class=\"has-text-align-left\">\u00a0<\/p>\r\n\r\n\r\n\r\n<figure class=\"wp-block-table\">\r\n<table class=\"has-fixed-layout\">\r\n<tbody>\r\n<tr>\r\n<td class=\"has-text-align-center\" data-align=\"center\"><strong>Par voie postale en circonscription<\/strong><\/td>\r\n<td class=\"has-text-align-center\" data-align=\"center\"><strong>Par voie postale \u00e0 l&rsquo;Assembl\u00e9e Nationale<\/strong><\/td>\r\n<td class=\"has-text-align-center\" data-align=\"center\"><strong>Par mail<\/strong><\/td>\r\n<td class=\"has-text-align-center\" data-align=\"center\"><strong>Par t\u00e9l\u00e9phone<\/strong><\/td>\r\n<\/tr>\r\n<tr>\r\n<td class=\"has-text-align-center\" data-align=\"center\"><em>Permanence parlementaire du D\u00e9put\u00e9<\/em> Thibault BAZIN<br \/>17, rue Sadi Carnot<br \/>54300 LUNEVILLE<\/td>\r\n<td class=\"has-text-align-center\" data-align=\"center\"><em>Thibault BAZIN &#8211; D\u00e9put\u00e9<\/em><br \/>Assembl\u00e9e Nationale<br \/>126, rue de l&rsquo;Universit\u00e9<br \/>75355 PARIS 07 SP<\/td>\r\n<td class=\"has-text-align-center\" data-align=\"center\">thibault.bazin@assemblee-nationale.fr<\/td>\r\n<td class=\"has-text-align-center\" data-align=\"center\"><em>03 83 73 79 58<\/em><\/td>\r\n<\/tr>\r\n<\/tbody>\r\n<\/table>\r\n<\/figure>\r\n\r\n\r\n\r\n<p class=\"has-text-align-left\">\u00a0<\/p>\r\n\r\n\r\n\r\n<div class=\"wp-block-spacer\" style=\"height: 85px;\" aria-hidden=\"true\">\u00a0<\/div>\r\n\r\n\r\n\r\n\r\n\t\t<div id=\"wpmapblock_55e24853\" data-settings='{&quot;map_marker&quot;:[{&quot;lat&quot;:&quot;48.5890245&quot;,&quot;lng&quot;:&quot;6.496632&quot;,&quot;title&quot;:&quot;&quot;,&quot;content&quot;:&quot;&quot;,&quot;iconType&quot;:&quot;default&quot;,&quot;customIconUrl&quot;:&quot;&quot;,&quot;customIconWidth&quot;:&quot;25&quot;,&quot;customIconHeight&quot;:&quot;40&quot;}],&quot;map_zoom&quot;:&quot;15&quot;,&quot;scroll_wheel_zoom&quot;:false,&quot;map_type&quot;:&quot;GM&quot;,&quot;center_index&quot;:0}' class=\"wpmapblockrender\" style=\"\n\t\t\twidth: 100%;\n\t\t\theight: 497px;\n\t\t\"><\/div>\n        \r\n\r\n\r\n<div class=\"wp-block-spacer\" style=\"height: 100px;\" aria-hidden=\"true\">\u00a0<\/div>\r\n","protected":false},"excerpt":{"rendered":"<p>\u00a0 Par voie postale en circonscription Par voie postale \u00e0 l&rsquo;Assembl\u00e9e Nationale Par mail Par t\u00e9l\u00e9phone Permanence parlementaire du D\u00e9put\u00e9 Thibault BAZIN17, rue Sadi Carnot54300 LUNEVILLE Thibault BAZIN &#8211; D\u00e9put\u00e9Assembl\u00e9e Nationale126, rue de l&rsquo;Universit\u00e975355 PARIS 07 SP thibault.bazin@assemblee-nationale.fr 03 83 73 79 58 \u00a0<\/p>\n","protected":false},"author":2,"featured_media":0,"parent":0,"menu_order":0,"comment_status":"closed","ping_status":"closed","template":"","meta":[],"amp_enabled":true,"_links":{"self":[{"href":"https:\/\/thibaultbazin.fr\/index.php\/wp-json\/wp\/v2\/pages\/112"}],"collection":[{"href":"https:\/\/thibaultbazin.fr\/index.php\/wp-json\/wp\/v2\/pages"}],"about":[{"href":"https:\/\/thibaultbazin.fr\/index.php\/wp-json\/wp\/v2\/types\/page"}],"author":[{"embeddable":true,"href":"https:\/\/thibaultbazin.fr\/index.php\/wp-json\/wp\/v2\/users\/2"}],"replies":[{"embeddable":true,"href":"https:\/\/thibaultbazin.fr\/index.php\/wp-json\/wp\/v2\/comments?post=112"}],"version-history":[{"count":36,"href":"https:\/\/thibaultbazin.fr\/index.php\/wp-json\/wp\/v2\/pages\/112\/revisions"}],"predecessor-version":[{"id":29522,"href":"https:\/\/thibaultbazin.fr\/index.php\/wp-json\/wp\/v2\/pages\/112\/revisions\/29522"}],"wp:attachment":[{"href":"https:\/\/thibaultbazin.fr\/index.php\/wp-json\/wp\/v2\/media?parent=112"}],"curies":[{"name":"wp","href":"https:\/\/api.w.org\/{rel}","templated":true}]}}