{"id":11254,"date":"2021-08-13T16:10:18","date_gmt":"2021-08-13T14:10:18","guid":{"rendered":"http:\/\/thibaultbazin.fr\/?page_id=11254"},"modified":"2023-02-16T16:17:44","modified_gmt":"2023-02-16T15:17:44","slug":"mes-interventions-dans-lhemicycle","status":"publish","type":"page","link":"https:\/\/thibaultbazin.fr\/index.php\/mes-interventions-dans-lhemicycle\/","title":{"rendered":"Mes interventions dans l&rsquo;h\u00e9micycle"},"content":{"rendered":"\n<p class=\"has-text-align-center\"><span style=\"font-size: 24pt;\"><span style=\"font-family: impact, sans-serif;\">Les interventions dans l&rsquo;<span style=\"color: #800000;\">h\u00e9micycle<\/span> <\/span><span style=\"font-family: impact, sans-serif;\">du <\/span><span style=\"font-family: impact, sans-serif;\">d\u00e9put\u00e9 <span style=\"color: #000080;\">Thibault BAZIN<\/span><\/span><\/span><\/p>\n\n\n\n<p><span style=\"font-family: arial, helvetica, sans-serif;\">Vous trouverez ci-apr\u00e8s une partie de mes interventions dans l&rsquo;h\u00e9micycle. Des d\u00e9fenses d&rsquo;amendement aux Questions d&rsquo;actualit\u00e9 au Gouvernement, la totalit\u00e9 de mes interventions sont disponibles dans la <a href=\"https:\/\/www.facebook.com\/DeputeThibaultBAZIN\/videos\">section vid\u00e9o de ma page Facebook<\/a>.&nbsp;<\/span><\/p>\n\n\n\n<p><span style=\"font-family: impact, sans-serif; font-size: 18pt;\">Interventions au sein des commissions de l\u2019Assembl\u00e9e l\u00e9gislature 2022-2027 :<\/span><\/p>\n\n\n\n<p><span style=\"font-family: arial, helvetica, sans-serif;\">R\u00e9forme des retraites via un PLFSS :<\/span><\/p>\n\n\n\n<p><a href=\"https:\/\/thibaultbazin.fr\/index.php\/2023\/02\/08\/retrouvez-mes-interventions-dans-lhemicycle-lors-des-debats-sur-la-reforme-des-retraites-via-un-plfss-rectificatif\/\">https:\/\/thibaultbazin.fr\/index.php\/2023\/02\/08\/retrouvez-mes-interventions-dans-lhemicycle-lors-des-debats-sur-la-reforme-des-retraites-via-un-plfss-rectificatif\/<\/a><\/p>\n\n\n\n<p><span style=\"font-family: arial, helvetica, sans-serif;\">Discussion g\u00e9n\u00e9rale &#8211; R\u00e9forme des retraites via un PLFSS :<\/span><\/p>\n\n\n\n<figure class=\"wp-block-video\"><video controls src=\"https:\/\/thibaultbazin.fr\/wp-content\/uploads\/2023\/02\/source_12855165_5093020_5432660-3.mp4\"><\/video><\/figure>\n\n\n\n<p><span style=\"font-family: impact, sans-serif; font-size: 18pt;\"><span style=\"text-decoration: underline;\">D\u00e9fendre ceux qui travaillent et cr\u00e9ent de la richesse dans nos territoires<\/span> :<\/span><\/p>\n\n\n\n<p class=\"has-text-align-left\"><span style=\"font-family: arial, helvetica, sans-serif;\"><span style=\"text-decoration: underline;\">Revaloriser la valeur travail<\/span>&nbsp;:<\/span><\/p>\n\n\n\n<p><iframe style=\"border: none; overflow: hidden;\" src=\"https:\/\/www.facebook.com\/plugins\/video.php?height=311&amp;href=https%3A%2F%2Fwww.facebook.com%2FDeputeThibaultBAZIN%2Fvideos%2F3157674921135122%2F&amp;show_text=false&amp;width=560&amp;t=0\" scrolling=\"no\" allowfullscreen=\"allowfullscreen\" width=\"560\" height=\"311\" frameborder=\"0\"><\/iframe><\/p>\n\n\n\n<p><span style=\"text-decoration: underline;\"><span style=\"font-family: arial, helvetica, sans-serif;\">Demander une v\u00e9ritable r\u00e9forme du code minier<\/span><\/span> :<\/p>\n\n\n\n<p><iframe style=\"border: none; overflow: hidden;\" src=\"https:\/\/www.facebook.com\/plugins\/video.php?height=314&amp;href=https%3A%2F%2Fwww.facebook.com%2FDeputeThibaultBAZIN%2Fvideos%2F787919298794598%2F&amp;show_text=false&amp;width=560&amp;t=0\" scrolling=\"no\" allowfullscreen=\"allowfullscreen\" width=\"560\" height=\"314\" frameborder=\"0\"><\/iframe><\/p>\n\n\n\n<p><span style=\"font-family: arial, helvetica, sans-serif;\"><span style=\"text-decoration: underline;\">Relayer l\u2019inqui\u00e9tude des agriculteurs dans le cadre de la PAC<\/span> :<\/span><\/p>\n\n\n\n<p><iframe style=\"border: none; overflow: hidden;\" src=\"https:\/\/www.facebook.com\/plugins\/video.php?height=314&amp;href=https%3A%2F%2Fwww.facebook.com%2FDeputeThibaultBAZIN%2Fvideos%2F254125042560071%2F&amp;show_text=false&amp;width=560&amp;t=0\" scrolling=\"no\" allowfullscreen=\"allowfullscreen\" width=\"560\" height=\"314\" frameborder=\"0\"><\/iframe><\/p>\n\n\n\n<p><span style=\"font-family: arial, helvetica, sans-serif;\"><span style=\"text-decoration: underline;\">Permettre aux travailleurs du b\u00e2timent de se restaurer correctement malgr\u00e9 la crise sanitaire<\/span> :<\/span><\/p>\n\n\n\n<p><iframe style=\"border: none; overflow: hidden;\" src=\"https:\/\/www.facebook.com\/plugins\/video.php?height=314&amp;href=https%3A%2F%2Fwww.facebook.com%2FDeputeThibaultBAZIN%2Fvideos%2F2438637739778277%2F&amp;show_text=false&amp;width=560&amp;t=0\" scrolling=\"no\" allowfullscreen=\"allowfullscreen\" width=\"560\" height=\"314\" frameborder=\"0\"><\/iframe><\/p>\n\n\n\n<p><span style=\"font-family: arial, helvetica, sans-serif;\"><span style=\"text-decoration: underline;\">\u00c9viter les surco\u00fbts dus \u00e0 la COVID-19 dans l&rsquo;industrie de la construction<\/span> :<\/span><\/p>\n\n\n\n<p><iframe style=\"border: none; overflow: hidden;\" src=\"https:\/\/www.facebook.com\/plugins\/video.php?height=314&amp;href=https%3A%2F%2Fwww.facebook.com%2FDeputeThibaultBAZIN%2Fvideos%2F2708451026078984%2F&amp;show_text=false&amp;width=560&amp;t=0\" scrolling=\"no\" allowfullscreen=\"allowfullscreen\" width=\"560\" height=\"314\" frameborder=\"0\"><\/iframe><\/p>\n\n\n\n<p><span style=\"text-decoration: underline;\"><span style=\"font-family: impact, sans-serif; font-size: 18pt;\">D\u00e9fendre les fran\u00e7ais de l&rsquo;ins\u00e9curit\u00e9 croissante dans notre pays<\/span><\/span><\/p>\n\n\n\n<p><span style=\"font-family: arial, helvetica, sans-serif;\"><span style=\"text-decoration: underline;\">Interdire la possession d&rsquo;armes \u00e0 feu pour les \u00ab\u00a0Fich\u00e9s S\u00a0\u00bb<\/span>&nbsp;:<\/span><\/p>\n\n\n\n<p><iframe style=\"border: none; overflow: hidden;\" src=\"https:\/\/www.facebook.com\/plugins\/video.php?height=311&amp;href=https%3A%2F%2Fwww.facebook.com%2FDeputeThibaultBAZIN%2Fvideos%2F279927349147637%2F&amp;show_text=false&amp;width=560&amp;t=0\" scrolling=\"no\" allowfullscreen=\"allowfullscreen\" width=\"560\" height=\"311\" frameborder=\"0\"><\/iframe><\/p>\n\n\n\n<p><span style=\"font-family: arial, helvetica, sans-serif;\"><span style=\"text-decoration: underline;\">Permettre une hausse du budget de la d\u00e9fense (LPM)<\/span> :<\/span><\/p>\n\n\n\n<p><iframe style=\"border: none; overflow: hidden;\" src=\"https:\/\/www.facebook.com\/plugins\/video.php?height=314&amp;href=https%3A%2F%2Fwww.facebook.com%2FDeputeThibaultBAZIN%2Fvideos%2F379659219174449%2F&amp;show_text=false&amp;width=560&amp;t=0\" scrolling=\"no\" allowfullscreen=\"allowfullscreen\" width=\"560\" height=\"314\" frameborder=\"0\"><\/iframe><\/p>\n\n\n\n<p><span style=\"font-family: arial, helvetica, sans-serif;\"><span style=\"text-decoration: underline;\">Sanctionner avec fermet\u00e9 les violences pendant les manifestations<\/span> :<\/span><\/p>\n\n\n\n<p><iframe style=\"border: none; overflow: hidden;\" src=\"https:\/\/www.facebook.com\/plugins\/video.php?height=315&amp;href=https%3A%2F%2Fwww.facebook.com%2FDeputeThibaultBAZIN%2Fvideos%2F504092156780646%2F&amp;show_text=false&amp;width=560&amp;t=0\" scrolling=\"no\" allowfullscreen=\"allowfullscreen\" width=\"560\" height=\"315\" frameborder=\"0\"><\/iframe><\/p>\n\n\n\n<p><span style=\"font-family: arial, helvetica, sans-serif;\"><span style=\"text-decoration: underline;\">Remettre en cause la num\u00e9risation de la justice<\/span> :<\/span><\/p>\n\n\n\n<p><iframe style=\"border: none; overflow: hidden;\" src=\"https:\/\/www.facebook.com\/plugins\/video.php?height=316&amp;href=https%3A%2F%2Fwww.facebook.com%2FDeputeThibaultBAZIN%2Fvideos%2F1978475879124353%2F&amp;show_text=false&amp;width=560&amp;t=0\" scrolling=\"no\" allowfullscreen=\"allowfullscreen\" width=\"560\" height=\"316\" frameborder=\"0\"><\/iframe><\/p>\n\n\n\n<p><span style=\"font-family: arial, helvetica, sans-serif;\"><span style=\"text-decoration: underline;\">D\u00e9fendre nos producteurs de fruits<\/span>&nbsp;:<\/span><\/p>\n\n\n\n<p><iframe style=\"border: none; overflow: hidden;\" src=\"https:\/\/www.facebook.com\/plugins\/video.php?height=314&amp;href=https%3A%2F%2Fwww.facebook.com%2FDeputeThibaultBAZIN%2Fvideos%2F2099264167051569%2F&amp;show_text=false&amp;width=560&amp;t=0\" scrolling=\"no\" allowfullscreen=\"allowfullscreen\" width=\"560\" height=\"314\" frameborder=\"0\"><\/iframe><\/p>\n\n\n\n<p><span style=\"text-decoration: underline;\"><span style=\"font-family: impact, sans-serif; font-size: 18pt;\">D\u00e9fendre le droit \u00e0 la dignit\u00e9 de chacun et aux minima sociaux<\/span><\/span><\/p>\n\n\n\n<p><span style=\"font-family: arial, helvetica, sans-serif;\"><u>Faire en sorte que chacun puisse devenir propri\u00e9taire<\/u>&nbsp;:<\/span><\/p>\n\n\n\n<p><iframe style=\"border: none; overflow: hidden;\" src=\"https:\/\/www.facebook.com\/plugins\/video.php?height=316&amp;href=https%3A%2F%2Fwww.facebook.com%2FDeputeThibaultBAZIN%2Fvideos%2F731745184356670%2F&amp;show_text=false&amp;width=560&amp;t=0\" scrolling=\"no\" allowfullscreen=\"allowfullscreen\" width=\"560\" height=\"316\" frameborder=\"0\"><\/iframe><\/p>\n\n\n\n<p><iframe style=\"border: none; overflow: hidden;\" src=\"https:\/\/www.facebook.com\/plugins\/video.php?height=316&amp;href=https%3A%2F%2Fwww.facebook.com%2FDeputeThibaultBAZIN%2Fvideos%2F725062944950536%2F&amp;show_text=false&amp;width=560&amp;t=0\" scrolling=\"no\" allowfullscreen=\"allowfullscreen\" width=\"560\" height=\"316\" frameborder=\"0\"><\/iframe><\/p>\n\n\n\n<p><span style=\"font-family: arial, helvetica, sans-serif;\"><u>Soutenir le budget de la s\u00e9curit\u00e9 sociale<\/u>&nbsp;:<\/span><\/p>\n\n\n\n<p><iframe style=\"border: none; overflow: hidden;\" src=\"https:\/\/www.facebook.com\/plugins\/video.php?height=314&amp;href=https%3A%2F%2Fwww.facebook.com%2FDeputeThibaultBAZIN%2Fvideos%2F2438637739778277%2F&amp;show_text=false&amp;width=560&amp;t=0\" scrolling=\"no\" allowfullscreen=\"allowfullscreen\" width=\"560\" height=\"314\" frameborder=\"0\"><\/iframe><\/p>\n\n\n\n<p><span style=\"font-family: arial, helvetica, sans-serif;\"><u>Demander l&rsquo;annulation de la hausse de 25% de la CSG<\/u> :<\/span><\/p>\n\n\n\n<p><iframe style=\"border: none; overflow: hidden;\" src=\"https:\/\/www.facebook.com\/plugins\/video.php?height=316&amp;href=https%3A%2F%2Fwww.facebook.com%2FDeputeThibaultBAZIN%2Fvideos%2F273230460008097%2F&amp;show_text=false&amp;width=560&amp;t=0\" scrolling=\"no\" allowfullscreen=\"allowfullscreen\" width=\"560\" height=\"316\" frameborder=\"0\"><\/iframe><\/p>\n\n\n\n<p><span style=\"font-family: arial, helvetica, sans-serif;\"><u>Prendre des mesures sociales d&rsquo;urgence du fait de la COVID-19<\/u>&nbsp;:<\/span><\/p>\n\n\n\n<p><iframe style=\"border: none; overflow: hidden;\" src=\"https:\/\/www.facebook.com\/plugins\/video.php?height=315&amp;href=https%3A%2F%2Fwww.facebook.com%2FDeputeThibaultBAZIN%2Fvideos%2F575672339725890%2F&amp;show_text=false&amp;width=560&amp;t=0\" scrolling=\"no\" allowfullscreen=\"allowfullscreen\" width=\"560\" height=\"315\" frameborder=\"0\"><\/iframe><\/p>\n\n\n\n<p><span style=\"text-decoration: underline;\"><span style=\"font-family: impact, sans-serif; font-size: 18pt;\">D\u00e9fendre l&rsquo;\u00e9quilibre territorial : la lorraine ne doit pas \u00eatre oubli\u00e9e !<\/span><\/span><\/p>\n\n\n\n<p><span style=\"text-decoration: underline;\"><span style=\"font-family: arial, helvetica, sans-serif;\">Assurer une couverture r\u00e9seau de qualit\u00e9 sur le territoire<\/span><\/span> :<\/p>\n\n\n\n<p><iframe style=\"border: none; overflow: hidden;\" src=\"https:\/\/www.facebook.com\/plugins\/video.php?height=314&amp;href=https%3A%2F%2Fwww.facebook.com%2FDeputeThibaultBAZIN%2Fvideos%2F254125042560071%2F&amp;show_text=false&amp;width=560&amp;t=0\" scrolling=\"no\" allowfullscreen=\"allowfullscreen\" width=\"560\" height=\"314\" frameborder=\"0\"><\/iframe><\/p>\n\n\n\n<p><span style=\"font-family: arial, helvetica, sans-serif;\"><span style=\"text-decoration: underline;\">Soutenir la libert\u00e9 des communes<\/span> :<\/span><\/p>\n\n\n\n<p><iframe style=\"border: none; overflow: hidden;\" src=\"https:\/\/www.facebook.com\/plugins\/video.php?height=314&amp;href=https%3A%2F%2Fwww.facebook.com%2FDeputeThibaultBAZIN%2Fvideos%2F358064291333942%2F&amp;show_text=false&amp;width=560&amp;t=0\" scrolling=\"no\" allowfullscreen=\"allowfullscreen\" width=\"560\" height=\"314\" frameborder=\"0\"><\/iframe><\/p>\n\n\n\n<p><span style=\"font-family: arial, helvetica, sans-serif;\"><span style=\"text-decoration: underline;\">Interpeller une majorit\u00e9 d\u00e9connect\u00e9e du terrain<\/span> :&nbsp;<\/span><\/p>\n\n\n\n<p><iframe style=\"border: none; overflow: hidden;\" src=\"https:\/\/www.facebook.com\/plugins\/video.php?height=316&amp;href=https%3A%2F%2Fwww.facebook.com%2FDeputeThibaultBAZIN%2Fvideos%2F328715294268842%2F&amp;show_text=false&amp;width=560&amp;t=0\" scrolling=\"no\" allowfullscreen=\"allowfullscreen\" width=\"560\" height=\"316\" frameborder=\"0\"><\/iframe><\/p>\n\n\n\n<p><span style=\"font-family: arial, helvetica, sans-serif;\"> <\/span><\/p>\n","protected":false},"excerpt":{"rendered":"<p>Les interventions dans l&rsquo;h\u00e9micycle du d\u00e9put\u00e9 Thibault BAZIN Vous trouverez ci-apr\u00e8s une partie de mes interventions dans l&rsquo;h\u00e9micycle. Des d\u00e9fenses d&rsquo;amendement aux Questions d&rsquo;actualit\u00e9 au Gouvernement, la totalit\u00e9 de mes interventions sont disponibles dans la section vid\u00e9o de ma page Facebook.&nbsp; Interventions au sein des commissions de l\u2019Assembl\u00e9e l\u00e9gislature 2022-2027 : R\u00e9forme des retraites via&hellip; <br \/> <a class=\"button small blue\" href=\"https:\/\/thibaultbazin.fr\/index.php\/mes-interventions-dans-lhemicycle\/\">Lire la suite<\/a><\/p>\n","protected":false},"author":2,"featured_media":0,"parent":0,"menu_order":0,"comment_status":"closed","ping_status":"closed","template":"","meta":[],"amp_enabled":true,"_links":{"self":[{"href":"https:\/\/thibaultbazin.fr\/index.php\/wp-json\/wp\/v2\/pages\/11254"}],"collection":[{"href":"https:\/\/thibaultbazin.fr\/index.php\/wp-json\/wp\/v2\/pages"}],"about":[{"href":"https:\/\/thibaultbazin.fr\/index.php\/wp-json\/wp\/v2\/types\/page"}],"author":[{"embeddable":true,"href":"https:\/\/thibaultbazin.fr\/index.php\/wp-json\/wp\/v2\/users\/2"}],"replies":[{"embeddable":true,"href":"https:\/\/thibaultbazin.fr\/index.php\/wp-json\/wp\/v2\/comments?post=11254"}],"version-history":[{"count":13,"href":"https:\/\/thibaultbazin.fr\/index.php\/wp-json\/wp\/v2\/pages\/11254\/revisions"}],"predecessor-version":[{"id":19209,"href":"https:\/\/thibaultbazin.fr\/index.php\/wp-json\/wp\/v2\/pages\/11254\/revisions\/19209"}],"wp:attachment":[{"href":"https:\/\/thibaultbazin.fr\/index.php\/wp-json\/wp\/v2\/media?parent=11254"}],"curies":[{"name":"wp","href":"https:\/\/api.w.org\/{rel}","templated":true}]}}