{"id":11269,"date":"2021-08-16T10:29:57","date_gmt":"2021-08-16T08:29:57","guid":{"rendered":"http:\/\/thibaultbazin.fr\/?page_id=11269"},"modified":"2023-02-07T10:07:08","modified_gmt":"2023-02-07T09:07:08","slug":"mes-interventions-en-commission","status":"publish","type":"page","link":"https:\/\/thibaultbazin.fr\/index.php\/mes-interventions-en-commission\/","title":{"rendered":"Mes interventions en commission"},"content":{"rendered":"\n<p class=\"has-text-align-center\"><span style=\"font-family: impact, sans-serif; font-size: 24pt; color: #333333;\">Les interventions <span style=\"color: #333399;\">en commission<\/span> du&nbsp;D\u00e9put\u00e9&nbsp;<span style=\"color: #333399;\">Thibault BAZIN<\/span><\/span><\/p>\n\n\n\n<p><span style=\"font-family: arial, helvetica, sans-serif;\">Vous trouverez ci-apr\u00e8s une partie de mes interventions dans l&rsquo;h\u00e9micycle. Des d\u00e9fenses d&rsquo;amendement aux Questions d&rsquo;actualit\u00e9 au Gouvernement, la totalit\u00e9 de mes interventions sont disponibles dans la <a href=\"https:\/\/www.facebook.com\/DeputeThibaultBAZIN\/videos\">section vid\u00e9o de ma page Facebook<\/a>.&nbsp;<\/span><\/p>\n\n\n\n<p><span style=\"font-family: impact, sans-serif; font-size: 18pt;\">Interventions au sein des commissions de l\u2019Assembl\u00e9e l\u00e9gislature 2022-2027 :<\/span><\/p>\n\n\n\n<p>Commission des affaires sociales &#8211; D\u00e9bat sur la r\u00e9forme des retraites via un PLFSS :<\/p>\n\n\n\n<p><a href=\"https:\/\/thibaultbazin.fr\/index.php\/2023\/02\/03\/retrouvez-mes-interventions-en-commission-des-affaires-sociales-lors-des-debats-sur-la-reforme-des-retraites-via-un-plfss-rectificatif\/\" target=\"_blank\" rel=\"noreferrer noopener\">https:\/\/thibaultbazin.fr\/index.php\/2023\/02\/03\/retrouvez-mes-interventions-en-commission-des-affaires-sociales-lors-des-debats-sur-la-reforme-des-retraites-via-un-plfss-rectificatif\/<\/a><\/p>\n\n\n\n<p>Commission des affaires sociales \u2013 Pr\u00e9sentation de la r\u00e9forme des retraites via un PLFSS :<\/p>\n\n\n\n<figure class=\"wp-block-video\"><video controls src=\"https:\/\/thibaultbazin.fr\/wp-content\/uploads\/2023\/01\/TB-Dussopt.mp4\"><\/video><\/figure>\n\n\n\n<p><span style=\"font-family: impact, sans-serif; font-size: 18pt;\"><span style=\"text-decoration: underline;\">Interventions au sein des commissions de l\u2019Assembl\u00e9e l\u00e9gislature 2017-2022<\/span> :<\/span><\/p>\n\n\n\n<h2 class=\"wp-block-heading\">&nbsp;<\/h2>\n\n\n\n<p><span style=\"font-family: arial, helvetica, sans-serif;\"><span style=\"text-decoration: underline;\">Commission des affaires sociales \u2013 Audition du Pr Alain Fischer, pr\u00e9sident du Conseil d\u2019orientation de la strat\u00e9gie vaccinale<\/span> :<\/span><\/p>\n\n\n\n<p><iframe style=\"border: none; overflow: hidden;\" src=\"https:\/\/www.facebook.com\/plugins\/video.php?height=311&amp;href=https%3A%2F%2Fwww.facebook.com%2FDeputeThibaultBAZIN%2Fvideos%2F3678089475601447%2F&amp;show_text=false&amp;width=560&amp;t=0\" scrolling=\"no\" allowfullscreen=\"allowfullscreen\" width=\"560\" height=\"311\" frameborder=\"0\"><\/iframe><\/p>\n\n\n\n<p><span style=\"font-family: arial, helvetica, sans-serif;\"><span style=\"text-decoration: underline;\">Commission des affaires sociales \u2013 pr\u00e9sentation du rapport de la mission \u201cflash\u201d d\u2019information sur le r\u00e9gime de s\u00e9curit\u00e9 sociale des mines<\/span> :<\/span><\/p>\n\n\n\n<p><iframe style=\"border: none; overflow: hidden;\" src=\"https:\/\/www.facebook.com\/plugins\/video.php?height=317&amp;href=https%3A%2F%2Fwww.facebook.com%2FDeputeThibaultBAZIN%2Fvideos%2F822067951732239%2F&amp;show_text=false&amp;width=560&amp;t=0\" scrolling=\"no\" allowfullscreen=\"allowfullscreen\" width=\"560\" height=\"317\" frameborder=\"0\"><\/iframe><\/p>\n\n\n\n<p><span style=\"font-family: arial, helvetica, sans-serif;\"><span style=\"text-decoration: underline;\">Commission des affaires sociales \u2013 dispositif territoire ze\u0301ro cho\u0302meur longue dure\u0301e<\/span> :<\/span><\/p>\n\n\n\n<p><iframe style=\"border: none; overflow: hidden;\" src=\"https:\/\/www.facebook.com\/plugins\/video.php?height=311&amp;href=https%3A%2F%2Fwww.facebook.com%2FDeputeThibaultBAZIN%2Fvideos%2F713854095833570%2F&amp;show_text=false&amp;width=560&amp;t=0\" scrolling=\"no\" allowfullscreen=\"allowfullscreen\" width=\"560\" height=\"311\" frameborder=\"0\"><\/iframe><\/p>\n\n\n\n<p><span style=\"font-family: arial, helvetica, sans-serif;\"><span style=\"text-decoration: underline;\">Commission des affaires sociales \u2013 lutter contre la d\u00e9sertification m\u00e9dicale<\/span> :<\/span><\/p>\n\n\n\n<p><iframe style=\"border: none; overflow: hidden;\" src=\"https:\/\/www.facebook.com\/plugins\/video.php?height=314&amp;href=https%3A%2F%2Fwww.facebook.com%2FDeputeThibaultBAZIN%2Fvideos%2F349615195512185%2F&amp;show_text=false&amp;width=560&amp;t=0\" scrolling=\"no\" allowfullscreen=\"allowfullscreen\" width=\"560\" height=\"314\" frameborder=\"0\"><\/iframe><\/p>\n\n\n\n<p><span style=\"font-family: arial, helvetica, sans-serif;\"><span style=\"text-decoration: underline;\">Commission des affaires sociales \u2013 lutter contre les fraudes<\/span> :<\/span><\/p>\n\n\n\n<p><iframe style=\"border: none; overflow: hidden;\" src=\"https:\/\/www.facebook.com\/plugins\/video.php?height=320&amp;href=https%3A%2F%2Fwww.facebook.com%2FDeputeThibaultBAZIN%2Fvideos%2F350905549876987%2F&amp;show_text=false&amp;width=560&amp;t=0\" scrolling=\"no\" allowfullscreen=\"allowfullscreen\" width=\"560\" height=\"320\" frameborder=\"0\"><\/iframe><\/p>\n\n\n\n<p><span style=\"font-family: arial, helvetica, sans-serif;\"><span style=\"text-decoration: underline;\">Commission des affaires sociales \u2013 d\u00e9fendre l&rsquo;avenir des jeunes<\/span> :<\/span><\/p>\n\n\n\n<p><iframe style=\"border: none; overflow: hidden;\" src=\"https:\/\/www.facebook.com\/plugins\/video.php?height=312&amp;href=https%3A%2F%2Fwww.facebook.com%2FDeputeThibaultBAZIN%2Fvideos%2F820950398497687%2F&amp;show_text=false&amp;width=560&amp;t=0\" scrolling=\"no\" allowfullscreen=\"allowfullscreen\" width=\"560\" height=\"312\" frameborder=\"0\"><\/iframe><\/p>\n\n\n\n<p><span style=\"font-family: arial, helvetica, sans-serif;\"><span style=\"text-decoration: underline;\">Commission des affaires \u00e9conomiques \u2013 budget logement pour 2021<\/span> :<\/span><\/p>\n\n\n\n<p><iframe style=\"border: none; overflow: hidden;\" src=\"https:\/\/www.facebook.com\/plugins\/video.php?height=316&amp;href=https%3A%2F%2Fwww.facebook.com%2FDeputeThibaultBAZIN%2Fvideos%2F852528055519140%2F&amp;show_text=false&amp;width=560&amp;t=0\" scrolling=\"no\" allowfullscreen=\"allowfullscreen\" width=\"560\" height=\"316\" frameborder=\"0\"><\/iframe><\/p>\n\n\n\n<p><span style=\"font-family: arial, helvetica, sans-serif;\"><span style=\"text-decoration: underline;\">Commission des affaires \u00e9conomiques \u2013 reconnaissance d\u2019un chantier prioritaire pour l\u2019INRAP dans notre territoire<\/span> :<\/span><\/p>\n\n\n\n<p><iframe style=\"border: none; overflow: hidden;\" src=\"https:\/\/www.facebook.com\/plugins\/video.php?height=314&amp;href=https%3A%2F%2Fwww.facebook.com%2FDeputeThibaultBAZIN%2Fvideos%2F1302288786635693%2F&amp;show_text=false&amp;width=560&amp;t=0\" scrolling=\"no\" allowfullscreen=\"allowfullscreen\" width=\"560\" height=\"314\" frameborder=\"0\"><\/iframe><\/p>\n\n\n\n<p><span style=\"font-family: arial, helvetica, sans-serif;\"><span style=\"text-decoration: underline;\">Commission des lois &#8211; d\u00e9fendre les producteurs locaux de la concurrence \u00e9trang\u00e8re<\/span> :<\/span><\/p>\n\n\n\n<p><iframe style=\"border: none; overflow: hidden;\" src=\"https:\/\/www.facebook.com\/plugins\/video.php?height=317&amp;href=https%3A%2F%2Fwww.facebook.com%2FDeputeThibaultBAZIN%2Fvideos%2F1013204769208694%2F&amp;show_text=false&amp;width=560&amp;t=0\" scrolling=\"no\" allowfullscreen=\"allowfullscreen\" width=\"560\" height=\"317\" frameborder=\"0\"><\/iframe><\/p>\n\n\n\n<p><span style=\"font-family: arial, helvetica, sans-serif;\"><span style=\"text-decoration: underline;\">Commission de la d\u00e9fense \u2013 lutte contre le terrorisme<\/span> :<\/span><\/p>\n\n\n\n<p><iframe style=\"border: none; overflow: hidden;\" src=\"https:\/\/www.facebook.com\/plugins\/video.php?height=316&amp;href=https%3A%2F%2Fwww.facebook.com%2FDeputeThibaultBAZIN%2Fvideos%2F749716832466064%2F&amp;show_text=false&amp;width=560&amp;t=0\" scrolling=\"no\" allowfullscreen=\"allowfullscreen\" width=\"560\" height=\"316\" frameborder=\"0\"><\/iframe><\/p>\n\n\n\n<p><span style=\"font-family: arial, helvetica, sans-serif;\"><span style=\"text-decoration: underline;\">Commission du d\u00e9veloppement durable &#8211; budget pour la coh\u00e9sion des territoires<\/span> :<\/span><\/p>\n\n\n\n<p><iframe style=\"border: none; overflow: hidden;\" src=\"https:\/\/www.facebook.com\/plugins\/video.php?height=315&amp;href=https%3A%2F%2Fwww.facebook.com%2FDeputeThibaultBAZIN%2Fvideos%2F976695089389645%2F&amp;show_text=false&amp;width=560&amp;t=0\" scrolling=\"no\" allowfullscreen=\"allowfullscreen\" width=\"560\" height=\"315\" frameborder=\"0\"><\/iframe><\/p>\n\n\n\n<p><span style=\"font-family: arial, helvetica, sans-serif;\"><span style=\"text-decoration: underline;\">Commission de l&rsquo;\u00e9ducation &#8211; intervention contre l&rsquo;\u00e9cole obligatoire d\u00e8s 3 ans<\/span> :<\/span><\/p>\n\n\n\n<p><iframe style=\"border: none; overflow: hidden;\" src=\"https:\/\/www.facebook.com\/plugins\/video.php?height=315&amp;href=https%3A%2F%2Fwww.facebook.com%2FDeputeThibaultBAZIN%2Fvideos%2F1013210698873605%2F&amp;show_text=false&amp;width=560&amp;t=0\" scrolling=\"no\" allowfullscreen=\"allowfullscreen\" width=\"560\" height=\"315\" frameborder=\"0\"><\/iframe><\/p>\n\n\n\n<p><span style=\"font-family: arial, helvetica, sans-serif;\"><span style=\"text-decoration: underline;\">Commission des lois &#8211; lutter contre les faux Mineurs Non-Accompagn\u00e9s (MNA)<\/span> :<\/span><\/p>\n\n\n\n<p><iframe style=\"border: none; overflow: hidden;\" src=\"https:\/\/www.facebook.com\/plugins\/video.php?height=314&amp;href=https%3A%2F%2Fwww.facebook.com%2FDeputeThibaultBAZIN%2Fvideos%2F385016921972012%2F&amp;show_text=false&amp;width=560&amp;t=0\" scrolling=\"no\" allowfullscreen=\"allowfullscreen\" width=\"560\" height=\"314\" frameborder=\"0\"><\/iframe><\/p>\n\n\n\n<p><span style=\"font-size: 18pt;\"><span style=\"font-family: impact, sans-serif;\"><span style=\"text-decoration: underline;\">Interventions au sein des commissions sp\u00e9ciales<\/span> :<\/span><\/span><\/p>\n\n\n\n<p><span style=\"font-family: arial, helvetica, sans-serif;\"><span style=\"text-decoration: underline;\">Commission sp\u00e9ciale charg\u00e9e d\u2019examiner le projet de loi sur les retraites<\/span> :<\/span><\/p>\n\n\n\n<p><iframe style=\"border: none; overflow: hidden;\" src=\"https:\/\/www.facebook.com\/plugins\/video.php?height=315&amp;href=https%3A%2F%2Fwww.facebook.com%2FDeputeThibaultBAZIN%2Fvideos%2F198718107991444%2F&amp;show_text=false&amp;width=560&amp;t=0\" scrolling=\"no\" allowfullscreen=\"allowfullscreen\" width=\"560\" height=\"315\" frameborder=\"0\"><\/iframe><\/p>\n\n\n\n<p><span style=\"text-decoration: underline; font-family: arial, helvetica, sans-serif;\">Commission sp\u00e9ciale charg\u00e9e d\u2019examiner le projet de loi retraites- les \u201cderniers\u201d au r\u00e9gime minier<\/span> :<\/p>\n\n\n\n<p><iframe style=\"border: none; overflow: hidden;\" src=\"https:\/\/www.facebook.com\/plugins\/video.php?height=315&amp;href=https%3A%2F%2Fwww.facebook.com%2FDeputeThibaultBAZIN%2Fvideos%2F177345196864522%2F&amp;show_text=false&amp;width=560&amp;t=0\" scrolling=\"no\" allowfullscreen=\"allowfullscreen\" width=\"560\" height=\"315\" frameborder=\"0\"><\/iframe><\/p>\n\n\n\n<p><span style=\"font-size: 18pt; font-family: impact, sans-serif;\"><span style=\"text-decoration: underline;\">Interventions au sein de la d\u00e9l\u00e9gation aux collectivit\u00e9s territoriales<\/span> :<\/span><\/p>\n\n\n\n<p><span style=\"text-decoration: underline; font-family: arial, helvetica, sans-serif;\">Combattre l&rsquo;injustice des dotations et l&rsquo;iniquit\u00e9 des valeurs locatives<\/span><span style=\"font-family: arial, helvetica, sans-serif;\"> :<\/span><\/p>\n\n\n\n<p><iframe style=\"border: none; overflow: hidden;\" src=\"https:\/\/www.facebook.com\/plugins\/video.php?height=314&amp;href=https%3A%2F%2Fwww.facebook.com%2FDeputeThibaultBAZIN%2Fvideos%2F385481775258860%2F&amp;show_text=false&amp;width=560&amp;t=0\" scrolling=\"no\" allowfullscreen=\"allowfullscreen\" width=\"560\" height=\"314\" frameborder=\"0\"><\/iframe><\/p>\n\n\n\n<p><span style=\"text-decoration: underline; font-family: arial, helvetica, sans-serif;\">Relayer le sentiment d\u2019abandon par l\u2019Etat de nombreux \u00e9lus locaux<\/span><span style=\"font-family: arial, helvetica, sans-serif;\"> :<\/span><\/p>\n\n\n\n<p><iframe style=\"border: none; overflow: hidden;\" src=\"https:\/\/www.facebook.com\/plugins\/video.php?height=314&amp;href=https%3A%2F%2Fwww.facebook.com%2FDeputeThibaultBAZIN%2Fvideos%2F358345247972513%2F&amp;show_text=false&amp;width=560&amp;t=0\" scrolling=\"no\" allowfullscreen=\"allowfullscreen\" width=\"560\" height=\"314\" frameborder=\"0\"><\/iframe><\/p>\n\n\n\n<p><span style=\"font-family: impact, sans-serif; font-size: 18pt;\"><span style=\"text-decoration: underline;\">Intervention au sein du comit\u00e9 d\u2019\u00e9valuation et de contr\u00f4le des politiques publiques<\/span> :<\/span><\/p>\n\n\n\n<p><span style=\"text-decoration: underline; font-family: arial, helvetica, sans-serif;\">Lutte contre la pauvret\u00e9 en temps de crise sanitaire<\/span> :<\/p>\n\n\n\n<p><iframe style=\"border: none; overflow: hidden;\" src=\"https:\/\/www.facebook.com\/plugins\/video.php?height=311&amp;href=https%3A%2F%2Fwww.facebook.com%2FDeputeThibaultBAZIN%2Fvideos%2F234347701636141%2F&amp;show_text=false&amp;width=560&amp;t=0\" scrolling=\"no\" allowfullscreen=\"allowfullscreen\" data-mce-fragment=\"1\" width=\"560\" height=\"311\" frameborder=\"0\"><\/iframe><\/p>\n\n\n\n<p><span style=\"text-decoration: underline; font-family: arial, helvetica, sans-serif;\">Intervention contre la limitation \u00e0 80 km\/h<\/span>&nbsp;:<\/p>\n\n\n\n<p><iframe style=\"border: none; overflow: hidden;\" src=\"https:\/\/www.facebook.com\/plugins\/video.php?height=314&amp;href=https%3A%2F%2Fwww.facebook.com%2FDeputeThibaultBAZIN%2Fvideos%2F422053014935069%2F&amp;show_text=false&amp;width=560&amp;t=0\" scrolling=\"no\" allowfullscreen=\"allowfullscreen\" width=\"560\" height=\"314\" frameborder=\"0\"><\/iframe><\/p>\n\n\n\n<p><span style=\"text-decoration: underline; font-family: arial, helvetica, sans-serif;\">Prot\u00e9ger les cheptels des attaques des loups<\/span><span style=\"font-family: arial, helvetica, sans-serif;\"> :<\/span><\/p>\n\n\n\n<p><iframe style=\"border: none; overflow: hidden;\" src=\"https:\/\/www.facebook.com\/plugins\/video.php?height=314&amp;href=https%3A%2F%2Fwww.facebook.com%2FDeputeThibaultBAZIN%2Fvideos%2F392163967923974%2F&amp;show_text=false&amp;width=560&amp;t=0\" scrolling=\"no\" allowfullscreen=\"allowfullscreen\" width=\"560\" height=\"314\" frameborder=\"0\"><\/iframe><\/p>\n\n\n\n<p><span style=\"text-decoration: underline; font-family: arial, helvetica, sans-serif;\">Questions aux experts sur la Cor\u00e9e du Nord<\/span><span style=\"font-family: arial, helvetica, sans-serif;\"> :<\/span><\/p>\n\n\n\n<p><iframe style=\"border: none; overflow: hidden;\" src=\"https:\/\/www.facebook.com\/plugins\/video.php?height=314&amp;href=https%3A%2F%2Fwww.facebook.com%2FDeputeThibaultBAZIN%2Fvideos%2F332881703852201%2F&amp;show_text=false&amp;width=560&amp;t=0\" scrolling=\"no\" allowfullscreen=\"allowfullscreen\" width=\"560\" height=\"314\" frameborder=\"0\"><\/iframe><\/p>\n\n\n\n<p><span style=\"font-family: impact, sans-serif; font-size: 24pt;\">Me contacter&nbsp;:<\/span><\/p>\n\n\n\n<p><span style=\"font-family: arial, helvetica, sans-serif;\">Si vous souhaitez r\u00e9agir aux sujets pour lesquels je suis mandat\u00e9, je vous invite \u00e0 prendre contact d\u00e8s maintenant sur la <a href=\"https:\/\/thibaultbazin.fr\/index.php\/2020\/01\/06\/me-contacter\/\">page d\u00e9di\u00e9e<\/a>.<\/span><\/p>\n","protected":false},"excerpt":{"rendered":"<p>Les interventions en commission du&nbsp;D\u00e9put\u00e9&nbsp;Thibault BAZIN Vous trouverez ci-apr\u00e8s une partie de mes interventions dans l&rsquo;h\u00e9micycle. Des d\u00e9fenses d&rsquo;amendement aux Questions d&rsquo;actualit\u00e9 au Gouvernement, la totalit\u00e9 de mes interventions sont disponibles dans la section vid\u00e9o de ma page Facebook.&nbsp; Interventions au sein des commissions de l\u2019Assembl\u00e9e l\u00e9gislature 2022-2027 : Commission des affaires sociales &#8211; D\u00e9bat&hellip; <br \/> <a class=\"button small blue\" href=\"https:\/\/thibaultbazin.fr\/index.php\/mes-interventions-en-commission\/\">Lire la suite<\/a><\/p>\n","protected":false},"author":2,"featured_media":0,"parent":0,"menu_order":0,"comment_status":"closed","ping_status":"closed","template":"","meta":[],"amp_enabled":true,"_links":{"self":[{"href":"https:\/\/thibaultbazin.fr\/index.php\/wp-json\/wp\/v2\/pages\/11269"}],"collection":[{"href":"https:\/\/thibaultbazin.fr\/index.php\/wp-json\/wp\/v2\/pages"}],"about":[{"href":"https:\/\/thibaultbazin.fr\/index.php\/wp-json\/wp\/v2\/types\/page"}],"author":[{"embeddable":true,"href":"https:\/\/thibaultbazin.fr\/index.php\/wp-json\/wp\/v2\/users\/2"}],"replies":[{"embeddable":true,"href":"https:\/\/thibaultbazin.fr\/index.php\/wp-json\/wp\/v2\/comments?post=11269"}],"version-history":[{"count":12,"href":"https:\/\/thibaultbazin.fr\/index.php\/wp-json\/wp\/v2\/pages\/11269\/revisions"}],"predecessor-version":[{"id":18774,"href":"https:\/\/thibaultbazin.fr\/index.php\/wp-json\/wp\/v2\/pages\/11269\/revisions\/18774"}],"wp:attachment":[{"href":"https:\/\/thibaultbazin.fr\/index.php\/wp-json\/wp\/v2\/media?parent=11269"}],"curies":[{"name":"wp","href":"https:\/\/api.w.org\/{rel}","templated":true}]}}