{"id":12,"date":"2017-02-02T06:51:37","date_gmt":"2017-02-02T05:51:37","guid":{"rendered":"http:\/\/thibaultbazin.fr\/?page_id=12"},"modified":"2023-05-09T10:56:56","modified_gmt":"2023-05-09T08:56:56","slug":"la-circonscription","status":"publish","type":"page","link":"https:\/\/thibaultbazin.fr\/index.php\/la-circonscription\/","title":{"rendered":"La 4\u00e8me circonscription de Meurthe-et-Moselle"},"content":{"rendered":"\n<p><\/p>\n\n\n\n<div style=\"height:45px\" aria-hidden=\"true\" class=\"wp-block-spacer\"><\/div>\n\n\n\n<p style=\"text-align: justify;\">En tant que d\u00e9put\u00e9, je consid\u00e8re ma circonscription comme ma priorit\u00e9 absolue et je suis fermement engag\u00e9 \u00e0 travailler pour le bien-\u00eatre de tous les citoyens et citoyennes de la r\u00e9gion.<\/p>\n<p style=\"text-align: justify;\">Mon objectif principal est d&rsquo;\u00eatre un repr\u00e9sentant efficace pour ma circonscription, en luttant pour les int\u00e9r\u00eats de tous les citoyens et en travaillant pour r\u00e9soudre les probl\u00e8mes locaux les plus urgents. Je suis profond\u00e9ment impliqu\u00e9 dans la communaut\u00e9 et je fais tout ce qui est en mon pouvoir pour m&rsquo;assurer que les besoins de mes \u00e9lecteurs sont entendus et satisfaits.<\/p>\n<p style=\"text-align: justify;\">J&rsquo;essaie d&rsquo;apporter des changements significatifs \u00e0 ma circonscription, en me concentrant sur des questions importantes telles que l&rsquo;\u00e9ducation, la sant\u00e9, l&#8217;emploi, le logement et l&rsquo;environnement. Je travaille en \u00e9troite collaboration avec les communaut\u00e9s locales, les organisations non gouvernementales et les entreprises pour trouver des solutions durables et pratiques aux probl\u00e8mes locaux de mes concitoyens. Je suis fier des r\u00e9alisations que nous avons accomplies ensemble, durant mon pr\u00e9c\u00e9dent mandat, mais \u00e9galement celui actuel.<\/p>\n<p style=\"text-align: justify;\">Vous pouvez retrouver dans cet onglet toutes les publications relatives \u00e0 mes actions au sein de ma circonscription.<\/p>\n\n\n\n<div style=\"height:60px\" aria-hidden=\"true\" class=\"wp-block-spacer\"><\/div>\n\n\n\n<hr class=\"wp-block-separator has-alpha-channel-opacity\"\/>\n\n\n\n<p><\/p>\n\n\n\n<div style=\"height:52px\" aria-hidden=\"true\" class=\"wp-block-spacer\"><\/div>\n\n\n\n<p><strong><span style=\"font-size: 14pt;\">La 4e&nbsp;circonscription de Meurthe-et-Moselle en quelques chiffres&nbsp;:<\/span><\/strong><\/p>\n\n\n\n<p><strong><span style=\"font-size: 14pt;\">130 167 habitants<\/span><\/strong><\/p>\n\n\n\n<p><strong><span style=\"font-size: 14pt;\">190 communes<\/span><\/strong><\/p>\n\n\n\n<p><strong><span style=\"font-size: 14pt;\">Il s\u2019agit de la circonscription du d\u00e9partement qui compte le plus grand nombre de communes.<\/span><\/strong><\/p>\n\n\n<div class=\"wp-block-image\">\n<figure class=\"aligncenter\"><a href=\"https:\/\/thibaultbazin.fr\/wp-content\/uploads\/2017\/02\/photo-11-delimitation-circonscription-2.jpg\"><img fetchpriority=\"high\" decoding=\"async\" width=\"963\" height=\"532\" src=\"https:\/\/thibaultbazin.fr\/wp-content\/uploads\/2017\/02\/photo-11-delimitation-circonscription-2.jpg\" alt=\"\" class=\"wp-image-170\" srcset=\"https:\/\/thibaultbazin.fr\/wp-content\/uploads\/2017\/02\/photo-11-delimitation-circonscription-2.jpg 963w, https:\/\/thibaultbazin.fr\/wp-content\/uploads\/2017\/02\/photo-11-delimitation-circonscription-2-300x166.jpg 300w, https:\/\/thibaultbazin.fr\/wp-content\/uploads\/2017\/02\/photo-11-delimitation-circonscription-2-768x424.jpg 768w\" sizes=\"(max-width: 963px) 100vw, 963px\" \/><\/a><\/figure><\/div>","protected":false},"excerpt":{"rendered":"<p>La 4e&nbsp;circonscription de Meurthe-et-Moselle en quelques chiffres&nbsp;: 130 167 habitants 190 communes Il s\u2019agit de la circonscription du d\u00e9partement qui compte le plus grand nombre de communes.<\/p>\n","protected":false},"author":2,"featured_media":0,"parent":0,"menu_order":0,"comment_status":"closed","ping_status":"closed","template":"","meta":[],"amp_enabled":true,"_links":{"self":[{"href":"https:\/\/thibaultbazin.fr\/index.php\/wp-json\/wp\/v2\/pages\/12"}],"collection":[{"href":"https:\/\/thibaultbazin.fr\/index.php\/wp-json\/wp\/v2\/pages"}],"about":[{"href":"https:\/\/thibaultbazin.fr\/index.php\/wp-json\/wp\/v2\/types\/page"}],"author":[{"embeddable":true,"href":"https:\/\/thibaultbazin.fr\/index.php\/wp-json\/wp\/v2\/users\/2"}],"replies":[{"embeddable":true,"href":"https:\/\/thibaultbazin.fr\/index.php\/wp-json\/wp\/v2\/comments?post=12"}],"version-history":[{"count":19,"href":"https:\/\/thibaultbazin.fr\/index.php\/wp-json\/wp\/v2\/pages\/12\/revisions"}],"predecessor-version":[{"id":20960,"href":"https:\/\/thibaultbazin.fr\/index.php\/wp-json\/wp\/v2\/pages\/12\/revisions\/20960"}],"wp:attachment":[{"href":"https:\/\/thibaultbazin.fr\/index.php\/wp-json\/wp\/v2\/media?parent=12"}],"curies":[{"name":"wp","href":"https:\/\/api.w.org\/{rel}","templated":true}]}}