{"id":1404,"date":"2018-01-16T12:52:16","date_gmt":"2018-01-16T11:52:16","guid":{"rendered":"http:\/\/thibaultbazin.fr\/?page_id=1404"},"modified":"2023-03-30T12:20:21","modified_gmt":"2023-03-30T10:20:21","slug":"presentation","status":"publish","type":"page","link":"https:\/\/thibaultbazin.fr\/index.php\/presentation\/","title":{"rendered":"Pr\u00e9sentation"},"content":{"rendered":"\n\n\n<figure class=\"wp-block-table\"><table><tbody><tr><td class=\"has-text-align-center\" data-align=\"center\"><a href=\"https:\/\/thibaultbazin.fr\/index.php\/lequipe\/thibault-bazin-depute\/\"><strong>Thibault BAZIN, D\u00e9put\u00e9<\/strong><\/a><\/td><td class=\"has-text-align-center\" data-align=\"center\"><a href=\"https:\/\/thibaultbazin.fr\/index.php\/valerie-payeur-suppleante\/\"><strong>Val\u00e9rie PAYEUR, Suppl\u00e9ante<\/strong><\/a><\/td><td class=\"has-text-align-center\" data-align=\"center\"><a href=\"https:\/\/thibaultbazin.fr\/index.php\/mon-equipe-parlementaire\/\"><strong>Mon \u00e9quipe parlementaire<\/strong><\/a><\/td><td class=\"has-text-align-center\" data-align=\"center\"><a href=\"https:\/\/thibaultbazin.fr\/index.php\/la-circonscription\/\"><strong>La circonscription<\/strong><\/a><\/td><\/tr><tr><td class=\"has-text-align-center\" data-align=\"center\"><a href=\"https:\/\/thibaultbazin.fr\/index.php\/lequipe\/thibault-bazin-depute\/\"><img fetchpriority=\"high\" decoding=\"async\" width=\"300\" height=\"200\" src=\"https:\/\/thibaultbazin.fr\/wp-content\/uploads\/2022\/06\/AN_258499-300x200.jpg\" alt=\"\"><\/a><\/td><td class=\"has-text-align-center\" data-align=\"center\"><a href=\"https:\/\/thibaultbazin.fr\/index.php\/valerie-payeur-suppleante\/\"><img decoding=\"async\" width=\"300\" height=\"285\" src=\"https:\/\/thibaultbazin.fr\/wp-content\/uploads\/2022\/06\/Val\u00e9rie-01_4Y0A0982-300x285.jpg\" alt=\"\"><\/a><\/td><td class=\"has-text-align-center\" data-align=\"center\"><a rel=\"noreferrer noopener\" href=\"https:\/\/thibaultbazin.fr\/index.php\/mon-equipe-parlementaire\/\" target=\"_blank\"><img decoding=\"async\" width=\"230\" height=\"345\" src=\"https:\/\/thibaultbazin.fr\/wp-content\/uploads\/2017\/03\/photo-permanence-e1516113509557.jpg\" alt=\"\"><\/a><\/td><td class=\"has-text-align-center\" data-align=\"center\"><a rel=\"noreferrer noopener\" href=\"https:\/\/thibaultbazin.fr\/index.php\/la-circonscription\/\" target=\"_blank\"><img loading=\"lazy\" decoding=\"async\" width=\"230\" height=\"345\" src=\"https:\/\/thibaultbazin.fr\/wp-content\/uploads\/2017\/03\/photo-circo-2.jpg\" alt=\"\"><\/a><\/td><\/tr><\/tbody><\/table><\/figure>\n","protected":false},"excerpt":{"rendered":"<p>Thibault BAZIN, D\u00e9put\u00e9 Val\u00e9rie PAYEUR, Suppl\u00e9ante Mon \u00e9quipe parlementaire La circonscription<\/p>\n","protected":false},"author":2,"featured_media":0,"parent":0,"menu_order":0,"comment_status":"closed","ping_status":"closed","template":"","meta":[],"amp_enabled":true,"_links":{"self":[{"href":"https:\/\/thibaultbazin.fr\/index.php\/wp-json\/wp\/v2\/pages\/1404"}],"collection":[{"href":"https:\/\/thibaultbazin.fr\/index.php\/wp-json\/wp\/v2\/pages"}],"about":[{"href":"https:\/\/thibaultbazin.fr\/index.php\/wp-json\/wp\/v2\/types\/page"}],"author":[{"embeddable":true,"href":"https:\/\/thibaultbazin.fr\/index.php\/wp-json\/wp\/v2\/users\/2"}],"replies":[{"embeddable":true,"href":"https:\/\/thibaultbazin.fr\/index.php\/wp-json\/wp\/v2\/comments?post=1404"}],"version-history":[{"count":20,"href":"https:\/\/thibaultbazin.fr\/index.php\/wp-json\/wp\/v2\/pages\/1404\/revisions"}],"predecessor-version":[{"id":20018,"href":"https:\/\/thibaultbazin.fr\/index.php\/wp-json\/wp\/v2\/pages\/1404\/revisions\/20018"}],"wp:attachment":[{"href":"https:\/\/thibaultbazin.fr\/index.php\/wp-json\/wp\/v2\/media?parent=1404"}],"curies":[{"name":"wp","href":"https:\/\/api.w.org\/{rel}","templated":true}]}}