{"id":14289,"date":"2022-04-20T22:08:53","date_gmt":"2022-04-20T20:08:53","guid":{"rendered":"http:\/\/thibaultbazin.fr\/?page_id=14289"},"modified":"2022-06-03T21:01:55","modified_gmt":"2022-06-03T19:01:55","slug":"agenda-de-campagne-2","status":"publish","type":"page","link":"https:\/\/thibaultbazin.fr\/index.php\/agenda-de-campagne-2\/","title":{"rendered":"Agenda de campagne"},"content":{"rendered":"<p style=\"text-align: justify;\">D\u2019ici le 1er tour, je proposerai une rencontre dans chacune des 190 communes de la circonscription.<\/p>\n<p style=\"text-align: justify;\"><strong>Semaine du 7 juin au 10 juin 2022 :<\/strong><\/p>\n<p style=\"text-align: justify;\">Mardi 07 Juin 2022 :<\/p>\n<p style=\"text-align: justify;\">&#8211; 16h00 \u2013 VILLE EN VERMOIS \u2013 Salle de r\u00e9union &#8211; Mairie<br \/>\n&#8211; 17h00 \u2013 LUPCOURT \u2013 Salle des F\u00eates<br \/>\n&#8211; 18h00 \u2013 FLEVILLE DEVANT NANCY \u2013 Petite salle de la salle des F\u00eates<br \/>\n&#8211; 19h00 \u2013 LANEUVEVILLE DEVANT NANCY \u2013 Salle des F\u00eates<\/p>\n<p style=\"text-align: justify;\">Mercredi 08 Juin 2022 :<\/p>\n<p style=\"text-align: justify;\">&#8211; 14h00 \u2013 DENEUVRE \u2013 Salle Mairie<br \/>\n&#8211; 15h00 \u2013 LACHAPELLE \u2013 Salle Mairie<br \/>\n&#8211; 16h00 \u2013 THIAVILLE SUR MEURTHE \u2013 Salle Charles Poirel (au-dessus de la Mairie)<br \/>\n&#8211; 17h00 \u2013 BERTRICHAMPS \u2013 Local associatif du Fourreux<br \/>\n&#8211; 18h00 \u2013 BACCARAT \u2013 Salle des F\u00eates<\/p>\n<p style=\"text-align: justify;\">Jeudi 09 Juin 2022 :<\/p>\n<p style=\"text-align: justify;\">&#8211; 14h00 \u2013 THIEBAUMENIL \u2013 Salle Polyvalente (situ\u00e9e sur la RD 400)<br \/>\n&#8211; 15h00 \u2013 MARAINVILLER \u2013 Salle Mairie<br \/>\n&#8211; 16h00 \u2013 CROISMARE \u2013 Salle R\u00e9union \u2013 Mairie<br \/>\n&#8211; 17h00 \u2013 JOLIVET \u2013 Salle Polyvalente<br \/>\n&#8211; 18h00 \u2013 CHANTEHEUX \u2013 Salle du Ch\u00e2teau<br \/>\n&#8211; 19h00 \u2013 LUNEVILLE \u2013 Salon des Halles<\/p>\n<p style=\"text-align: justify;\">Vendredi 10 Juin 2022 :<\/p>\n<p style=\"text-align: justify;\">&#8211; 15h00 \u2013 COURBESSEAUX \u2013 Salle communale<br \/>\n&#8211; 16h00 \u2013 GELLENONCOURT \u2013 Salle communale \u00bb<br \/>\n&#8211; 17h00 \u2013 HARAUCOURT \u2013 RDV devant la mairie<br \/>\n&#8211; 18h00 \u2013 VARANGEVILLE \u2013 Salle Iris au Cargo (Rue Jean Jaur\u00e8s)<br \/>\n&#8211; 19h00 \u2013 DOMBASLE SUR MEURTHE \u2013 Annexe L\u00e9omont (\u00e0 c\u00f4t\u00e9 de la salle polyvalente)<\/p>\n<p style=\"text-align: justify;\"><strong>Semaine du 30 mai au 3 juin 2022 :<\/strong><\/p>\n<p style=\"text-align: justify;\"><span class=\"s12\">Lundi <\/span><span class=\"s12\">30<\/span><span class=\"s12\"> mai<\/span> <span class=\"s12\">2022<\/span><span class=\"s9\"> :<\/span><\/p>\n<div class=\"s15\" style=\"text-align: justify;\"><span class=\"s13\">&#8211; <\/span><span class=\"s9\">16h00 <\/span><span class=\"s9\">\u2013<\/span> <span class=\"s14\">BUISSONCOURT<\/span> <span class=\"s9\">\u2013<\/span> <span class=\"s9\">Salle<\/span><span class=\"s9\"> Mairie <\/span><\/div>\n<div class=\"s15\" style=\"text-align: justify;\"><span class=\"s13\">&#8211; <\/span><span class=\"s9\">1<\/span><span class=\"s9\">7<\/span><span class=\"s9\">H00<\/span> <span class=\"s9\">\u2013<\/span> <span class=\"s14\">LENONCOURT<\/span> <span class=\"s9\">\u2013<\/span> <span class=\"s9\">Salle<\/span> <span class=\"s9\">du conseil<\/span><span class=\"s9\"> Mairie<\/span><\/div>\n<div class=\"s15\" style=\"text-align: justify;\"><span class=\"s13\">&#8211; <\/span><span class=\"s9\">1<\/span><span class=\"s9\">8<\/span><span class=\"s9\">h00<\/span> <span class=\"s9\">\u2013<\/span> <span class=\"s14\">A<\/span><span class=\"s14\">RT SUR MEURTHE<\/span> <span class=\"s9\">\u2013<\/span> <span class=\"s9\">Salle<\/span><span class=\"s9\"> de la maison des quartiers<\/span><\/div>\n<div class=\"s15\" style=\"text-align: justify;\"><span class=\"s13\">&#8211; <\/span><span class=\"s9\">19h00 <\/span><span class=\"s9\">\u2013<\/span> <span class=\"s14\">TO<\/span><span class=\"s14\">MBLA<\/span><span class=\"s14\">INE<\/span> <span class=\"s9\">\u2013<\/span><span class=\"s9\"> Salle <\/span><span class=\"s9\">St<\/span><span class=\"s9\">\u00e9phane Hessel <\/span><span class=\"s9\">\u2013<\/span><span class=\"s9\"> Boulevard <\/span><span class=\"s9\">Henri Barbu<\/span><span class=\"s9\">sse<\/span><\/div>\n<p style=\"text-align: justify;\"><span class=\"s14\">Mar<\/span><span class=\"s14\">di <\/span><span class=\"s14\">31<\/span><span class=\"s14\"> mai<\/span><span class=\"s14\"> 2<\/span><span class=\"s14\">022<\/span><span class=\"s9\">\u00a0<\/span><span class=\"s9\">:<\/span><\/p>\n<div class=\"s15\" style=\"text-align: justify;\"><span class=\"s13\">&#8211; <\/span><span class=\"s9\">14h00 <\/span><span class=\"s9\">\u2013<\/span> <span class=\"s14\">MATTEXEY<\/span> <span class=\"s9\">\u2013<\/span><span class=\"s9\"> Sa<\/span><span class=\"s9\">lle <\/span><span class=\"s9\">Mairie<\/span><\/div>\n<div class=\"s15\" style=\"text-align: justify;\"><span class=\"s13\">&#8211; <\/span><span class=\"s9\">15h00 <\/span><span class=\"s9\">\u2013<\/span> <span class=\"s14\">MAGNIERES<\/span> <span class=\"s9\">\u2013<\/span> <span class=\"s9\">Maison pour t<\/span><span class=\"s9\">ous<\/span><\/div>\n<div class=\"s15\" style=\"text-align: justify;\"><span class=\"s13\">&#8211; <\/span><span class=\"s9\">16h00 <\/span><span class=\"s9\">\u2013<\/span> <span class=\"s14\">VALLOIS<\/span> <span class=\"s9\">\u2013<\/span> <span class=\"s9\">Ancienne salle de classe<\/span><\/div>\n<div class=\"s15\" style=\"text-align: justify;\"><span class=\"s13\">&#8211; <\/span><span class=\"s9\">1<\/span><span class=\"s9\">7<\/span><span class=\"s9\">h00<\/span> <span class=\"s9\">\u2013<\/span> <span class=\"s14\">MO<\/span><span class=\"s14\">YEN<\/span> <span class=\"s9\">\u2013<\/span><span class=\"s9\"> Salle <\/span><span class=\"s9\">communale<\/span><\/div>\n<div class=\"s15\" style=\"text-align: justify;\"><span class=\"s13\">&#8211; <\/span><span class=\"s9\">18h00<\/span> <span class=\"s9\">\u2013<\/span> <span class=\"s14\">GERBEVILLER<\/span> <span class=\"s14\">\u2013<\/span> <span class=\"s9\">Salle des F\u00ea<\/span><span class=\"s9\">tes<\/span><\/div>\n<p style=\"text-align: justify;\"><span class=\"s14\">Mercr<\/span><span class=\"s14\">edi <\/span><span class=\"s14\">1<\/span><span class=\"s17\">er<\/span><span class=\"s14\"> Juin<\/span><span class=\"s14\"> 202<\/span><span class=\"s14\">2<\/span><span class=\"s9\">\u00a0<\/span><span class=\"s9\">:<\/span><\/p>\n<div class=\"s15\" style=\"text-align: justify;\"><span class=\"s13\">&#8211; <\/span><span class=\"s9\">14h00 <\/span><span class=\"s9\">\u2013<\/span> <span class=\"s14\">BARBAS<\/span> <span class=\"s9\">\u2013<\/span><span class=\"s9\"> Salle <\/span><span class=\"s9\">Mairie<\/span><\/div>\n<div class=\"s15\" style=\"text-align: justify;\"><span class=\"s13\">&#8211; <\/span><span class=\"s9\">15h00 <\/span><span class=\"s9\">\u2013<\/span> <span class=\"s14\">HARBOU<\/span><span class=\"s14\">EY<\/span> <span class=\"s9\">\u2013<\/span> <span class=\"s9\">Salle <\/span><span class=\"s9\">Mairie<\/span><\/div>\n<div style=\"text-align: justify;\">\n<div class=\"s15\"><span class=\"s13\">&#8211; <\/span><span class=\"s9\">16h00 <\/span><span class=\"s9\">\u2013<\/span> <span class=\"s14\">NONHIGNY<\/span> <span class=\"s9\">\u2013<\/span><span class=\"s9\"> Salle <\/span><span class=\"s9\">Communale<\/span><\/div>\n<div class=\"s15\"><span class=\"s13\">&#8211; <\/span><span class=\"s9\">17h00 <\/span><span class=\"s9\">\u2013<\/span> <span class=\"s14\">MO<\/span><span class=\"s14\">NT<\/span><span class=\"s14\">R<\/span><span class=\"s14\">EUX<\/span> <span class=\"s9\">\u2013<\/span><span class=\"s9\"> Salle<\/span> <span class=\"s9\">Mairie<\/span><\/div>\n<div class=\"s15\"><span class=\"s13\">&#8211; <\/span><span class=\"s9\">18h00 <\/span><span class=\"s9\">\u2013<\/span> <span class=\"s14\">BADONVILLER<\/span> <span class=\"s9\">\u2013<\/span> <span class=\"s9\">Espace Mansuy<\/span><\/div>\n<p><span class=\"s14\">Jeudi 02 Juin 2022<\/span><span class=\"s14\">\u00a0<\/span><span class=\"s14\">:<\/span><\/p>\n<div class=\"s15\"><span class=\"s13\">&#8211; <\/span><span class=\"s9\">14h00 <\/span><span class=\"s9\">\u2013<\/span> <span class=\"s14\">SAFFAIS<\/span> <span class=\"s9\">\u2013<\/span><span class=\"s9\"> Salle <\/span><span class=\"s9\">du Conseil <\/span><span class=\"s9\">\u2013<\/span><span class=\"s9\"> Mairie<\/span><\/div>\n<div class=\"s15\"><span class=\"s13\">&#8211; <\/span><span class=\"s9\">15h00 <\/span><span class=\"s9\">\u2013<\/span> <span class=\"s14\">FERRIERES<\/span> <span class=\"s9\">\u2013<\/span><span class=\"s9\"> Salle <\/span><span class=\"s9\">Mairie<\/span><\/div>\n<div class=\"s15\"><span class=\"s13\">&#8211; <\/span><span class=\"s9\">16h00<\/span> <span class=\"s9\">\u2013<\/span> <span class=\"s14\">TONNOY<\/span> <span class=\"s9\">\u2013<\/span><span class=\"s9\"> Salle <\/span><span class=\"s9\">du Conseil <\/span><span class=\"s9\">\u2013<\/span><span class=\"s9\"> Mairie<\/span><\/div>\n<div class=\"s15\"><span class=\"s13\">&#8211; <\/span><span class=\"s9\">1<\/span><span class=\"s9\">8<\/span><span class=\"s9\">h00 <\/span><span class=\"s9\">\u2013<\/span> <span class=\"s14\">COYVILLER<\/span> <span class=\"s9\">\u2013<\/span> <span class=\"s9\">Salle <\/span><span class=\"s9\">Mairie<\/span><\/div>\n<div class=\"s15\"><span class=\"s13\">&#8211; <\/span><span class=\"s9\">19h00 <\/span><span class=\"s9\">\u2013<\/span> <span class=\"s14\">SAINT <\/span><span class=\"s14\">NICOLAS DE PORT<\/span> <span class=\"s9\">\u2013<\/span><span class=\"s9\"> Salle <\/span><span class=\"s9\">du Co<\/span><span class=\"s9\">nsei<\/span><span class=\"s9\">l <\/span><span class=\"s9\">\u2013<\/span><span class=\"s9\"> Mairie <\/span><\/div>\n<p><span class=\"s14\">Vendre<\/span><span class=\"s14\">di <\/span><span class=\"s14\">03 Juin<\/span> <span class=\"s14\">2022<\/span><span class=\"s9\">\u00a0<\/span><span class=\"s9\">:<\/span><\/p>\n<div class=\"s15\"><span class=\"s13\">&#8211; <\/span><span class=\"s9\">1<\/span><span class=\"s9\">4<\/span><span class=\"s9\">h00 <\/span><span class=\"s9\">\u2013<\/span> <span class=\"s14\">LOREY<\/span> <span class=\"s9\">\u2013<\/span><span class=\"s9\"> Sal<\/span><span class=\"s9\">le <\/span><span class=\"s9\">Mairie<\/span><\/div>\n<div class=\"s15\"><span class=\"s13\">&#8211; <\/span><span class=\"s9\">1<\/span><span class=\"s9\">5<\/span><span class=\"s9\">h00 <\/span><span class=\"s9\">\u2013<\/span> <span class=\"s14\">SAINT MARD<\/span> <span class=\"s9\">\u2013<\/span> <span class=\"s9\">S<\/span><span class=\"s9\">alle <\/span><span class=\"s9\">socio-culturelle<\/span><\/div>\n<div class=\"s15\"><span class=\"s13\">&#8211; <\/span><span class=\"s9\">1<\/span><span class=\"s9\">6<\/span><span class=\"s9\">h00 <\/span><span class=\"s9\">\u2013<\/span> <span class=\"s14\">DOMPTAIL EN L<\/span><span class=\"s14\">\u2019<\/span><span class=\"s14\">AIR<\/span> <span class=\"s9\">\u2013<\/span> <span class=\"s9\">Salle Mairie<\/span><\/div>\n<div class=\"s15\"><span class=\"s13\">&#8211; <\/span><span class=\"s9\">17h00 <\/span><span class=\"s9\">\u2013<\/span> <span class=\"s14\">VELLE SUR MOSELLE<\/span> <span class=\"s9\">\u2013<\/span><span class=\"s9\"> Sall<\/span><span class=\"s9\">e <\/span><span class=\"s9\">communale<\/span><\/div>\n<div class=\"s15\"><span class=\"s13\">&#8211; <\/span><span class=\"s9\">1<\/span><span class=\"s9\">8<\/span><span class=\"s9\">h00 <\/span><span class=\"s9\">\u2013<\/span> <span class=\"s14\">FLAVIGNY SUR MOSELLE<\/span> <span class=\"s9\">\u2013<\/span> <span class=\"s9\">Salle<\/span> <span class=\"s9\">du conseil municipal <\/span><span class=\"s9\">\u2013<\/span><span class=\"s9\"> Mairie<\/span><\/div>\n<div class=\"s15\"><span class=\"s13\">&#8211; <\/span><span class=\"s9\">19h00 <\/span><span class=\"s9\">\u2013<\/span> <span class=\"s14\">RICHARDMENIL<\/span> <span class=\"s9\">\u2013<\/span><span class=\"s9\"> Sa<\/span><span class=\"s9\">lle Mairie<\/span><\/div>\n<\/div>\n<p><strong>Semaine du 23 mai au 27 mai 2022 :<\/strong><\/p>\n<p>Lundi 23 mai 2022 :<\/p>\n<p>&#8211; 09h30 \u2013 CLAYEURES \u2013 Salle communale<br \/>\n&#8211; 10h30 \u2013 LANDECOURT \u2013 Salle Bencelin<br \/>\n&#8211; 11h30 \u2013 EINVAUX \u2013 Salle polyvalente<br \/>\n&#8211; 14h00 \u2013 HAIGNEVILLE \u2013 Salle Mairie<br \/>\n&#8211; 15H00 \u2013 BREMONCOURT \u2013 Salle Mairie<br \/>\n&#8211; 16h00 \u2013 MEHONCOURT \u2013 Salle Mairie<br \/>\n&#8211; 17H00 \u2013 CHARMOIS \u2013 Salle Mairie<br \/>\n&#8211; 18h00 \u2013 BLAINVILLE SUR L\u2019EAU \u2013 Salle Cabu (situ\u00e9e Cours Jean Jaur\u00e8s au niveau des \u00e9coles Jaur\u00e8s et Ferry)<\/p>\n<p>Mardi 24 mai 2022 :<\/p>\n<p>&#8211; 14h00 \u2013 BORVILLE \u2013 Salle Mairie<br \/>\n&#8211; 15h00 \u2013 FROVILLE \u2013 Salle communale<br \/>\n&#8211; 16h00 \u2013 VILLACOURT \u2013 Salle Mairie<br \/>\n&#8211; 17h00 \u2013 VIRECOURT \u2013 Salle Mairie<br \/>\n&#8211; 18h00 \u2013 DAMELEVIERES \u2013 Salle Mariage &#8211; Ancienne Mairie<\/p>\n<p>Mercredi 25 mai 2022 :<\/p>\n<p>&#8211; 09h00 \u2013 AVRICOURT \u2013 Salle Mairie<br \/>\n&#8211; 10h00 \u2013 IGNEY \u2013 Salle Mairie<br \/>\n&#8211; 11H00 \u2013 REPAIX \u2013 Salle Mairie<br \/>\n&#8211; 14h00 \u2013 GOGNEY \u2013 Salle Mairie<br \/>\n&#8211; 15h00 \u2013 FREMONVILLE \u2013 Salle communale<br \/>\n&#8211; 16h00 \u2013 TANCONVILLE \u2013 Salle polyvalente<br \/>\n&#8211; 17h00 \u2013 BERTRAMBOIS \u2013 Salle du conseil municipal \u2013 Mairie<br \/>\n&#8211; 18h00 \u2013 CIREY SUR VEZOUZE \u2013 Salle du conseil municipal \u2013 Mairie<\/p>\n<p>Vendredi 27 mai 2022 :<\/p>\n<p>&#8211; 10h00 \u2013 AZELOT \u2013 Salle Mairie<br \/>\n&#8211; 11h00 \u2013 MANONCOURT EN VERMOIS \u2013 Salle Mairie<br \/>\n&#8211; 14h00 \u2013 HAUSSONVILLE \u2013 Salle du conseil Mairie<br \/>\n&#8211; 15h00 \u2013 ROMAIN \u2013 Salle Communale<br \/>\n&#8211; 16h00 \u2013 BARBVONVILLE \u2013 Salle Mairie<br \/>\n&#8211; 17h00 \u2013 VIGNEULLES \u2013 Salle du Pressoir Place de la Vieille Eglise<br \/>\n&#8211; 18h00 \u2013 ROSIERES AUX SALINES \u2013 Salle polyvalente<\/p>\n<p style=\"text-align: justify;\"><strong>Semaine du 16 au 20 mai 2022 :<\/strong><\/p>\n<p style=\"text-align: justify;\">Lundi 16 mai 2022 :<\/p>\n<p style=\"text-align: justify;\">&#8211; 14h00 \u2013 MORIVILLER \u2013 Salle Mairie<br \/>\n&#8211; 16H00 \u2013 LAMATH \u2013 Ancienne salle d\u2019Ecole<br \/>\n&#8211; 17h00 \u2013 XERMAMENIL \u2013 Salle Mairie<br \/>\n&#8211; 18h00 \u2013 MONT SUR MEURTHE \u2013 Foyer, 2 Rue des Ecoles<\/p>\n<p style=\"text-align: justify;\">Mardi 17 mai 2022 :<\/p>\n<p style=\"text-align: justify;\">&#8211; 17h00 \u2013 REHAINVILLER \u2013 Salle R\u00e9union, rue d\u2019Adom\u00e9nil<br \/>\n&#8211; 18h00 \u2013 HERIMENIL \u2013 Salle du Conseil &#8211; Mairie<\/p>\n<p style=\"text-align: justify;\">Mercredi 18 mai 2022 :<\/p>\n<p style=\"text-align: justify;\">&#8211; 09h00 \u2013 REMONCOURT \u2013 Salle Mairie<br \/>\n&#8211; 10h00 \u2013 AMENONCOURT \u2013 Salle du conseil &#8211; Mairie<br \/>\n&#8211; 11H00 \u2013 AUTREPIERRE \u2013 Salle de l\u2019Ancienne Ecole<br \/>\n&#8211; 14h00 \u2013 REILLON \u2013 Salle Communale<br \/>\n&#8211; 15h00 \u2013 GONDREXON \u2013 RDV devant la mairie<br \/>\n&#8211; 17h00 \u2013 VERDENAL \u2013 Salle Mairie<br \/>\n&#8211; 18h00 \u2013 BLAMONT \u2013 Salle Rez-de-Chauss\u00e9e \u2013 Mairie<br \/>\n&#8211; 19h00 \u2013 CHAZELLES SUR ALBE &#8211; Salle Mairie<\/p>\n<p style=\"text-align: justify;\">Jeudi 19 mai 2022 :<\/p>\n<p style=\"text-align: justify;\">&#8211; 14h00 \u2013 VITRIMONT \u2013 Salle des F\u00eates<br \/>\n&#8211; 15h00 \u2013 ANTHELUPT \u2013 Salle du conseil &#8211; Mairie<br \/>\n&#8211; 16H00 \u2013 HUDIVILLER \u2013 Salle Mairie<br \/>\n&#8211; 17h00 \u2013 FLAINVAL \u2013 Salle communale<br \/>\n&#8211; 18h00 \u2013 SOMMERVILLER \u2013 Salle du Conseil &#8211; Mairie<\/p>\n<p style=\"text-align: justify;\">Vendredi 20 mai 2022 :<\/p>\n<p style=\"text-align: justify;\">&#8211; 08h30 \u2013 BROUVILLE \u2013 RDV devant la Mairie<br \/>\n&#8211; 09h30 \u2013 GELACOURT \u2013 Salle de F\u00eates<br \/>\n&#8211; 10h30 \u2013 GLONVILLE \u2013 Salle du conseil &#8211; Mairie<br \/>\n&#8211; 11h30 \u2013 FONTENOY LA JOUTE \u2013 Salle du conseil &#8211; Mairie<br \/>\n&#8211; 14h00 \u2013 VENEY \u2013 Salle communale<br \/>\n&#8211; 15h00 \u2013 VACQUEVILLE \u2013 Salle Mairie<br \/>\n&#8211; 16h00 \u2013 MERVILLER \u2013 RDV devant la mairie<br \/>\n&#8211; 18h00 \u2013 AZERAILLES \u2013 Salle du Foyer<\/p>\n<p style=\"text-align: justify;\"><strong>Semaine du 9 au 13 mai 2022 :<\/strong><\/p>\n<p style=\"text-align: justify;\">Lundi 09 mai 2022 :<\/p>\n<p style=\"text-align: justify;\">&#8211; 14h00 \u2013 SERANVILLE \u2013 Salle Mairie<br \/>\n&#8211; 15H00 \u2013 REMENOVILLE \u2013 Salle Mairie<br \/>\n&#8211; 16h00 \u2013 HAUDONVILLE \u2013 Salle Mairie<br \/>\n&#8211; 17h00 \u2013 FRAIMBOIS \u2013 Salle du Conseil Mairie<br \/>\n&#8211; 18h00 \u2013 MONCEL LES LUNEVILLE \u2013 Salle du Conseil Mairie<\/p>\n<p style=\"text-align: justify;\">Mardi 10 mai 2022 :<\/p>\n<p style=\"text-align: justify;\">&#8211; 14h00 \u2013 RAVILLE SUR SANON \u2013 Salle Mairie<br \/>\n&#8211; 15h00 \u2013 SIONVILLER \u2013 Salle Mairie<br \/>\n&#8211; 16h00 \u2013 CRION \u2013 Salle Communale<br \/>\n&#8211; 18h00 \u2013 BURES \u2013 Salle Communale<\/p>\n<p style=\"text-align: justify;\">Mercredi 11 mai 2022 :<\/p>\n<p style=\"text-align: justify;\">&#8211; 09h00 \u2013 NEUFMAISONS \u2013 Salle Mairie<br \/>\n&#8211; 10h00 \u2013 PEXONNE \u2013 Salle Mairie<br \/>\n&#8211; 11H00 \u2013 FENNEVILLER \u2013 Salle Mairie<br \/>\n&#8211; 14h00 \u2013 NEUVILLER LES BADONVILLER \u2013 Salle Mairie<br \/>\n&#8211; 15h00 \u2013 SAINT MAURICE AUX FORGES \u2013 Salle Mairie<br \/>\n&#8211; 16h00 \u2013 SAINTE POLE \u2013 Salle des F\u00eates<br \/>\n&#8211; 17h00 \u2013 MONTIGNY \u2013 Salle des F\u00eates<br \/>\n&#8211; 18h00 \u2013 REHERREY \u2013 Salle Communale<\/p>\n<p style=\"text-align: justify;\">Jeudi 12 mai 2022 :<\/p>\n<p style=\"text-align: justify;\">&#8211; 14h00 \u2013 BEZANGE LA GRANDE \u2013 Rendez-vous devant la mairie<br \/>\n&#8211; 15h00 \u2013 ATHIENVILLE \u2013 Salle du foyer rural<br \/>\n&#8211; 16H00 \u2013 BATHELEMONT \u2013 Salle communale<br \/>\n&#8211; 17h00 \u2013 BAUZEMONT \u2013 Salle communale<br \/>\n&#8211; 18h00 \u2013 EINVILLE AU JARD \u2013 Salle du Jard (en mairie)<\/p>\n<p style=\"text-align: justify;\">Vendredi 13 mai 2022 :<\/p>\n<p style=\"text-align: justify;\">&#8211; 09h00 \u2013 HALLOVILLE \u2013 Salle de la Maison pour Tous<br \/>\n&#8211; 10h00 \u2013 ANCERVILLER \u2013 Salle Mairie<br \/>\n&#8211; 11h00 \u2013 MIGNEVILLE \u2013 Salle Mairie<br \/>\n&#8211; 14H00 \u2013 LARONXE \u2013 Salle Polyvalente<br \/>\n&#8211; 15h00 \u2013 SAINT CLEMENT \u2013 Salle Mairie<br \/>\n&#8211; 16h00 \u2013 CHENEVIERES \u2013 Salle dessous la Mairie<br \/>\n&#8211; 18h00 \u2013 FLIN \u2013 Salle des F\u00eates<\/p>\n<p style=\"text-align: justify;\"><strong>Semaine du 2 au 7 mai 2022 :<\/strong><\/p>\n<p style=\"text-align: justify;\">Lundi 02 mai 2022 :<\/p>\n<p style=\"text-align: justify;\">&#8211; 15h30 \u2013 CERVILLE \u2013 Salle du Conseil Mairie<br \/>\n&#8211; 16h45 \u2013 ERBEVILLER SOUS AMEZULE \u2013 Salle R\u00e9union Rez-de-chauss\u00e9e Mairie<br \/>\n&#8211; 18h00 \u2013 REMEREVILLE \u2013 Salle Polyvalente<\/p>\n<p style=\"text-align: justify;\">Mardi 03 mai 2022 :<\/p>\n<p style=\"text-align: justify;\">&#8211; 15h00 \u2013 SAINT-BOINGT \u2013 Salle Mairie<br \/>\n&#8211; 16h00 \u2013 SAINT REMY AUX BOIS \u2013 Salle Mairie<br \/>\n&#8211; 17h00 \u2013 LOROMONTZEY \u2013 Salle Communale<br \/>\n&#8211; 18h00 \u2013 SAINT GERMAIN \u2013 Salle Mairie<br \/>\n&#8211; 18H45 \u2013 BAYON \u2013 Salle d\u2019Honneur Mairie<\/p>\n<p style=\"text-align: justify;\">Mercredi 04 mai 2022 :<\/p>\n<p style=\"text-align: justify;\">&#8211; 08h30 \u2013 MANONVILLER \u2013 Salle des F\u00eates<br \/>\n&#8211; 09h30 \u2013 DOMJEVIN \u2013 Salle Mairie<br \/>\n&#8211; 10h30 \u2013 FREMENIL \u2013 Salle Mairie<br \/>\n&#8211; 11h30 \u2013 OGEVILLER \u2013 Salle des F\u00eates<br \/>\n&#8211; 14h00 \u2013 BURIVILLE \u2013 Salle Mairie<br \/>\n&#8211; 15h00 \u2013 RECLONVILLE \u2013 Salle des F\u00eates<br \/>\n&#8211; 16h00 \u2013 PETTONVILLE \u2013 Salle Mairie<br \/>\n&#8211; 17h00 \u2013 HABLAINVILLE \u2013 Salle des F\u00eates<br \/>\n&#8211; 18h00 \u2013 VAXAINVILLE \u2013 Salle Mairie<br \/>\n&#8211; 19h00 \u2013 VATHIMENIL \u2013 Salle Communale<\/p>\n<p style=\"text-align: justify;\">Jeudi 05 mai 2022 :<\/p>\n<p style=\"text-align: justify;\">&#8211; 11h15 \u2013 DROUVILLE \u2013 Salle Mairie<br \/>\n&#8211; 14h00 \u2013 HOEVILLE \u2013 Salle Communale<br \/>\n&#8211; 15h00 \u2013 SERRES \u2013 Salle Mairie<br \/>\n&#8211; 16H00 \u2013 VALHEY \u2013 Ancienne salle de Classe Mairie<br \/>\n&#8211; 17h00 \u2013 MAIXE \u2013 Salle Polyvalente<br \/>\n&#8211; 18h00 \u2013 CREVIC \u2013 Salle des F\u00eates<\/p>\n<p style=\"text-align: justify;\">Vendredi 06 mai 2022 :<\/p>\n<p style=\"text-align: justify;\">&#8211; 13h00 \u2013 ESSEY LA COTE \u2013 Salle Polyvalente<br \/>\n&#8211; 14h00 \u2013 VENNEZEY \u2013 Salle Communale<br \/>\n&#8211; 15h00 \u2013 GIRIVILLER \u2013 Salle Mairie<br \/>\n&#8211; 16h00 \u2013 ROZELIEURES \u2013 Salle Mairie<\/p>\n<p style=\"text-align: justify;\">Samedi 07 mai 2022 :<\/p>\n<p style=\"text-align: justify;\">&#8211; 16h00 \u2013 BURTHECOURT AUX CHENES &#8211; Salle Mairie<\/p>\n<p style=\"text-align: justify;\"><strong>Semaine du 25 au 29 avril 2022 :<\/strong><\/p>\n<p style=\"text-align: justify;\">Lundi 25 avril 2022 :<\/p>\n<p style=\"text-align: justify;\">&#8211; 17h00 \u2013 SAINT SAUVEUR \u2013 Salle Polyvalente<\/p>\n<p style=\"text-align: justify;\">Mardi 26 avril 2022 :<\/p>\n<p style=\"text-align: justify;\">&#8211; 09h00 \u2013 RAON-L\u00c8S-LEAU \u2013 Salle Mairie<br \/>\n&#8211; 10h00 \u2013 BIONVILLE \u2013 Rendez-vous devant la Mairie<br \/>\n&#8211; 11h00 \u2013 PIERRE PERCEE \u2013 Salle Mairie<br \/>\n&#8211; 14h00 \u2013 PARUX \u2013 Salle Mairie<br \/>\n&#8211; 15h00 \u2013 BREMENIL \u2013 Salle Mairie<br \/>\n&#8211; 16h00 \u2013 ANGOMONT \u2013 Salle Mairie<br \/>\n&#8211; 17h00 \u2013 PETITMONT- Salle des F\u00eates<br \/>\n&#8211; 18h00 \u2013 VAL-ET-CHATILLON \u2013 Salle du Conseil Mairie<\/p>\n<p style=\"text-align: justify;\">Mercredi 27 avril 2022 :<\/p>\n<p style=\"text-align: justify;\">&#8211; 08h30 \u2013 VEHO \u2013 Salle Mairie<br \/>\n&#8211; 09h30 \u2013 LEINTREY \u2013 Salle des F\u00eates<br \/>\n&#8211; 10h30 \u2013 EMBERMENIL \u2013 Salle polyvalente<br \/>\n&#8211; 11h30 \u2013 LANEUVEVILLE-AUX-BOIS \u2013 Salle du Conseil<br \/>\n&#8211; 14h00 \u2013 DOMEVRE SUR VEZOUZE \u2013 Salle des F\u00eates<br \/>\n&#8211; 15h00 \u2013 HERBEVILLER \u2013 Salle Mairie<br \/>\n&#8211; 16h00 \u2013 SAINT MARTIN \u2013 Salle Mairie<br \/>\n&#8211; 17h00 \u2013 BLEMEREY \u2013 Salle Mairie<br \/>\n&#8211; 18h00 \u2013 BENAMENIL \u2013 Salle des F\u00eates<\/p>\n<p style=\"text-align: justify;\">Jeudi 28 avril 2022 :<\/p>\n<p style=\"text-align: justify;\">&#8211; 08h30 \u2013 XOUSSE \u2013 Salle Mairie<br \/>\n&#8211; 09h30 \u2013 VAUCOURT \u2013 Salle Communale<br \/>\n&#8211; 10h30 \u2013 MOUACOURT \u2013 Salle Mairie<br \/>\n&#8211; 11h30 \u2013 XURES \u2013 Salle Communale<br \/>\n&#8211; 14h00 \u2013 PARROY \u2013 Salle Mairie<br \/>\n&#8211; 15h00 \u2013 COINCOURT \u2013 Rendez-vous devant la mairie<br \/>\n&#8211; 16h00 \u2013 RECHICOURT-LA-PETITE \u2013 Rendez-vous devant la mairie<br \/>\n&#8211; 16h45 \u2013 JUVRECOURT \u2013 Rendez-vous devant la mairie<\/p>\n<p style=\"text-align: justify;\">Vendredi 29 avril 2022 :<\/p>\n<p style=\"text-align: justify;\">&#8211; 11h00 \u2013 FRANCONVILLE \u2013 Salle Mairie<br \/>\n&#8211; 13h00 \u2013 HENAMENIL \u2013 Salle Mairie<br \/>\n&#8211; 14h00 \u2013 BIENVILLE-LA-PETITE \u2013 Salle Mairie<br \/>\n&#8211; 15h00 \u2013 BONVILLER \u2013 Salle Communale<br \/>\n&#8211; 16h00 \u2013 DEUXVILLE \u2013 Salle Polyvalente<br \/>\n&#8211; 17h00 \u2013 ARRACOURT \u2013 Salle Mairie<\/p>\n","protected":false},"excerpt":{"rendered":"<p>D\u2019ici le 1er tour, je proposerai une rencontre dans chacune des 190 communes de la circonscription. Semaine du 7 juin au 10 juin 2022 : Mardi 07 Juin 2022 : &#8211; 16h00 \u2013 VILLE EN VERMOIS \u2013 Salle de r\u00e9union &#8211; Mairie &#8211; 17h00 \u2013 LUPCOURT \u2013 Salle des F\u00eates &#8211; 18h00 \u2013 FLEVILLE DEVANT&hellip; <br \/> <a class=\"button small blue\" href=\"https:\/\/thibaultbazin.fr\/index.php\/agenda-de-campagne-2\/\">Lire la suite<\/a><\/p>\n","protected":false},"author":2,"featured_media":0,"parent":0,"menu_order":0,"comment_status":"closed","ping_status":"closed","template":"","meta":[],"amp_enabled":true,"_links":{"self":[{"href":"https:\/\/thibaultbazin.fr\/index.php\/wp-json\/wp\/v2\/pages\/14289"}],"collection":[{"href":"https:\/\/thibaultbazin.fr\/index.php\/wp-json\/wp\/v2\/pages"}],"about":[{"href":"https:\/\/thibaultbazin.fr\/index.php\/wp-json\/wp\/v2\/types\/page"}],"author":[{"embeddable":true,"href":"https:\/\/thibaultbazin.fr\/index.php\/wp-json\/wp\/v2\/users\/2"}],"replies":[{"embeddable":true,"href":"https:\/\/thibaultbazin.fr\/index.php\/wp-json\/wp\/v2\/comments?post=14289"}],"version-history":[{"count":11,"href":"https:\/\/thibaultbazin.fr\/index.php\/wp-json\/wp\/v2\/pages\/14289\/revisions"}],"predecessor-version":[{"id":15174,"href":"https:\/\/thibaultbazin.fr\/index.php\/wp-json\/wp\/v2\/pages\/14289\/revisions\/15174"}],"wp:attachment":[{"href":"https:\/\/thibaultbazin.fr\/index.php\/wp-json\/wp\/v2\/media?parent=14289"}],"curies":[{"name":"wp","href":"https:\/\/api.w.org\/{rel}","templated":true}]}}