{"id":14291,"date":"2022-04-20T22:09:08","date_gmt":"2022-04-20T20:09:08","guid":{"rendered":"http:\/\/thibaultbazin.fr\/?page_id=14291"},"modified":"2022-04-26T13:46:31","modified_gmt":"2022-04-26T11:46:31","slug":"permanence-de-campagne","status":"publish","type":"page","link":"https:\/\/thibaultbazin.fr\/index.php\/permanence-de-campagne\/","title":{"rendered":"Permanence de campagne"},"content":{"rendered":"<p style=\"text-align: justify;\">J\u2019ai fait le choix d\u2019installer ma permanence de campagne au c\u0153ur de la circonscription \u00e0 Lun\u00e9ville au 8 rue Banaudon.<br \/>\nElle sera ouverte chaque jour de march\u00e9 de 10h \u00e0 12h (mardi, jeudi et samedi) et sur rendez-vous.<\/p>\n<p><a href=\"https:\/\/thibaultbazin.fr\/wp-content\/uploads\/2022\/04\/278573698_117433420938547_6192314426561530659_n.jpg\"><img fetchpriority=\"high\" decoding=\"async\" class=\"aligncenter size-full wp-image-14365\" src=\"https:\/\/thibaultbazin.fr\/wp-content\/uploads\/2022\/04\/278573698_117433420938547_6192314426561530659_n.jpg\" alt=\"\" width=\"1440\" height=\"1080\" srcset=\"https:\/\/thibaultbazin.fr\/wp-content\/uploads\/2022\/04\/278573698_117433420938547_6192314426561530659_n.jpg 1440w, https:\/\/thibaultbazin.fr\/wp-content\/uploads\/2022\/04\/278573698_117433420938547_6192314426561530659_n-300x225.jpg 300w, https:\/\/thibaultbazin.fr\/wp-content\/uploads\/2022\/04\/278573698_117433420938547_6192314426561530659_n-768x576.jpg 768w, https:\/\/thibaultbazin.fr\/wp-content\/uploads\/2022\/04\/278573698_117433420938547_6192314426561530659_n-1024x768.jpg 1024w\" sizes=\"(max-width: 1440px) 100vw, 1440px\" \/><\/a><\/p>\n","protected":false},"excerpt":{"rendered":"<p>J\u2019ai fait le choix d\u2019installer ma permanence de campagne au c\u0153ur de la circonscription \u00e0 Lun\u00e9ville au 8 rue Banaudon. Elle sera ouverte chaque jour de march\u00e9 de 10h \u00e0 12h (mardi, jeudi et samedi) et sur rendez-vous.<\/p>\n","protected":false},"author":2,"featured_media":0,"parent":0,"menu_order":0,"comment_status":"closed","ping_status":"closed","template":"","meta":[],"amp_enabled":true,"_links":{"self":[{"href":"https:\/\/thibaultbazin.fr\/index.php\/wp-json\/wp\/v2\/pages\/14291"}],"collection":[{"href":"https:\/\/thibaultbazin.fr\/index.php\/wp-json\/wp\/v2\/pages"}],"about":[{"href":"https:\/\/thibaultbazin.fr\/index.php\/wp-json\/wp\/v2\/types\/page"}],"author":[{"embeddable":true,"href":"https:\/\/thibaultbazin.fr\/index.php\/wp-json\/wp\/v2\/users\/2"}],"replies":[{"embeddable":true,"href":"https:\/\/thibaultbazin.fr\/index.php\/wp-json\/wp\/v2\/comments?post=14291"}],"version-history":[{"count":5,"href":"https:\/\/thibaultbazin.fr\/index.php\/wp-json\/wp\/v2\/pages\/14291\/revisions"}],"predecessor-version":[{"id":14367,"href":"https:\/\/thibaultbazin.fr\/index.php\/wp-json\/wp\/v2\/pages\/14291\/revisions\/14367"}],"wp:attachment":[{"href":"https:\/\/thibaultbazin.fr\/index.php\/wp-json\/wp\/v2\/media?parent=14291"}],"curies":[{"name":"wp","href":"https:\/\/api.w.org\/{rel}","templated":true}]}}