{"id":1441,"date":"2018-01-16T15:51:45","date_gmt":"2018-01-16T14:51:45","guid":{"rendered":"http:\/\/thibaultbazin.fr\/?page_id=1441"},"modified":"2024-03-30T19:28:01","modified_gmt":"2024-03-30T18:28:01","slug":"mes-responsabilites-parlementaires","status":"publish","type":"page","link":"https:\/\/thibaultbazin.fr\/index.php\/mes-responsabilites-parlementaires\/","title":{"rendered":"Mes responsabilit\u00e9s parlementaires"},"content":{"rendered":"\r\n<figure class=\"wp-block-image size-large is-style-rounded\"><img fetchpriority=\"high\" decoding=\"async\" width=\"1024\" height=\"768\" class=\"wp-image-18929\" src=\"https:\/\/thibaultbazin.fr\/wp-content\/uploads\/2023\/02\/image-bazin-1-1024x768.jpg\" alt=\"\" srcset=\"https:\/\/thibaultbazin.fr\/wp-content\/uploads\/2023\/02\/image-bazin-1-1024x768.jpg 1024w, https:\/\/thibaultbazin.fr\/wp-content\/uploads\/2023\/02\/image-bazin-1-300x225.jpg 300w, https:\/\/thibaultbazin.fr\/wp-content\/uploads\/2023\/02\/image-bazin-1-768x576.jpg 768w, https:\/\/thibaultbazin.fr\/wp-content\/uploads\/2023\/02\/image-bazin-1.jpg 1440w\" sizes=\"(max-width: 1024px) 100vw, 1024px\" \/><\/figure>\r\n\r\n<p>&nbsp;<\/p>\r\n<p style=\"text-align: center;\"><span style=\"font-family: arial, helvetica, sans-serif; font-size: 36pt;\"><span style=\"font-family: impact, sans-serif;\">\u00ab\u00a0Le Parlement vote la loi. Il contr\u00f4le l&rsquo;action du Gouvernement. Il \u00e9value les politiques publiques\u00a0\u00bb<\/span><\/span><\/p>\r\n<p>&nbsp;<\/p>\r\n<p style=\"text-align: justify;\"><span style=\"font-family: arial, helvetica, sans-serif;\">Ces missions sont celles d\u00e9finies par l\u2019<strong>article 24 du titre IV de la Constitution du 4 octobre 1958<\/strong>. Si \u00e0 l\u2019origine, seulement 6 commissions permanentes si\u00e9geaient \u00e0 l\u2019Assembl\u00e9e nationale, la r\u00e9vision constitutionnelle du 23\u00a0juillet 2008 a permis d\u2019accorder plus d\u2019outils aux parlementaires pour r\u00e9aliser leurs missions.<\/span><\/p>\r\n<p style=\"text-align: justify;\"><span style=\"font-family: arial, helvetica, sans-serif;\">Aujourd\u2019hui, il existe 8 commissions permanentes auxquelles s\u2019ajoutent des commissions sp\u00e9ciales et d\u2019\u00e9valuation. Afin d\u2019obtenir un spectre de travail complet, des groupes d\u2019\u00e9tude et d\u2019amiti\u00e9 permettent d\u2019approfondir des sujets vari\u00e9s.<\/span><\/p>\r\n<p style=\"text-align: justify;\"><span style=\"font-family: arial, helvetica, sans-serif;\"><strong>Dans le cadre de mon mandat de d\u00e9put\u00e9,\u00a0je souhaite assumer pleinement mon r\u00f4le<\/strong>. Je vous propose de d\u00e9couvrir ci-apr\u00e8s l\u2019ensemble des groupes de travail auxquels j\u2019appartiens.<\/span><\/p>\r\n<p>&nbsp;<\/p>\r\n<p style=\"text-align: center;\"><span style=\"font-family: impact, sans-serif; font-size: 24pt;\">En commission permanente\u2026<\/span><\/p>\r\n<p>&nbsp;<\/p>\r\n<p><span style=\"font-family: arial, helvetica, sans-serif;\">Je suis membre de la<span style=\"text-decoration: underline;\"> <a href=\"https:\/\/www2.assemblee-nationale.fr\/15\/commissions-permanentes\/commission-des-affaires-sociales\">commission des Affaires sociales<\/a><\/span>. Ses comp\u00e9tences sont d\u00e9finies par l\u2019article 36 alin\u00e9a 10 du <em>R\u00e8glement de l\u2019Assembl\u00e9e<\/em>\u00a0;<\/span><\/p>\r\n<p><a href=\"https:\/\/thibaultbazin.fr\/wp-content\/uploads\/2023\/02\/Capture-decran-2023-02-15-a-15.58.32.png\"><img decoding=\"async\" class=\"wp-image-19077 aligncenter\" src=\"https:\/\/thibaultbazin.fr\/wp-content\/uploads\/2023\/02\/Capture-decran-2023-02-15-a-15.58.32.png\" alt=\"\" width=\"762\" height=\"787\" srcset=\"https:\/\/thibaultbazin.fr\/wp-content\/uploads\/2023\/02\/Capture-decran-2023-02-15-a-15.58.32.png 962w, https:\/\/thibaultbazin.fr\/wp-content\/uploads\/2023\/02\/Capture-decran-2023-02-15-a-15.58.32-290x300.png 290w, https:\/\/thibaultbazin.fr\/wp-content\/uploads\/2023\/02\/Capture-decran-2023-02-15-a-15.58.32-768x794.png 768w\" sizes=\"(max-width: 762px) 100vw, 762px\" \/><\/a><\/p>\r\n<p><span style=\"font-family: arial, helvetica, sans-serif;\">\u2192\u00a0C\u2019est au sein de cette commission que j\u2019ai \u00e9t\u00e9 nomm\u00e9 co-rapporteur d\u2019une <a href=\"https:\/\/www.assemblee-nationale.fr\/dyn\/15\/comptes-rendus\/cion-soc\/l15cion-soc2021083_compte-rendu\">mission \u00ab\u00a0flash\u00a0\u00bb sur le <\/a><a href=\"https:\/\/thibaultbazin.fr\/index.php\/2021\/01\/20\/communique-co-rapporteur-mission-regime-securite-sociale-des-mines\/\">r\u00e9gime de S\u00e9curit\u00e9 sociale des Mines<\/a>.<\/span><\/p>\r\n<p><span style=\"font-family: arial, helvetica, sans-serif;\">\u2192 C\u2019est au sein de cette commission que j\u2019ai \u00e9t\u00e9 nomm\u00e9 pr\u00e9sident de la <a href=\"https:\/\/www.assemblee-nationale.fr\/dyn\/16\/organes\/autres-commissions\/commissions-enquete\/ce-creches\">commission d\u2019enqu\u00eate sur le mod\u00e8le \u00e9conomique des cr\u00e8ches et sur la qualit\u00e9 de l\u2019accueil des jeunes enfants au sein de leurs \u00e9tablissements<\/a>.<\/span><\/p>\r\n<p>&nbsp;<\/p>\r\n<p><span style=\"font-family: arial, helvetica, sans-serif;\">J\u2019ai \u00e9galement \u00e9t\u00e9 membre de la <a href=\"https:\/\/www2.assemblee-nationale.fr\/15\/commissions-permanentes\/commission-de-la-defense\">commission de la d\u00e9fense nationale et des forces arm\u00e9es<\/a> de l\u2019\u00e9t\u00e9 2017 \u00e0 septembre 2020. C&rsquo;est dans cette commission que j&rsquo;ai travaill\u00e9 sur consommation des cr\u00e9dits de la pr\u00e9c\u00e9dente <a href=\"https:\/\/www.defense.gouv.fr\/portail\/enjeux2\/la-lpm-2019-2025\">loi de programmation militaire<\/a>. La th\u00e9matique de la <a href=\"https:\/\/www.assemblee-nationale.fr\/dyn\/15\/rapports\/cion_def\/l15b1141_rapport-information\">cyberd\u00e9fense <\/a>a \u00e9galement \u00e9t\u00e9 centrale dans mon travail.<\/span><\/p>\r\n<p>&nbsp;<\/p>\r\n<h2>\u00a0<\/h2>\r\n<p>&nbsp;<\/p>\r\n<h2 style=\"text-align: center;\"><span style=\"font-family: impact, sans-serif; font-size: 24pt;\">J&rsquo;ai particip\u00e9 de 2017 \u00e0 2022 \u00e0 plusieurs missions parlementaires<\/span><\/h2>\r\n<p>&nbsp;<\/p>\r\n<p><span style=\"font-family: arial, helvetica, sans-serif;\"><span style=\"text-decoration: underline;\">J\u2019ai assum\u00e9 dans ce cadre les responsabilit\u00e9s suivantes<\/span>\u00a0:<\/span><\/p>\r\n<p>&nbsp;<\/p>\r\n<p style=\"text-align: justify;\"><span style=\"font-family: arial, helvetica, sans-serif;\">\u2022 Vice-pr\u00e9sident de la <a href=\"https:\/\/www2.assemblee-nationale.fr\/15\/autres-commissions\/commissions-speciales\/commission-speciale-chargee-d-examiner-le-projet-de-loi-relatif-a-la-bioethique\/(block)\/ComptesRendusCommission\/(instance_leg)\/15\/(init)\/0-15\">commission sp\u00e9ciale charg\u00e9e d&rsquo;examiner le projet de loi relatif \u00e0 la bio\u00e9thique<\/a><\/span><\/p>\r\n<p style=\"text-align: justify;\"><span style=\"font-family: arial, helvetica, sans-serif;\">\u2022 Secr\u00e9taire de la <a href=\"https:\/\/www2.assemblee-nationale.fr\/15\/autres-commissions\/commissions-speciales\/commission-speciale-retraite\/(block)\/ComptesRendusCommission\/(instance_leg)\/15\/(init)\/0-15\">commission sp\u00e9ciale charg\u00e9e d&rsquo;examiner le projet de loi instituant un syst\u00e8me universel de retraite et le projet de loi organique relatif au syst\u00e8me universel de retraite<\/a><\/span><\/p>\r\n<p style=\"text-align: justify;\"><span style=\"font-family: arial, helvetica, sans-serif;\">\u2022 Membre du <a href=\"https:\/\/www2.assemblee-nationale.fr\/14\/les-delegations-comite-et-office-parlementaire\/comite-d-evaluation-et-de-controle-des-politiques-publiques\">comit\u00e9 d&rsquo;\u00e9valuation et de contr\u00f4le des politiques publiques<\/a><\/span><\/p>\r\n<p style=\"text-align: justify;\"><span style=\"font-family: arial, helvetica, sans-serif;\">\u2022 Membre de la <a href=\"https:\/\/www2.assemblee-nationale.fr\/15\/autres-commissions\/commissions-speciales\/commission-speciale-chargee-d-examiner-le-projet-de-loi-portant-lutte-contre-le-dereglement-climatique-et-renforcement-de-la-resilience-face-a-ses-effets\/(block)\/RapportsParlementairesInstance\/(instance_leg)\/15\/(init)\/0-15\">commission sp\u00e9ciale charg\u00e9e d&rsquo;examiner le projet de loi portant lutte contre le d\u00e9r\u00e8glement climatique et renforcement de la r\u00e9silience face \u00e0 ses effets<\/a><\/span><\/p>\r\n<p style=\"text-align: justify;\"><span style=\"font-family: arial, helvetica, sans-serif;\">\u2022 Membre de la <a href=\"https:\/\/www2.assemblee-nationale.fr\/15\/les-delegations-comite-et-office-parlementaire\/delegation-aux-collectivites-territoriales-et-a-la-decentralisation\/(block)\/RapportsInfoParlementairesInstance\/(instance_leg)\/15\/(init)\/0-15\">d\u00e9l\u00e9gation aux collectivit\u00e9s territoriales et \u00e0 la d\u00e9centralisation. J\u2019ai dans ce cadre \u00e9t\u00e9 co-rapporteur d\u2019une mission \u00ab flash \u00bb sur l\u2019\u00e9quilibre entre territoires urbains et ruraux<\/a><\/span><\/p>\r\n<p style=\"text-align: justify;\"><span style=\"font-family: arial, helvetica, sans-serif;\">\u2022 Co-rapporteur de la <a href=\"https:\/\/www.assemblee-nationale.fr\/dyn\/15\/rapports\/cion-eco\/l15b2077_rapport-information\">Mission de contr\u00f4le de l&rsquo;application de la loi n\u00b0 2018-1021 du 23 novembre 2018 portant \u00e9volution du logement, de l&rsquo;am\u00e9nagement et du num\u00e9rique elan<\/a><\/span><\/p>\r\n<p>&nbsp;<\/p>\r\n<p style=\"text-align: center;\"><span style=\"font-family: impact, sans-serif; font-size: 24pt;\">Le d\u00e9put\u00e9 peut occuper des fonctions judiciaires, internationales ou extra-parlementaires<\/span><\/p>\r\n<p>&nbsp;<\/p>\r\n<p style=\"text-align: justify;\"><span style=\"font-family: arial, helvetica, sans-serif;\"> Ainsi, je suis d\u2019une part membre de la <a href=\"https:\/\/www2.assemblee-nationale.fr\/europe-et-international\/activites-parlementaires-internationales\/la-francophonie\/section-francaise-de-l-apf\">section fran\u00e7aise de l&rsquo;assembl\u00e9e parlementaire de la francophonie a.p.f<\/a> et d\u2019autre part membre suppl\u00e9ant de la <a href=\"https:\/\/www2.assemblee-nationale.fr\/europe-et-international\/activites-parlementaires-internationales\/les-assemblees-parlementaires-internationales\/assemblee-parlementaire-de-l-otan\">d\u00e9l\u00e9gation fran\u00e7aise \u00e0 l&rsquo;assembl\u00e9e parlementaire de l&rsquo;otan<\/a>.<\/span><\/p>\r\n<p>&nbsp;<\/p>\r\n<p style=\"text-align: center;\"><span style=\"font-family: impact, sans-serif; font-size: 24pt;\">C\u2019est au sein de 32 groupes d\u2019\u00e9tudes et d\u2019amiti\u00e9 que j\u2019ai approfondis le travail parlementaire<\/span><\/p>\r\n<p>&nbsp;<\/p>\r\n<p><span style=\"font-family: arial, helvetica, sans-serif;\"><u>J\u2019ai occup\u00e9 les fonctions suivantes parmi 27 groupes d\u2019\u00e9tudes<\/u> :<\/span><\/p>\r\n<p>&nbsp;<\/p>\r\n<p><span style=\"font-family: arial, helvetica, sans-serif;\">\u2022 Vice-pr\u00e9sident du <a href=\"https:\/\/www2.assemblee-nationale.fr\/instances\/resume\/OMC_PO747276\/legislature\/15\">groupe d\u2019\u00e9tudes villes moyennes<\/a><br \/><\/span><span style=\"font-family: arial, helvetica, sans-serif;\">\u2022 Vice-pr\u00e9sident du <a href=\"https:\/\/www2.assemblee-nationale.fr\/instances\/resume\/OMC_PO746624\/legislature\/15\">groupe d\u2019\u00e9tudes amiante<\/a><br \/><\/span><span style=\"font-family: arial, helvetica, sans-serif;\">\u2022 Vice-pr\u00e9sident du <a href=\"http:\/\/groupe d\u2019\u00e9tudes voies navigables et transports multimodaux \u2013 canaux\">groupe d\u2019\u00e9tudes voies navigables et transports multimodaux \u2013 canaux<\/a><br \/><\/span><span style=\"font-family: arial, helvetica, sans-serif;\">\u2022 Secr\u00e9taire du <a href=\"https:\/\/www2.assemblee-nationale.fr\/instances\/resume\/OMC_PO746816\/legislature\/15\">groupe d&rsquo;\u00e9tudes \u00c9co-construction<\/a><br \/><\/span><span style=\"font-family: arial, helvetica, sans-serif;\">\u2022 Secr\u00e9taire du <a href=\"https:\/\/www2.assemblee-nationale.fr\/instances\/resume\/OMC_PO746925\/legislature\/15\">groupe d&rsquo;\u00e9tudes fin de vie<\/a><br \/><\/span><span style=\"font-family: arial, helvetica, sans-serif;\">\u2022 Secr\u00e9taire du <a href=\"https:\/\/www2.assemblee-nationale.fr\/instances\/resume\/OMC_PO746763\/legislature\/15\">groupe d\u2019\u00e9tudes cybers\u00e9curit\u00e9 et souverainet\u00e9 num\u00e9rique<\/a><br \/><\/span><span style=\"font-family: arial, helvetica, sans-serif;\">\u2022 Secr\u00e9taire du <a href=\"https:\/\/www2.assemblee-nationale.fr\/instances\/fiche\/OMC_PO763244\">groupe d&rsquo;\u00e9tudes gastronomie<\/a><br \/><\/span><span style=\"font-family: arial, helvetica, sans-serif;\">\u2022 Membre du <a href=\"https:\/\/www2.assemblee-nationale.fr\/instances\/resume\/OMC_PO747266\/legislature\/15\">groupe d\u2019\u00e9tudes vigne, vin et \u0153nologie<\/a><br \/><\/span><span style=\"font-family: arial, helvetica, sans-serif;\">\u2022 Membre du <a href=\"https:\/\/www2.assemblee-nationale.fr\/instances\/resume\/OMC_PO746880\/legislature\/15\">groupe d\u2019\u00e9tudes enjeux de la ruralit\u00e9<\/a><br \/><\/span><span style=\"font-family: arial, helvetica, sans-serif;\">\u2022 Membre du <a href=\"https:\/\/www2.assemblee-nationale.fr\/instances\/fiche\/OMC_PO746679\">groupe d\u2019\u00e9tudes chr\u00e9tiens d\u2019orient<\/a><br \/><\/span><span style=\"font-family: arial, helvetica, sans-serif;\">\u2022 Membre du <a href=\"https:\/\/www2.assemblee-nationale.fr\/instances\/resume\/OMC_PO746920\/legislature\/15\">groupe d\u2019\u00e9tudes fili\u00e8re brassicole<\/a><br \/><\/span><span style=\"font-family: arial, helvetica, sans-serif;\">\u2022 Membre du <a href=\"https:\/\/www2.assemblee-nationale.fr\/instances\/fiche\/OMC_PO746674\">groupe d\u2019\u00e9tudes cheval<\/a><br \/><\/span><span style=\"font-family: arial, helvetica, sans-serif;\">\u2022 Membre du <a href=\"https:\/\/www2.assemblee-nationale.fr\/instances\/resume\/OMC_PO747104\/legislature\/15\">groupe d\u2019\u00e9tudes patrimoine<\/a><br \/><\/span><span style=\"font-family: arial, helvetica, sans-serif;\">\u2022 Membre du <a href=\"https:\/\/www2.assemblee-nationale.fr\/instances\/fiche\/OMC_PO746987\">groupe d\u2019\u00e9tudes industrie du luxe et de moyen<\/a><br \/><\/span><span style=\"font-family: arial, helvetica, sans-serif;\">\u2022 Membre du <a href=\"https:\/\/www2.assemblee-nationale.fr\/instances\/resume\/OMC_PO746904\/legislature\/15\">groupe d\u2019\u00e9tudes enseignement priv\u00e9 sous contrat et hors contrat<\/a><br \/><\/span><span style=\"font-family: arial, helvetica, sans-serif;\">\u2022 Membre du <a href=\"https:\/\/www2.assemblee-nationale.fr\/instances\/resume\/OMC_PO746689\/legislature\/15\">groupe d\u2019\u00e9tudes commerce, artisanat et m\u00e9tiers d&rsquo;art<\/a><br \/><\/span><span style=\"font-family: arial, helvetica, sans-serif;\">\u2022 Membre du <a href=\"https:\/\/www2.assemblee-nationale.fr\/instances\/resume\/OMC_PO747084\/legislature\/15\">groupe d\u2019\u00e9tudes modernisation des activit\u00e9s agricoles et structuration des fili\u00e8res<\/a><br \/><\/span><span style=\"font-family: arial, helvetica, sans-serif;\">\u2022 Membre du <a href=\"https:\/\/www2.assemblee-nationale.fr\/instances\/resume\/OMC_PO746930\/legislature\/15\">groupe d\u2019\u00e9tudes for\u00eat, bois, nouveaux usages et industrie du bois<\/a><br \/><\/span><span style=\"font-family: arial, helvetica, sans-serif;\">\u2022 Membre du <a href=\"https:\/\/www2.assemblee-nationale.fr\/instances\/resume\/OMC_PO747145\/legislature\/15\">groupe d\u2019\u00e9tudes professions param\u00e9dicales<\/a><br \/><\/span><span style=\"font-family: arial, helvetica, sans-serif;\">\u2022 Membre du <a href=\"https:\/\/www2.assemblee-nationale.fr\/instances\/resume\/OMC_PO747072\/legislature\/15\">groupe d\u2019\u00e9tudes mineurs non accompagn\u00e9s<\/a><br \/><\/span><span style=\"font-family: arial, helvetica, sans-serif;\">\u2022 Membre du <a href=\"https:\/\/www2.assemblee-nationale.fr\/instances\/resume\/OMC_PO763234\/legislature\/15\">groupe d\u2019\u00e9tudes \u00e9levage pastoral<\/a><br \/><\/span><span style=\"font-family: arial, helvetica, sans-serif;\">\u2022 Membre du <a href=\"https:\/\/www2.assemblee-nationale.fr\/instances\/fiche\/OMC_PO763264\">groupe d\u2019\u00e9tudes sapeurs-pompiers volontaires<\/a><br \/><\/span><span style=\"font-family: arial, helvetica, sans-serif;\">\u2022 Membre du <a href=\"https:\/\/www2.assemblee-nationale.fr\/instances\/fiche\/OMC_PO746669\">groupe d\u2019\u00e9tudes chasse, p\u00eache et territoires<\/a><\/span><\/p>\r\n<p>&nbsp;<\/p>\r\n<p><span style=\"font-family: arial, helvetica, sans-serif;\"><u>J&rsquo;ai \u00e9t\u00e9 \u00e9galement membre de 5 groupes d\u2019amiti\u00e9 internationaux<\/u> :<\/span><\/p>\r\n<p><span style=\"font-family: arial, helvetica, sans-serif;\"><br \/>\u2022 Pr\u00e9sident du <a href=\"https:\/\/www2.assemblee-nationale.fr\/instances\/fiche\/OMC_PO733667\">groupe d\u2019amiti\u00e9 france-tchad<\/a>\u00a0\u00a0\u2192 voir <a href=\"https:\/\/thibaultbazin.fr\/index.php\/2019\/06\/20\/voici-le-rapport-de-la-mission-realisee-au-tchad-en-avril-dernier-ou-nous-avions-pu-notamment-rencontrer-les-militaires-du-53eme-regiment-de-transmissions-en-operation-exterieure\/\"><strong>l&rsquo;article<\/strong><\/a><a href=\"https:\/\/www.estrepublicain.fr\/edition-de-luneville\/2019\/04\/18\/au-tchad-thibault-bazin-avec-le-53e-rt\"><br \/><\/a>\u2022\u00a0Vice-pr\u00e9sident du <a href=\"https:\/\/www2.assemblee-nationale.fr\/instances\/fiche\/OMC_PO733652\">groupe d\u2019amiti\u00e9 France-c\u00f4ted\u2019ivoire<\/a><\/span><br \/><span style=\"font-family: arial, helvetica, sans-serif;\"> \u2022 Vice-pr\u00e9sident du <a href=\"https:\/\/www2.assemblee-nationale.fr\/instances\/fiche\/OMC_PO733212\">groupe d&rsquo;amiti\u00e9 france-malte<\/a><\/span><br \/><span style=\"font-family: arial, helvetica, sans-serif;\"> \u2022 Secr\u00e9taire du <a href=\"https:\/\/www2.assemblee-nationale.fr\/instances\/fiche\/OMC_PO733397\">groupe d\u2019amiti\u00e9 france-vietnam<\/a><\/span><br \/><span style=\"font-family: arial, helvetica, sans-serif;\"> \u2022 Secr\u00e9taire du <a href=\"https:\/\/www2.assemblee-nationale.fr\/instances\/fiche\/OMC_PO733637\">groupe d\u2019amiti\u00e9 france-belgique<\/a><\/span><\/p>\r\n<p>&nbsp;<\/p>\r\n","protected":false},"excerpt":{"rendered":"<p>&nbsp; \u00ab\u00a0Le Parlement vote la loi. Il contr\u00f4le l&rsquo;action du Gouvernement. Il \u00e9value les politiques publiques\u00a0\u00bb &nbsp; Ces missions sont celles d\u00e9finies par l\u2019article 24 du titre IV de la Constitution du 4 octobre 1958. Si \u00e0 l\u2019origine, seulement 6 commissions permanentes si\u00e9geaient \u00e0 l\u2019Assembl\u00e9e nationale, la r\u00e9vision constitutionnelle du 23\u00a0juillet 2008 a permis d\u2019accorder&hellip; <br \/> <a class=\"button small blue\" href=\"https:\/\/thibaultbazin.fr\/index.php\/mes-responsabilites-parlementaires\/\">Lire la suite<\/a><\/p>\n","protected":false},"author":2,"featured_media":18930,"parent":0,"menu_order":0,"comment_status":"open","ping_status":"closed","template":"","meta":[],"amp_enabled":true,"_links":{"self":[{"href":"https:\/\/thibaultbazin.fr\/index.php\/wp-json\/wp\/v2\/pages\/1441"}],"collection":[{"href":"https:\/\/thibaultbazin.fr\/index.php\/wp-json\/wp\/v2\/pages"}],"about":[{"href":"https:\/\/thibaultbazin.fr\/index.php\/wp-json\/wp\/v2\/types\/page"}],"author":[{"embeddable":true,"href":"https:\/\/thibaultbazin.fr\/index.php\/wp-json\/wp\/v2\/users\/2"}],"replies":[{"embeddable":true,"href":"https:\/\/thibaultbazin.fr\/index.php\/wp-json\/wp\/v2\/comments?post=1441"}],"version-history":[{"count":41,"href":"https:\/\/thibaultbazin.fr\/index.php\/wp-json\/wp\/v2\/pages\/1441\/revisions"}],"predecessor-version":[{"id":24964,"href":"https:\/\/thibaultbazin.fr\/index.php\/wp-json\/wp\/v2\/pages\/1441\/revisions\/24964"}],"wp:featuredmedia":[{"embeddable":true,"href":"https:\/\/thibaultbazin.fr\/index.php\/wp-json\/wp\/v2\/media\/18930"}],"wp:attachment":[{"href":"https:\/\/thibaultbazin.fr\/index.php\/wp-json\/wp\/v2\/media?parent=1441"}],"curies":[{"name":"wp","href":"https:\/\/api.w.org\/{rel}","templated":true}]}}