{"id":1443,"date":"2018-01-16T15:52:09","date_gmt":"2018-01-16T14:52:09","guid":{"rendered":"http:\/\/thibaultbazin.fr\/?page_id=1443"},"modified":"2023-04-06T14:47:50","modified_gmt":"2023-04-06T12:47:50","slug":"questions-ecrites-orales-au-gouvernement","status":"publish","type":"page","link":"https:\/\/thibaultbazin.fr\/index.php\/questions-ecrites-orales-au-gouvernement\/","title":{"rendered":"Questions \u00e9crites\/orales au Gouvernement"},"content":{"rendered":"<p><em><strong><span style=\"font-size: 18pt;\">Questions \u00e9crites\/orales au Gouvernement<\/span><\/strong><\/em><\/p>\n<p style=\"text-align: justify;\">Vous trouverez sur cette page toutes mes questions \u00e9crites et orales pos\u00e9es au Gouvernement.<\/p>\n<p style=\"text-align: justify;\"><strong>Les questions \u00e9crites<\/strong> sont pos\u00e9es par un d\u00e9put\u00e9 \u00e0 un ministre\u00a0; seules celles qui portent sur la politique g\u00e9n\u00e9rale du Gouvernement sont pos\u00e9es au Premier ministre.\u00a0sont publi\u00e9es chaque semaine, durant les sessions et hors session, dans un fascicule sp\u00e9cial du\u00a0<i>Journal officiel<\/i>\u00a0qui comporte \u00e9galement les r\u00e9ponses des ministres aux questions pr\u00e9c\u00e9demment pos\u00e9es.\u00a0Les r\u00e9ponses aux questions n\u2019ont en principe aucune valeur juridique et ne lient pas l\u2019administration sauf en mati\u00e8re fiscale o\u00f9 elles sont consid\u00e9r\u00e9es comme exprimant l\u2019interpr\u00e9tation administrative des textes.<\/p>\n<p style=\"text-align: justify;\">\u00c9labor\u00e9e par la Conf\u00e9rence des pr\u00e9sidents, la proc\u00e9dure des <strong>questions au Gouvernement<\/strong> a \u00e9t\u00e9 mise en \u0153uvre en 1974 en marge du R\u00e8glement, \u00e0 raison, \u00e0 l\u2019origine, d\u2019une s\u00e9ance d\u2019une heure par semaine.\u00a0Le contenu des questions est libre (seules les injures et menaces sont interdites). Dans la pratique, la dualit\u00e9 questions orales &#8211;\u00a0questions au Gouvernement permet de r\u00e9server les questions d\u2019int\u00e9r\u00eat local aux premi\u00e8res et les questions politiques \u00e0 caract\u00e8re g\u00e9n\u00e9ral aux secondes.<\/p>\n","protected":false},"excerpt":{"rendered":"<p>Questions \u00e9crites\/orales au Gouvernement Vous trouverez sur cette page toutes mes questions \u00e9crites et orales pos\u00e9es au Gouvernement. Les questions \u00e9crites sont pos\u00e9es par un d\u00e9put\u00e9 \u00e0 un ministre\u00a0; seules celles qui portent sur la politique g\u00e9n\u00e9rale du Gouvernement sont pos\u00e9es au Premier ministre.\u00a0sont publi\u00e9es chaque semaine, durant les sessions et hors session, dans un&hellip; <br \/> <a class=\"button small blue\" href=\"https:\/\/thibaultbazin.fr\/index.php\/questions-ecrites-orales-au-gouvernement\/\">Lire la suite<\/a><\/p>\n","protected":false},"author":2,"featured_media":0,"parent":0,"menu_order":0,"comment_status":"closed","ping_status":"closed","template":"","meta":[],"amp_enabled":true,"_links":{"self":[{"href":"https:\/\/thibaultbazin.fr\/index.php\/wp-json\/wp\/v2\/pages\/1443"}],"collection":[{"href":"https:\/\/thibaultbazin.fr\/index.php\/wp-json\/wp\/v2\/pages"}],"about":[{"href":"https:\/\/thibaultbazin.fr\/index.php\/wp-json\/wp\/v2\/types\/page"}],"author":[{"embeddable":true,"href":"https:\/\/thibaultbazin.fr\/index.php\/wp-json\/wp\/v2\/users\/2"}],"replies":[{"embeddable":true,"href":"https:\/\/thibaultbazin.fr\/index.php\/wp-json\/wp\/v2\/comments?post=1443"}],"version-history":[{"count":127,"href":"https:\/\/thibaultbazin.fr\/index.php\/wp-json\/wp\/v2\/pages\/1443\/revisions"}],"predecessor-version":[{"id":20196,"href":"https:\/\/thibaultbazin.fr\/index.php\/wp-json\/wp\/v2\/pages\/1443\/revisions\/20196"}],"wp:attachment":[{"href":"https:\/\/thibaultbazin.fr\/index.php\/wp-json\/wp\/v2\/media?parent=1443"}],"curies":[{"name":"wp","href":"https:\/\/api.w.org\/{rel}","templated":true}]}}