{"id":1445,"date":"2018-01-16T15:52:35","date_gmt":"2018-01-16T14:52:35","guid":{"rendered":"http:\/\/thibaultbazin.fr\/?page_id=1445"},"modified":"2023-05-10T17:19:26","modified_gmt":"2023-05-10T15:19:26","slug":"mes-interventions-en-commissions-hemicycle","status":"publish","type":"page","link":"https:\/\/thibaultbazin.fr\/index.php\/mes-interventions-en-commissions-hemicycle\/","title":{"rendered":"Mes interventions en commissions\/h\u00e9micycle"},"content":{"rendered":"\r\n<div class=\"wp-block-columns is-layout-flex wp-container-3\">\r\n<div class=\"wp-block-column is-layout-flow\" style=\"flex-basis: 1020px;\">\r\n<div class=\"wp-block-buttons is-layout-flex\">\u00a0<\/div>\r\n<\/div>\r\n<\/div>\r\n\r\n\r\n\r\n<p>En tant que d\u00e9put\u00e9, l&rsquo;une des principales responsabilit\u00e9s est de repr\u00e9senter les int\u00e9r\u00eats des citoyens \u00e0 l&rsquo;Assembl\u00e9e nationale. Cela implique de participer \u00e0 des discussions et \u00e0 des d\u00e9bats au sein des commissions parlementaires et de l&rsquo;h\u00e9micycle.<\/p>\r\n<p>Lors des sessions de commission, les d\u00e9put\u00e9s examinent les propositions de lois, les amendements et les projets de r\u00e8glement relatifs \u00e0 un domaine sp\u00e9cifique. Les commissions parlementaires sont sp\u00e9cialis\u00e9es dans diff\u00e9rents domaines tels que l&rsquo;\u00e9conomie, la sant\u00e9, la justice, etc. Les d\u00e9put\u00e9s ont la possibilit\u00e9 de faire entendre leur voix et d&rsquo;exprimer leur opinion sur les propositions qui leur sont pr\u00e9sent\u00e9es.<\/p>\r\n<p>L&rsquo;h\u00e9micycle, quant \u00e0 lui, est la grande salle de l&rsquo;Assembl\u00e9e nationale o\u00f9 les d\u00e9put\u00e9s se r\u00e9unissent pour d\u00e9battre et voter sur les propositions de lois et les amendements. Les interventions en h\u00e9micycle sont des moments cl\u00e9s pour les d\u00e9put\u00e9s, car c&rsquo;est l\u00e0 qu&rsquo;ils peuvent pr\u00e9senter leurs id\u00e9es, leurs pr\u00e9occupations et leurs propositions \u00e0 l&rsquo;ensemble de l&rsquo;Assembl\u00e9e nationale.<\/p>\r\n\r\n\r\n<a class=\"has-text-color has-white-color wp-block-read-more\" href=\"https:\/\/thibaultbazin.fr\/index.php\/mes-interventions-en-commissions-hemicycle\/\" target=\"_self\">Lire la suite<span class=\"screen-reader-text\">\u00a0: Mes interventions en commissions\/h\u00e9micycle<\/span><\/a>\r\n\r\n\r\n<div class=\"wp-block-media-text alignwide is-stacked-on-mobile is-vertically-aligned-center\" style=\"grid-template-columns: 70% auto;\">\r\n<figure class=\"wp-block-media-text__media\"><img fetchpriority=\"high\" decoding=\"async\" width=\"1024\" height=\"683\" class=\"wp-image-19196 size-full aligncenter\" src=\"https:\/\/thibaultbazin.fr\/wp-content\/uploads\/2023\/02\/AN_2585004-1024x683.jpg\" alt=\"\" srcset=\"https:\/\/thibaultbazin.fr\/wp-content\/uploads\/2023\/02\/AN_2585004-1024x683.jpg 1024w, https:\/\/thibaultbazin.fr\/wp-content\/uploads\/2023\/02\/AN_2585004-300x200.jpg 300w, https:\/\/thibaultbazin.fr\/wp-content\/uploads\/2023\/02\/AN_2585004-768x512.jpg 768w, https:\/\/thibaultbazin.fr\/wp-content\/uploads\/2023\/02\/AN_2585004-1536x1024.jpg 1536w, https:\/\/thibaultbazin.fr\/wp-content\/uploads\/2023\/02\/AN_2585004-2048x1365.jpg 2048w, https:\/\/thibaultbazin.fr\/wp-content\/uploads\/2023\/02\/AN_2585004-1620x1080.jpg 1620w\" sizes=\"(max-width: 1024px) 100vw, 1024px\" \/><\/figure>\r\n<div class=\"wp-block-media-text__content\">\r\n<p>&nbsp;<\/p>\r\n\r\n\r\n\r\n<div class=\"wp-block-buttons is-layout-flex\"><\/div>\r\n<\/div>\r\n<\/div>\r\n\r\n\r\n\r\n<iframe frameborder=\"0\" scrolling=\"no\" src=\"\/\/www.nosdeputes.fr\/widget16\/thibault-bazin?iframe=true&#038;notags=1&#038;width=780\" height=\"224\" width=\"800\"><\/iframe>","protected":false},"excerpt":{"rendered":"","protected":false},"author":2,"featured_media":0,"parent":0,"menu_order":0,"comment_status":"closed","ping_status":"closed","template":"","meta":[],"amp_enabled":true,"_links":{"self":[{"href":"https:\/\/thibaultbazin.fr\/index.php\/wp-json\/wp\/v2\/pages\/1445"}],"collection":[{"href":"https:\/\/thibaultbazin.fr\/index.php\/wp-json\/wp\/v2\/pages"}],"about":[{"href":"https:\/\/thibaultbazin.fr\/index.php\/wp-json\/wp\/v2\/types\/page"}],"author":[{"embeddable":true,"href":"https:\/\/thibaultbazin.fr\/index.php\/wp-json\/wp\/v2\/users\/2"}],"replies":[{"embeddable":true,"href":"https:\/\/thibaultbazin.fr\/index.php\/wp-json\/wp\/v2\/comments?post=1445"}],"version-history":[{"count":19,"href":"https:\/\/thibaultbazin.fr\/index.php\/wp-json\/wp\/v2\/pages\/1445\/revisions"}],"predecessor-version":[{"id":21137,"href":"https:\/\/thibaultbazin.fr\/index.php\/wp-json\/wp\/v2\/pages\/1445\/revisions\/21137"}],"wp:attachment":[{"href":"https:\/\/thibaultbazin.fr\/index.php\/wp-json\/wp\/v2\/media?parent=1445"}],"curies":[{"name":"wp","href":"https:\/\/api.w.org\/{rel}","templated":true}]}}