{"id":1453,"date":"2018-01-16T15:54:24","date_gmt":"2018-01-16T14:54:24","guid":{"rendered":"http:\/\/thibaultbazin.fr\/?page_id=1453"},"modified":"2025-09-17T15:04:24","modified_gmt":"2025-09-17T13:04:24","slug":"me-rencontrer","status":"publish","type":"page","link":"https:\/\/thibaultbazin.fr\/index.php\/me-rencontrer\/","title":{"rendered":"Me rencontrer"},"content":{"rendered":"\r\n<h3 style=\"text-align: center;\">Si vous souhaitez me rencontrer, veuillez me contacter au pr\u00e9alable par voie postale ou par voie t\u00e9l\u00e9phonique :<\/h3>\r\n<p>&nbsp;<\/p>\r\n\r\n\r\n\r\n<table style=\"border-collapse: collapse; width: 100%; height: 114px;\">\r\n<tbody>\r\n<tr style=\"height: 38px;\">\r\n<td style=\"width: 33.3333%; text-align: center; height: 38px;\"><strong>Par voie postale en circonscription<\/strong><\/td>\r\n<td style=\"width: 33.3333%; text-align: center; height: 38px;\"><strong>Par voie postale \u00e0 l&rsquo;Assembl\u00e9e Nationale<\/strong><\/td>\r\n<td style=\"width: 33.3333%; text-align: center; height: 38px;\"><strong>Par mail<\/strong><\/td>\r\n<td style=\"width: 33.3333%; text-align: center; height: 38px;\"><strong>Par t\u00e9l\u00e9phone<\/strong><\/td>\r\n<\/tr>\r\n<tr style=\"height: 76px;\">\r\n<td style=\"width: 33.3333%; text-align: center; height: 76px;\"><em>Permanence parlementaire du D\u00e9put\u00e9<\/em> Thibault BAZIN<br \/>17, rue Sadi Carnot<br \/>54300 LUNEVILLE<\/td>\r\n<td style=\"width: 33.3333%; text-align: center; height: 76px;\"><em>Thibault BAZIN &#8211; D\u00e9put\u00e9<\/em><br \/>Assembl\u00e9e Nationale<br \/>126, rue de l&rsquo;Universit\u00e9<br \/>75355 PARIS 07 SP<\/td>\r\n<td style=\"width: 33.3333%; text-align: center; height: 76px;\">thibault.bazin@assemblee-nationale.fr<\/td>\r\n<td style=\"width: 33.3333%; text-align: center; height: 76px;\"><em>03 83 73 79 58<\/em><\/td>\r\n<\/tr>\r\n<\/tbody>\r\n<\/table>\r\n\r\n\r\n\r\n<p>&nbsp;<\/p>\r\n<p>&nbsp;<\/p>\r\n\r\n\r\n\t\t<div id=\"wpmapblock_270ecc47\" data-settings='{&quot;map_marker&quot;:[{&quot;lat&quot;:&quot;48.5890245&quot;,&quot;lng&quot;:&quot;6.496632&quot;,&quot;title&quot;:&quot;Permanence parlementaire&quot;,&quot;content&quot;:&quot;&quot;,&quot;iconType&quot;:&quot;default&quot;,&quot;customIconUrl&quot;:&quot;&quot;,&quot;customIconWidth&quot;:&quot;25&quot;,&quot;customIconHeight&quot;:&quot;40&quot;}],&quot;map_zoom&quot;:&quot;14&quot;,&quot;scroll_wheel_zoom&quot;:false,&quot;map_type&quot;:&quot;GM&quot;,&quot;center_index&quot;:0}' class=\"wpmapblockrender\" style=\"\n\t\t\twidth: 100%;\n\t\t\theight: 436px;\n\t\t\"><\/div>\n        \r\n\r\n\r\n<p>Il est mis en \u0153uvre un traitement de donn\u00e9es \u00e0 caract\u00e8re personnel ayant pour finalit\u00e9 l\u2019envoi p\u00e9riodique d\u2019une lettre d\u2019informations. Les renseignements identifi\u00e9s par un ast\u00e9risque sont obligatoires. Conform\u00e9ment \u00e0 la loi \u00ab Informatique et libert\u00e9s \u00bb du 6 janvier 1978, vous b\u00e9n\u00e9ficiez d\u2019un droit d\u2019acc\u00e8s et de rectification des donn\u00e9es vous concernant. Pour toute demande, adressez-nous un message \u00e0 permanence.bazin@gmail.com.<\/p>\r\n","protected":false},"excerpt":{"rendered":"","protected":false},"author":2,"featured_media":0,"parent":0,"menu_order":0,"comment_status":"open","ping_status":"closed","template":"","meta":[],"amp_enabled":true,"_links":{"self":[{"href":"https:\/\/thibaultbazin.fr\/index.php\/wp-json\/wp\/v2\/pages\/1453"}],"collection":[{"href":"https:\/\/thibaultbazin.fr\/index.php\/wp-json\/wp\/v2\/pages"}],"about":[{"href":"https:\/\/thibaultbazin.fr\/index.php\/wp-json\/wp\/v2\/types\/page"}],"author":[{"embeddable":true,"href":"https:\/\/thibaultbazin.fr\/index.php\/wp-json\/wp\/v2\/users\/2"}],"replies":[{"embeddable":true,"href":"https:\/\/thibaultbazin.fr\/index.php\/wp-json\/wp\/v2\/comments?post=1453"}],"version-history":[{"count":26,"href":"https:\/\/thibaultbazin.fr\/index.php\/wp-json\/wp\/v2\/pages\/1453\/revisions"}],"predecessor-version":[{"id":29524,"href":"https:\/\/thibaultbazin.fr\/index.php\/wp-json\/wp\/v2\/pages\/1453\/revisions\/29524"}],"wp:attachment":[{"href":"https:\/\/thibaultbazin.fr\/index.php\/wp-json\/wp\/v2\/media?parent=1453"}],"curies":[{"name":"wp","href":"https:\/\/api.w.org\/{rel}","templated":true}]}}