{"id":1544,"date":"2018-01-17T12:43:35","date_gmt":"2018-01-17T11:43:35","guid":{"rendered":"http:\/\/thibaultbazin.fr\/?page_id=1544"},"modified":"2025-05-29T13:49:39","modified_gmt":"2025-05-29T11:49:39","slug":"contacter-geoffrey-meresse-volleaux","status":"publish","type":"page","link":"https:\/\/thibaultbazin.fr\/index.php\/contacter-geoffrey-meresse-volleaux\/","title":{"rendered":"Contact sur mon territoire"},"content":{"rendered":"<p><span style=\"font-size: 12pt;\"><strong>Par t\u00e9l\u00e9phone<\/strong><\/span><\/p>\n<p><span style=\"font-family: georgia, palatino, serif; font-size: 12pt;\">03 54 57 00 65 \/ 06 70 70 25 13 <\/span><\/p>\n<p>Par mail<\/p>\n<p>geoffrey.meresse-volleaux@clb-an.fr<\/p>\n<p><span style=\"font-size: 12pt;\">Il est mis en \u0153uvre un traitement de donn\u00e9es \u00e0 caract\u00e8re personnel renseign\u00e9es dans ce formulaire\u00a0ayant pour finalit\u00e9 l\u2019envoi p\u00e9riodique d\u2019une lettre d\u2019informations. Les renseignements identifi\u00e9s par un ast\u00e9risque sont obligatoires. Conform\u00e9ment \u00e0 la loi \u00ab Informatique et libert\u00e9s \u00bb du 6 janvier 1978 et au RGPD, vous b\u00e9n\u00e9ficiez d\u2019un droit d\u2019acc\u00e8s, d&rsquo;opposition,\u00a0de rectification et de mise \u00e0 jour, de suppression, de limitation du traitement, de retrait du consentement des donn\u00e9es vous concernant. Le responsable de traitement et le destinataire de ces donn\u00e9es est Thibault BAZIN, D\u00e9put\u00e9 de Meurthe-et-Moselle. Aucun transfert de vos donn\u00e9es n&rsquo;est effectu\u00e9.\u00a0Pour toute demande, adressez-nous un message en cliquant sur \u00abME CONTACTER\u00bb ou par t\u00e9l\u00e9phone au 03 83 73 79 58.<\/span><\/p>\n","protected":false},"excerpt":{"rendered":"<p>Par t\u00e9l\u00e9phone 03 54 57 00 65 \/ 06 70 70 25 13 Par mail geoffrey.meresse-volleaux@clb-an.fr Il est mis en \u0153uvre un traitement de donn\u00e9es \u00e0 caract\u00e8re personnel renseign\u00e9es dans ce formulaire\u00a0ayant pour finalit\u00e9 l\u2019envoi p\u00e9riodique d\u2019une lettre d\u2019informations. Les renseignements identifi\u00e9s par un ast\u00e9risque sont obligatoires. Conform\u00e9ment \u00e0 la loi \u00ab Informatique et libert\u00e9s&hellip; <br \/> <a class=\"button small blue\" href=\"https:\/\/thibaultbazin.fr\/index.php\/contacter-geoffrey-meresse-volleaux\/\">Lire la suite<\/a><\/p>\n","protected":false},"author":2,"featured_media":0,"parent":0,"menu_order":0,"comment_status":"closed","ping_status":"closed","template":"","meta":[],"amp_enabled":true,"_links":{"self":[{"href":"https:\/\/thibaultbazin.fr\/index.php\/wp-json\/wp\/v2\/pages\/1544"}],"collection":[{"href":"https:\/\/thibaultbazin.fr\/index.php\/wp-json\/wp\/v2\/pages"}],"about":[{"href":"https:\/\/thibaultbazin.fr\/index.php\/wp-json\/wp\/v2\/types\/page"}],"author":[{"embeddable":true,"href":"https:\/\/thibaultbazin.fr\/index.php\/wp-json\/wp\/v2\/users\/2"}],"replies":[{"embeddable":true,"href":"https:\/\/thibaultbazin.fr\/index.php\/wp-json\/wp\/v2\/comments?post=1544"}],"version-history":[{"count":13,"href":"https:\/\/thibaultbazin.fr\/index.php\/wp-json\/wp\/v2\/pages\/1544\/revisions"}],"predecessor-version":[{"id":27998,"href":"https:\/\/thibaultbazin.fr\/index.php\/wp-json\/wp\/v2\/pages\/1544\/revisions\/27998"}],"wp:attachment":[{"href":"https:\/\/thibaultbazin.fr\/index.php\/wp-json\/wp\/v2\/media?parent=1544"}],"curies":[{"name":"wp","href":"https:\/\/api.w.org\/{rel}","templated":true}]}}