{"id":16163,"date":"2022-08-24T12:29:11","date_gmt":"2022-08-24T10:29:11","guid":{"rendered":"http:\/\/thibaultbazin.fr\/?page_id=16163"},"modified":"2026-03-04T17:26:21","modified_gmt":"2026-03-04T16:26:21","slug":"permanence-decentralisee","status":"publish","type":"page","link":"https:\/\/thibaultbazin.fr\/index.php\/permanence-decentralisee\/","title":{"rendered":"Permanences d\u00e9centralis\u00e9es"},"content":{"rendered":"<p style=\"text-align: justify;\">Je souhaite rester un <strong>d\u00e9put\u00e9 \u00e0 votre \u00e9coute et proche de vous<\/strong>. Avec mon \u00e9quipe parlementaire, je me d\u00e9place dans ma circonscription pour vous rencontrer. <strong>Je r\u00e9alise r\u00e9guli\u00e8rement des permanences d\u00e9centralis\u00e9es<\/strong>.<\/p>\n<p>Prochaines permanences d\u00e9centralis\u00e9es tr\u00e8s prochainement.<\/p>\n<p style=\"text-align: justify;\">Pour tout renseignement compl\u00e9mentaire, vous pouvez joindre mon \u00e9quipe parlementaire au 03 83 73 79 58.<\/p>\n<p>&nbsp;<\/p>\n","protected":false},"excerpt":{"rendered":"<p>Je souhaite rester un d\u00e9put\u00e9 \u00e0 votre \u00e9coute et proche de vous. Avec mon \u00e9quipe parlementaire, je me d\u00e9place dans ma circonscription pour vous rencontrer. Je r\u00e9alise r\u00e9guli\u00e8rement des permanences d\u00e9centralis\u00e9es. Prochaines permanences d\u00e9centralis\u00e9es tr\u00e8s prochainement. Pour tout renseignement compl\u00e9mentaire, vous pouvez joindre mon \u00e9quipe parlementaire au 03 83 73 79 58. &nbsp;<\/p>\n","protected":false},"author":2,"featured_media":0,"parent":0,"menu_order":0,"comment_status":"closed","ping_status":"closed","template":"","meta":[],"amp_enabled":true,"_links":{"self":[{"href":"https:\/\/thibaultbazin.fr\/index.php\/wp-json\/wp\/v2\/pages\/16163"}],"collection":[{"href":"https:\/\/thibaultbazin.fr\/index.php\/wp-json\/wp\/v2\/pages"}],"about":[{"href":"https:\/\/thibaultbazin.fr\/index.php\/wp-json\/wp\/v2\/types\/page"}],"author":[{"embeddable":true,"href":"https:\/\/thibaultbazin.fr\/index.php\/wp-json\/wp\/v2\/users\/2"}],"replies":[{"embeddable":true,"href":"https:\/\/thibaultbazin.fr\/index.php\/wp-json\/wp\/v2\/comments?post=16163"}],"version-history":[{"count":39,"href":"https:\/\/thibaultbazin.fr\/index.php\/wp-json\/wp\/v2\/pages\/16163\/revisions"}],"predecessor-version":[{"id":30733,"href":"https:\/\/thibaultbazin.fr\/index.php\/wp-json\/wp\/v2\/pages\/16163\/revisions\/30733"}],"wp:attachment":[{"href":"https:\/\/thibaultbazin.fr\/index.php\/wp-json\/wp\/v2\/media?parent=16163"}],"curies":[{"name":"wp","href":"https:\/\/api.w.org\/{rel}","templated":true}]}}