{"id":18954,"date":"2023-02-15T11:06:35","date_gmt":"2023-02-15T10:06:35","guid":{"rendered":"https:\/\/thibaultbazin.fr\/index.php\/one-page-express\/"},"modified":"2026-02-27T09:11:09","modified_gmt":"2026-02-27T08:11:09","slug":"one-page-express","status":"publish","type":"page","link":"https:\/\/thibaultbazin.fr\/","title":{"rendered":"Front Page"},"content":{"rendered":"<div id=\"mes-actualites\" class=\"blog-section\" style=\"background-color: #ffffff;\" data-label=\"Mes actualites\" data-id=\"blog-section\" data-category=\"latest_news\">\r\n<div class=\"gridContainer\">\r\n<div class=\"blog-textrow\">\r\n<div class=\"blog-textcol dynamic-color\" data-type=\"column\">\r\n<h2 class=\"\">Mes derni\u00e8res actualit\u00e9s<\/h2>\r\n<\/div>\r\n<\/div>\r\n<div class=\"blog-postsrow dark-text\" data-type=\"row\" data-dynamic-columns=\"one_page_express_latest_news_columns\" data-content-shortcode=\"one_page_express_latest_news\">\t\t\t<div id=\"post-30823\" class=\"blog-postcol cp4cols\">\n\t\t\t<div class=\"post-content\">\n\t\t\t\t\t\t\t\t<div class=\"row_345\">\n\t\t\t\t\t<h3 class=\"blog-title\">\n\t\t\t\t\t\t<a href=\"https:\/\/thibaultbazin.fr\/index.php\/2026\/04\/15\/20e-rencontre-sur-le-cancer\/\" rel=\"bookmark\">\n\t\t\t\t\t\t\t20e Rencontre sur le Cancer\t\t\t\t\t\t<\/a>\n\t\t\t\t\t<\/h3>\n\t\t\t\t\t<p>Le mardi 14 avril s\u2019est tenue la 20\u1d49 rencontre sur le cancer, co pr\u00e9sid\u00e9e par Thibault Bazin, d\u00e9put\u00e9 de Meurthe-et-Moselle et rapporteur g\u00e9n\u00e9ral de la commission des affaires sociales, aux[&hellip;]<\/p>\n\t\t\t\t\t<a class=\"button blue small\" href=\"https:\/\/thibaultbazin.fr\/index.php\/2026\/04\/15\/20e-rencontre-sur-le-cancer\/\">\n\t\t\t\t\t\t<span data-theme=\"one_page_express_latest_news_read_more\">Read more<\/span>\n\t\t\t\t\t<\/a>\n\t\t\t\t\t<hr class=\"blog-separator\">\n<div class=\"post-header\">\n    <i class=\"font-icon-post fa fa-user\"><\/i>\n    <a href=\"https:\/\/thibaultbazin.fr\/index.php\/author\/tbazin\/\" title=\"Articles par Thibault BAZIN\" rel=\"author\">Thibault BAZIN<\/a>    <i class=\"font-icon-post fa fa-calendar\"><\/i>\n    <span class=\"span12\">15 avril 2026<\/span>\n\n    <i class=\"font-icon-post fa fa-comment-o\"><\/i>\n    <span>0<\/span>\n<\/div>\t\t\t\t<\/div>\n\t\t\t<\/div>\n\t\t<\/div>\n\t\t\t\t<div id=\"post-30820\" class=\"blog-postcol cp4cols\">\n\t\t\t<div class=\"post-content\">\n\t\t\t\t\t\t\t\t<div class=\"row_345\">\n\t\t\t\t\t<h3 class=\"blog-title\">\n\t\t\t\t\t\t<a href=\"https:\/\/thibaultbazin.fr\/index.php\/2026\/04\/14\/agenda-semaine-16-4\/\" rel=\"bookmark\">\n\t\t\t\t\t\t\tAGENDA &#8211; Semaine 16\t\t\t\t\t\t<\/a>\n\t\t\t\t\t<\/h3>\n\t\t\t\t\t\t\t\t\t\t<a class=\"button blue small\" href=\"https:\/\/thibaultbazin.fr\/index.php\/2026\/04\/14\/agenda-semaine-16-4\/\">\n\t\t\t\t\t\t<span data-theme=\"one_page_express_latest_news_read_more\">Read more<\/span>\n\t\t\t\t\t<\/a>\n\t\t\t\t\t<hr class=\"blog-separator\">\n<div class=\"post-header\">\n    <i class=\"font-icon-post fa fa-user\"><\/i>\n    <a href=\"https:\/\/thibaultbazin.fr\/index.php\/author\/tbazin\/\" title=\"Articles par Thibault BAZIN\" rel=\"author\">Thibault BAZIN<\/a>    <i class=\"font-icon-post fa fa-calendar\"><\/i>\n    <span class=\"span12\">14 avril 2026<\/span>\n\n    <i class=\"font-icon-post fa fa-comment-o\"><\/i>\n    <span>0<\/span>\n<\/div>\t\t\t\t<\/div>\n\t\t\t<\/div>\n\t\t<\/div>\n\t\t\t\t<div id=\"post-30815\" class=\"blog-postcol cp4cols\">\n\t\t\t<div class=\"post-content\">\n\t\t\t\t\t\t\t\t<div class=\"row_345\">\n\t\t\t\t\t<h3 class=\"blog-title\">\n\t\t\t\t\t\t<a href=\"https:\/\/thibaultbazin.fr\/index.php\/2026\/04\/13\/intervention-1er-mai\/\" rel=\"bookmark\">\n\t\t\t\t\t\t\tIntervention 1er mai\t\t\t\t\t\t<\/a>\n\t\t\t\t\t<\/h3>\n\t\t\t\t\t<p>Retrouvez ci-dessous la vid\u00e9o de mon intervention \u00e0 la tribune de l\u2019h\u00e9micycle le vendredi 10 Avril en s\u00e9ance publique lors de l\u2019examen de la proposition de loi visant \u00e0 s\u00e9curiser[&hellip;]<\/p>\n\t\t\t\t\t<a class=\"button blue small\" href=\"https:\/\/thibaultbazin.fr\/index.php\/2026\/04\/13\/intervention-1er-mai\/\">\n\t\t\t\t\t\t<span data-theme=\"one_page_express_latest_news_read_more\">Read more<\/span>\n\t\t\t\t\t<\/a>\n\t\t\t\t\t<hr class=\"blog-separator\">\n<div class=\"post-header\">\n    <i class=\"font-icon-post fa fa-user\"><\/i>\n    <a href=\"https:\/\/thibaultbazin.fr\/index.php\/author\/tbazin\/\" title=\"Articles par Thibault BAZIN\" rel=\"author\">Thibault BAZIN<\/a>    <i class=\"font-icon-post fa fa-calendar\"><\/i>\n    <span class=\"span12\">13 avril 2026<\/span>\n\n    <i class=\"font-icon-post fa fa-comment-o\"><\/i>\n    <span>0<\/span>\n<\/div>\t\t\t\t<\/div>\n\t\t\t<\/div>\n\t\t<\/div>\n\t\t<\/div>\r\n<div class=\"blog-textcol\"><a class=\"button blue\" href=\"https:\/\/thibaultbazin.fr\/index.php\/blog\/\" data-attr-shortcode=\"href:one_page_express_blog_link\">VOIR TOUS LES AUTRES POSTS<\/a><\/div>\r\n<\/div>\r\n<\/div>\r\n<div id=\"nous-rejoindre\" class=\"cta-blue-section\" data-label=\"Nous rejoindre\" data-id=\"cta-blue-section\" data-category=\"cta\">\r\n<div class=\"gridContainer\">\r\n<div class=\"flexbox-list flexbox-list-align-center row\">\r\n<div class=\"cta-blue-textcol dynamic-color\">\r\n<h2 class=\"cta-blue-text\"><b>Vous souhaitez soutenir mon action ?<\/b><\/h2>\r\n<\/div>\r\n<div class=\"cta-blue-btncol\"><a class=\"button big yellow dark-text\" href=\"https:\/\/thibaultbazin.fr\/index.php\/me-rejoindre\/#page-content\" target=\"_blank\" rel=\"noopener\"> Rejoignez-moi d\u00e8s aujourd\u2019hui ! <\/a><\/div>\r\n<\/div>\r\n<\/div>\r\n<\/div>\r\n<div id=\"features-7\" class=\"features-square-image-section\" style=\"background-color: #f6f6f6;\" data-label=\"Features\" data-id=\"features-square-image-section\" data-category=\"features\">\r\n<div class=\"gridContainer dynamic-color\">\r\n<div class=\"features-square-image-textrow\">\r\n<div class=\"features-square-image-textcol\" data-type=\"column\">\r\n<h2 class=\"\">Mes diff\u00e9rentes missions<\/h2>\r\n<p class=\"\" style=\"text-align: justify;\">En tant que d\u00e9put\u00e9, mes missions sont tr\u00e8s vari\u00e9es. Je travaille aussi bien au sein de l\u2019Assembl\u00e9e Nationale que dans ma circonscription, o\u00f9 je m\u2019efforce de repr\u00e9senter au mieux les int\u00e9r\u00eats de mes concitoyens. La d\u00e9fense de nos valeurs et de nos int\u00e9r\u00eats locaux est au c\u0153ur de mon engagement.<\/p>\r\n\r\n<\/div>\r\n<\/div>\r\n<div class=\"features-square-image-innerrow\" data-type=\"row\">\r\n<div class=\"features-square-image-featcol cp6cols-tablet cp6cols\">\r\n\r\n<img decoding=\"async\" class=\"features-square-image-featimg\" src=\"https:\/\/thibaultbazin.fr\/wp-content\/uploads\/2017\/03\/4Y0A0023-scaled.jpg\" alt=\"\" \/>\r\n<h4 class=\"\" style=\"text-align: center;\">Dans ma circonscription<\/h4>\r\n<p class=\"\" style=\"text-align: justify;\">En tant que d\u00e9put\u00e9, je tiens \u00e0 mettre en avant l\u2019importance que j\u2019accorde \u00e0 ma circonscription. Mon objectif principal est de comprendre les besoins et les pr\u00e9occupations de mes \u00e9lecteurs afin de trouver des solutions qui am\u00e9lioreront leur qualit\u00e9 de vie.<\/p>\r\n<p style=\"text-align: center;\" class=\"\"><a class=\"button blue\" href=\"https:\/\/thibaultbazin.fr\/index.php\/la-circonscription\" target=\"_self\" rel=\"noopener\">En d\u00e9couvrir plus<\/a><\/p>\r\n\r\n<\/div>\r\n<div class=\"features-square-image-featcol cp6cols-tablet cp6cols\">\r\n\r\n<img decoding=\"async\" class=\"features-square-image-featimg\" src=\"https:\/\/thibaultbazin.fr\/wp-content\/uploads\/2023\/02\/AN_2585004-scaled.jpg\" alt=\"\" \/>\r\n<h4 class=\"\" style=\"text-align: center;\">Au sein de l\u2019Assembl\u00e9e Nationale<\/h4>\r\n<p class=\"\" style=\"text-align: justify;\">En tant que d\u00e9put\u00e9, je prends \u00e9galement part aux d\u00e9bats et aux votes \u00e0 l\u2019Assembl\u00e9e nationale, o\u00f9 je d\u00e9fends les int\u00e9r\u00eats de ma circonscription en proposant des amendements et en portant des projets de loi qui r\u00e9pondent \u00e0 leurs besoins.<\/p>\r\n<p style=\"text-align: center;\" class=\"\"><a class=\"button blue\" href=\"https:\/\/thibaultbazin.fr\/index.php\/mon-action\/#page-content\" target=\"_self\" rel=\"noopener\">En d\u00e9couvrir plus<\/a><\/p>\r\n\r\n<\/div>\r\n<\/div>\r\n<\/div>\r\n<\/div>\r\n<div id=\"numbers\" class=\"numbers-section\" data-label=\"Numbers\" data-id=\"numbers-section\" data-category=\"numbers\" data-bg=\"transparent\" data-parallax-depth=\"20\">\r\n<div class=\"dynamic-color\">\r\n<div class=\"numbers-itemcol\">\r\n<h2 class=\"numbers-numbertext\"><\/h2>\r\n<h3 class=\"numbers-titletext\"><\/h3>\r\n<\/div>\r\n<div class=\"numbers-itemcol\">\r\n<h2 class=\"numbers-numbertext\"><\/h2>\r\n<h3 class=\"numbers-titletext\"><\/h3>\r\n<\/div>\r\n<div class=\"numbers-itemcol-last\">\r\n<h2 class=\"numbers-numbertext\"><\/h2>\r\n<h3 class=\"numbers-titletext\"><\/h3>\r\n<\/div>\r\n<\/div>\r\n<\/div>\r\n<div id=\"mon-equipe\" class=\"team-colors-section\" style=\"background-color: #f6f6f6;\" data-label=\"Mon equipe\" data-id=\"team-colors-section\" data-category=\"team\">\r\n<div class=\"gridContainer\">\r\n<div class=\"team-colors-textcol dynamic-color\">\r\n<h2>Mon \u00e9quipe parlementaire<\/h2>\r\n<div style=\"display: flex; flex-wrap: wrap; gap: 2rem; margin-top: 1rem;\">\r\n<div style=\"flex: 1 1 250px; border: 1px solid #ccc; border-radius: 10px; padding: 1rem;\">\r\n<h3 style=\"margin-top: 0;\">Julie LASSUS<\/h3>\r\nCollaboratrice parlementaire \u00e0 Paris et en circonscription\r\n\r\n<a href=\"mailto:julie.lassus@clb-an.fr\">julie.lassus@clb-an.fr<\/a>\r\n\r\n<\/div>\r\n<div style=\"flex: 1 1 250px; border: 1px solid #ccc; border-radius: 10px; padding: 1rem;\">\r\n<h3 style=\"margin-top: 0;\">Isabelle Andr\u00e9<\/h3>\r\nSecr\u00e9taire parlementaire\r\n\r\n<a href=\"mailto:isabelle.andre@clb-an.fr\">isabelle.andre@clb-an.fr<\/a>\r\n\r\n<\/div>\r\n<div style=\"flex: 1 1 250px; border: 1px solid #ccc; border-radius: 10px; padding: 1rem;\">\r\n<h3 style=\"margin-top: 0;\">Bruniss\u00e8ne PETIT-JEAN<\/h3>\r\nCollaboratrice parlementaire \u00e0 Paris\r\n\r\n<a href=\"mailto:brunissene.petit-jean@clb-an.fr\">brunissene.petit-jean@clb-an.fr<\/a>\r\n\r\n<\/div>\r\n<div style=\"flex: 1 1 250px; border: 1px solid #ccc; border-radius: 10px; padding: 1rem;\">\r\n<h3 style=\"margin-top: 0;\">Sasha RICHARD<\/h3>\r\nCollaborateur parlementaire charg\u00e9 de communication\r\n\r\n<a href=\"mailto:sasha.richard@clb-an.fr\">sasha.richard@clb-an.fr<\/a>\r\n\r\n<\/div>\r\n<div style=\"flex: 1 1 250px; border: 1px solid #ccc; border-radius: 10px; padding: 1rem;\">\r\n<h3 style=\"margin-top: 0;\">Geoffrey Meresse-Volleaux<\/h3>\r\nCollaborateur parlementaire en circonscription\r\n\r\n<a href=\"mailto:Geoffrey.Meresse-Volleaux@clb-an.fr\">Geoffrey.Meresse-Volleaux@clb-an.fr<\/a>\r\n\r\n<\/div>\r\n<div style=\"flex: 1 1 250px; border: 1px solid #ccc; border-radius: 10px; padding: 1rem;\">\r\n<h3 style=\"margin-top: 0;\">Wenceslas Aubry<\/h3>\r\nCollaborateur parlementaire a Paris\r\n\r\n<a href=\"mailto:sasha.richard@clb-an.fr\"> wenceslas.aubry@clb-an.fr<\/a>\r\n\r\n<\/div>\r\n<\/div>\r\n<\/div>\r\n<\/div>\r\n<\/div>","protected":false},"excerpt":{"rendered":"<p>Mes derni\u00e8res actualit\u00e9s VOIR TOUS LES AUTRES POSTS Vous souhaitez soutenir mon action ? Rejoignez-moi d\u00e8s aujourd\u2019hui ! Mes diff\u00e9rentes missions En tant que d\u00e9put\u00e9, mes missions sont tr\u00e8s vari\u00e9es. Je travaille aussi bien au sein de l\u2019Assembl\u00e9e Nationale que dans ma circonscription, o\u00f9 je m\u2019efforce de repr\u00e9senter au mieux les int\u00e9r\u00eats de mes concitoyens.&hellip; <br \/> <a class=\"button small blue\" href=\"https:\/\/thibaultbazin.fr\/index.php\/2026\/04\/13\/intervention-1er-mai\/\">Lire la suite<\/a><\/p>\n","protected":false},"author":2,"featured_media":0,"parent":0,"menu_order":0,"comment_status":"open","ping_status":"closed","template":"","meta":[],"amp_enabled":true,"_links":{"self":[{"href":"https:\/\/thibaultbazin.fr\/index.php\/wp-json\/wp\/v2\/pages\/18954"}],"collection":[{"href":"https:\/\/thibaultbazin.fr\/index.php\/wp-json\/wp\/v2\/pages"}],"about":[{"href":"https:\/\/thibaultbazin.fr\/index.php\/wp-json\/wp\/v2\/types\/page"}],"author":[{"embeddable":true,"href":"https:\/\/thibaultbazin.fr\/index.php\/wp-json\/wp\/v2\/users\/2"}],"replies":[{"embeddable":true,"href":"https:\/\/thibaultbazin.fr\/index.php\/wp-json\/wp\/v2\/comments?post=18954"}],"version-history":[{"count":79,"href":"https:\/\/thibaultbazin.fr\/index.php\/wp-json\/wp\/v2\/pages\/18954\/revisions"}],"predecessor-version":[{"id":30721,"href":"https:\/\/thibaultbazin.fr\/index.php\/wp-json\/wp\/v2\/pages\/18954\/revisions\/30721"}],"wp:attachment":[{"href":"https:\/\/thibaultbazin.fr\/index.php\/wp-json\/wp\/v2\/media?parent=18954"}],"curies":[{"name":"wp","href":"https:\/\/api.w.org\/{rel}","templated":true}]}}