{"id":19367,"date":"2023-03-02T16:22:31","date_gmt":"2023-03-02T15:22:31","guid":{"rendered":"https:\/\/thibaultbazin.fr\/?page_id=19367"},"modified":"2023-03-02T16:26:39","modified_gmt":"2023-03-02T15:26:39","slug":"propositions-de-loi-dans-le-domaine-de-la-sante","status":"publish","type":"page","link":"https:\/\/thibaultbazin.fr\/index.php\/mes-propositions-de-loi\/propositions-de-loi-dans-le-domaine-de-la-sante\/","title":{"rendered":"Propositions de loi dans le domaine de la sant\u00e9"},"content":{"rendered":"\n<h1 style=\"text-align: center;\">Mandat 2022 &#8211; 2027<\/h1>\n\n\n\n<p style=\"text-align: center;\">Veuillez cliquer sur l&rsquo;image concernant la loi qui vous int\u00e9resse afin d&rsquo;acc\u00e9der \u00e0 ces propositions.<\/p>\n\n\n<div class=\"wp-block-image\">\n<figure class=\"aligncenter size-full is-resized\"><img fetchpriority=\"high\" decoding=\"async\" src=\"https:\/\/thibaultbazin.fr\/wp-content\/uploads\/2023\/03\/sante.png\" alt=\"\" class=\"wp-image-19351\" width=\"235\" height=\"235\" srcset=\"https:\/\/thibaultbazin.fr\/wp-content\/uploads\/2023\/03\/sante.png 512w, https:\/\/thibaultbazin.fr\/wp-content\/uploads\/2023\/03\/sante-300x300.png 300w, https:\/\/thibaultbazin.fr\/wp-content\/uploads\/2023\/03\/sante-150x150.png 150w\" sizes=\"(max-width: 235px) 100vw, 235px\" \/><\/figure><\/div>\n\n\n\n\n<div style=\"height:100px\" aria-hidden=\"true\" class=\"wp-block-spacer\"><\/div>\n\n\n<div class=\"wp-block-image\">\n<figure class=\"aligncenter size-full\"><a href=\"https:\/\/www.assemblee-nationale.fr\/dyn\/16\/textes\/l16b0018_proposition-loi#\"><img decoding=\"async\" width=\"454\" height=\"140\" src=\"https:\/\/thibaultbazin.fr\/wp-content\/uploads\/2022\/07\/Screenshot-2022-07-22-at-15-27-15-Proposition-de-loi-constitutionnelle-n\u00ba-18-visant-\u00e0-proscrire-le-recours-\u00e0-la-gestation-pour-autrui.png\" alt=\"\" class=\"wp-image-15999\" srcset=\"https:\/\/thibaultbazin.fr\/wp-content\/uploads\/2022\/07\/Screenshot-2022-07-22-at-15-27-15-Proposition-de-loi-constitutionnelle-n\u00ba-18-visant-\u00e0-proscrire-le-recours-\u00e0-la-gestation-pour-autrui.png 454w, https:\/\/thibaultbazin.fr\/wp-content\/uploads\/2022\/07\/Screenshot-2022-07-22-at-15-27-15-Proposition-de-loi-constitutionnelle-n\u00ba-18-visant-\u00e0-proscrire-le-recours-\u00e0-la-gestation-pour-autrui-300x93.png 300w\" sizes=\"(max-width: 454px) 100vw, 454px\" \/><\/a><\/figure><\/div>\n\n\n<hr class=\"wp-block-separator has-alpha-channel-opacity\"\/>\n\n\n","protected":false},"excerpt":{"rendered":"","protected":false},"author":2,"featured_media":0,"parent":1447,"menu_order":0,"comment_status":"closed","ping_status":"closed","template":"","meta":[],"amp_enabled":true,"_links":{"self":[{"href":"https:\/\/thibaultbazin.fr\/index.php\/wp-json\/wp\/v2\/pages\/19367"}],"collection":[{"href":"https:\/\/thibaultbazin.fr\/index.php\/wp-json\/wp\/v2\/pages"}],"about":[{"href":"https:\/\/thibaultbazin.fr\/index.php\/wp-json\/wp\/v2\/types\/page"}],"author":[{"embeddable":true,"href":"https:\/\/thibaultbazin.fr\/index.php\/wp-json\/wp\/v2\/users\/2"}],"replies":[{"embeddable":true,"href":"https:\/\/thibaultbazin.fr\/index.php\/wp-json\/wp\/v2\/comments?post=19367"}],"version-history":[{"count":4,"href":"https:\/\/thibaultbazin.fr\/index.php\/wp-json\/wp\/v2\/pages\/19367\/revisions"}],"predecessor-version":[{"id":19373,"href":"https:\/\/thibaultbazin.fr\/index.php\/wp-json\/wp\/v2\/pages\/19367\/revisions\/19373"}],"up":[{"embeddable":true,"href":"https:\/\/thibaultbazin.fr\/index.php\/wp-json\/wp\/v2\/pages\/1447"}],"wp:attachment":[{"href":"https:\/\/thibaultbazin.fr\/index.php\/wp-json\/wp\/v2\/media?parent=19367"}],"curies":[{"name":"wp","href":"https:\/\/api.w.org\/{rel}","templated":true}]}}