{"id":25835,"date":"2024-07-15T16:30:25","date_gmt":"2024-07-15T14:30:25","guid":{"rendered":"https:\/\/thibaultbazin.fr\/?page_id=25835"},"modified":"2024-07-15T17:40:04","modified_gmt":"2024-07-15T15:40:04","slug":"droit-de-reponse","status":"publish","type":"page","link":"https:\/\/thibaultbazin.fr\/index.php\/droit-de-reponse\/","title":{"rendered":"Droit de r\u00e9ponse"},"content":{"rendered":"<p>Lors de la campagne des \u00e9lections l\u00e9gislatives qui vient de se d\u00e9rouler, j\u2019ai \u00e9t\u00e9 critiqu\u00e9 parfois de mani\u00e8re caricaturale pour certains votes pass\u00e9s. Je tiens \u00e0 m\u2019en expliquer ici.<\/p>\n<p>Vous trouverez ci-apr\u00e8s des explications et des r\u00e9ponses d\u00e9taill\u00e9es aux interrogations soulev\u00e9es. Mon objectif est de fournir des clarifications et de partager les raisons qui ont motiv\u00e9 mes votes pass\u00e9s afin de favoriser une meilleure compr\u00e9hension et un dialogue constructif.<\/p>\n<p><strong>Pourquoi ai-je vot\u00e9 contre l\u2019inscription du droit \u00e0 l\u2019avortement dans la Constitution ?<\/strong><\/p>\n<p><em>Concernant mon explication de vote sur l\u2019inscription dans la constitution d\u2019une \u00ab libert\u00e9 garantie \u00bb pour l\u2019IVG pour lequel j\u2019ai \u00e9t\u00e9 caricatur\u00e9, je vous prie de trouver ci-dessous, celle que j\u2019ai envoy\u00e9 \u00e0 la presse au moment des d\u00e9bats (et qui malheureusement n\u2019a jamais \u00e9t\u00e9 reprise par la presse \u2013 je pr\u00e9cise d\u2019ailleurs qu\u2019en sept ann\u00e9es de mandat je n\u2019ai jamais vot\u00e9 ou d\u00e9pos\u00e9 d\u2019amendement pour revenir sur la loi de Simone Veil). Je pensais juste cette r\u00e9forme constitutionnelle inutile et mal \u00e9crite (j\u2019aurais pr\u00e9f\u00e9r\u00e9 qu\u2019elle reprenne justement la r\u00e9daction de la loi Veil).<\/em><\/p>\n<blockquote class=\"wp-embedded-content\" data-secret=\"nj6uto86Mw\"><p><a href=\"https:\/\/thibaultbazin.fr\/index.php\/2024\/03\/05\/explications-de-vote-du-depute-thibault-bazin-au-congres-contre-la-reforme-de-la-constitution-souhaitee-par-le-president-de-la-republique\/\">Explications de vote du d\u00e9put\u00e9 Thibault BAZIN au congr\u00e8s contre la r\u00e9forme de la constitution souhait\u00e9e par le Pr\u00e9sident de la R\u00e9publique<\/a><\/p><\/blockquote>\n<p><iframe class=\"wp-embedded-content\" sandbox=\"allow-scripts\" security=\"restricted\" style=\"position: absolute; clip: rect(1px, 1px, 1px, 1px);\" title=\"\u00ab\u00a0Explications de vote du d\u00e9put\u00e9 Thibault BAZIN au congr\u00e8s contre la r\u00e9forme de la constitution souhait\u00e9e par le Pr\u00e9sident de la R\u00e9publique\u00a0\u00bb &#8212; Thibault BAZIN\" src=\"https:\/\/thibaultbazin.fr\/index.php\/2024\/03\/05\/explications-de-vote-du-depute-thibault-bazin-au-congres-contre-la-reforme-de-la-constitution-souhaitee-par-le-president-de-la-republique\/embed\/#?secret=9oXuWV1ZFR#?secret=nj6uto86Mw\" data-secret=\"nj6uto86Mw\" width=\"600\" height=\"338\" frameborder=\"0\" marginwidth=\"0\" marginheight=\"0\" scrolling=\"no\"><\/iframe><\/p>\n<p><strong>Pourquoi je n\u2019ai pas vot\u00e9 la motion de censure contre le gouvernement lors de la loi retraite ?<\/strong><\/p>\n<blockquote class=\"wp-embedded-content\" data-secret=\"tvRoEDQXpL\"><p><a href=\"https:\/\/thibaultbazin.fr\/index.php\/2023\/03\/20\/explications-du-depute-thibault-bazin-sur-les-questions-posees-par-les-motions-de-censure\/\">Explications du d\u00e9put\u00e9 Thibault Bazin sur les questions pos\u00e9es par les motions de censure<\/a><\/p><\/blockquote>\n<p><iframe class=\"wp-embedded-content\" sandbox=\"allow-scripts\" security=\"restricted\" style=\"position: absolute; clip: rect(1px, 1px, 1px, 1px);\" title=\"\u00ab\u00a0Explications du d\u00e9put\u00e9 Thibault Bazin sur les questions pos\u00e9es par les motions de censure\u00a0\u00bb &#8212; Thibault BAZIN\" src=\"https:\/\/thibaultbazin.fr\/index.php\/2023\/03\/20\/explications-du-depute-thibault-bazin-sur-les-questions-posees-par-les-motions-de-censure\/embed\/#?secret=uDmBgye6nP#?secret=tvRoEDQXpL\" data-secret=\"tvRoEDQXpL\" width=\"600\" height=\"338\" frameborder=\"0\" marginwidth=\"0\" marginheight=\"0\" scrolling=\"no\"><\/iframe><\/p>\n<p><strong>Pourquoi n&rsquo;ai-je pas mis le logo des LR ?<br \/>\n<\/strong><\/p>\n<p><em>\u201cEn pr\u00e9fecture j\u2019ai indiqu\u00e9 \u00ab droite r\u00e9publicaine ind\u00e9pendante \u00bb.<\/em><\/p>\n<p><em>En effet, il y a un profond trouble actuellement sur les \u00e9tiquettes politiques \u00e0 la suite des r\u00e9cents \u00e9v\u00e9nements. <\/em><\/p>\n<p><em>Cette question du positionnement m\u2019a \u00e9t\u00e9 pos\u00e9e par de tr\u00e8s nombreux m\u00e9dias le mardi 11 juin \u00e0 la suite du ralliement d\u2019Eric CIOTTI au Rassemblement National. \u00c0 tous j\u2019ai r\u00e9pondu de mani\u00e8re tr\u00e8s claire que je ne m\u2019inscris pas dans cette strat\u00e9gie d\u2019alliance. L\u2019\u00e9dition de l\u2019Est R\u00e9publicain du mercredi 12 juin fait \u00e9tat de ma position pages 2 et 3. Je reste fid\u00e8le pour ma part \u00e0 mes valeurs gaullistes. Comme je l\u2019indique dans ma profession de foi, je suis de sensibilit\u00e9 gaulliste, soucieux d\u2019un am\u00e9nagement \u00e9quitable du territoire, je crois au m\u00e9rite.<\/em><\/p>\n<p><em>Je m\u2019engage \u00e0 porter une voix libre et ind\u00e9pendante de cette logique de blocs mis en avant par les m\u00e9dias. Je suis convaincu que cette libert\u00e9 est possible si la l\u00e9gitimit\u00e9 vient davantage du terrain que d\u2019une \u00e9tiquette politique. <\/em><\/p>\n<p><em>Comme je le fais depuis que je suis \u00e9lu, je soutiendrai les mesures qui iront dans le bon sens et m\u2019opposerai quand ce n\u2019est pas le cas.\u201d<\/em><\/p>\n","protected":false},"excerpt":{"rendered":"<p>Lors de la campagne des \u00e9lections l\u00e9gislatives qui vient de se d\u00e9rouler, j\u2019ai \u00e9t\u00e9 critiqu\u00e9 parfois de mani\u00e8re caricaturale pour certains votes pass\u00e9s. Je tiens \u00e0 m\u2019en expliquer ici. Vous trouverez ci-apr\u00e8s des explications et des r\u00e9ponses d\u00e9taill\u00e9es aux interrogations soulev\u00e9es. Mon objectif est de fournir des clarifications et de partager les raisons qui ont&hellip; <br \/> <a class=\"button small blue\" href=\"https:\/\/thibaultbazin.fr\/index.php\/droit-de-reponse\/\">Lire la suite<\/a><\/p>\n","protected":false},"author":2,"featured_media":0,"parent":0,"menu_order":0,"comment_status":"closed","ping_status":"closed","template":"","meta":[],"amp_enabled":true,"_links":{"self":[{"href":"https:\/\/thibaultbazin.fr\/index.php\/wp-json\/wp\/v2\/pages\/25835"}],"collection":[{"href":"https:\/\/thibaultbazin.fr\/index.php\/wp-json\/wp\/v2\/pages"}],"about":[{"href":"https:\/\/thibaultbazin.fr\/index.php\/wp-json\/wp\/v2\/types\/page"}],"author":[{"embeddable":true,"href":"https:\/\/thibaultbazin.fr\/index.php\/wp-json\/wp\/v2\/users\/2"}],"replies":[{"embeddable":true,"href":"https:\/\/thibaultbazin.fr\/index.php\/wp-json\/wp\/v2\/comments?post=25835"}],"version-history":[{"count":5,"href":"https:\/\/thibaultbazin.fr\/index.php\/wp-json\/wp\/v2\/pages\/25835\/revisions"}],"predecessor-version":[{"id":25841,"href":"https:\/\/thibaultbazin.fr\/index.php\/wp-json\/wp\/v2\/pages\/25835\/revisions\/25841"}],"wp:attachment":[{"href":"https:\/\/thibaultbazin.fr\/index.php\/wp-json\/wp\/v2\/media?parent=25835"}],"curies":[{"name":"wp","href":"https:\/\/api.w.org\/{rel}","templated":true}]}}