{"id":29377,"date":"2025-09-10T15:49:34","date_gmt":"2025-09-10T13:49:34","guid":{"rendered":"https:\/\/thibaultbazin.fr\/?page_id=29377"},"modified":"2025-09-10T15:49:34","modified_gmt":"2025-09-10T13:49:34","slug":"politique-de-confidentialite","status":"publish","type":"page","link":"https:\/\/thibaultbazin.fr\/index.php\/politique-de-confidentialite\/","title":{"rendered":"Politique de confidentialit\u00e9"},"content":{"rendered":"<p>1. Introduction<\/p>\n<p>La pr\u00e9sente politique de confidentialit\u00e9 a pour objectif d\u2019informer les visiteurs du site https:\/\/thibaultbazin.fr (ci-apr\u00e8s \u00ab le Site \u00bb) sur la collecte, l\u2019utilisation et la protection de leurs donn\u00e9es personnelles, conform\u00e9ment au R\u00e8glement G\u00e9n\u00e9ral sur la Protection des Donn\u00e9es (RGPD) et \u00e0 la loi Informatique et Libert\u00e9s.<\/p>\n<p>2. Responsable du traitement<br \/>\nLe responsable du traitement est :<br \/>\nThibault Bazin<br \/>\nAdresse : 17, rue Sadi Carnot \u2013 54300 Lun\u00e9ville<br \/>\nEmail de contact : permanence.bazin@gmail.com<\/p>\n<p>3. Donn\u00e9es collect\u00e9es<br \/>\nLes donn\u00e9es personnelles susceptibles d\u2019\u00eatre collect\u00e9es sur le Site sont :<br \/>\n&#8211; Formulaire de contact : nom, pr\u00e9nom, adresse email, t\u00e9l\u00e9phone, contenu du message.<br \/>\n&#8211; Newsletter : adresse email.<br \/>\nCes donn\u00e9es sont fournies volontairement par l\u2019utilisateur, sauf les donn\u00e9es techniques collect\u00e9es automatiquement lors de la navigation.<\/p>\n<p>4. Finalit\u00e9s et bases l\u00e9gales<br \/>\nLes traitements ont pour finalit\u00e9 :<br \/>\n&#8211; R\u00e9pondre aux demandes adress\u00e9es via le formulaire de contact<br \/>\n&#8211; Diffuser une newsletter ou des informations (inscription volontaire)<br \/>\n&#8211; Am\u00e9liorer le fonctionnement et la s\u00e9curit\u00e9 du site, \u00e9tablir des statistiques de fr\u00e9quentation<\/p>\n<p>5. Destinataires des donn\u00e9es<br \/>\nLes donn\u00e9es sont uniquement destin\u00e9es \u00e0 Thibault Bazin et, le cas \u00e9ch\u00e9ant, \u00e0 ses collaborateurs en charge de la communication et de la gestion du site.<br \/>\nElles ne sont pas transmises \u00e0 des tiers non autoris\u00e9s ni utilis\u00e9es \u00e0 des fins commerciales.<\/p>\n<p>6. Dur\u00e9e de conservation<br \/>\n&#8211; Donn\u00e9es du formulaire de contact : conserv\u00e9es 5 ans maximum apr\u00e8s le dernier \u00e9change.<br \/>\n&#8211; Donn\u00e9es de newsletter : conserv\u00e9es jusqu\u2019au retrait du consentement.<br \/>\n&#8211; Logs techniques : conserv\u00e9s pour une dur\u00e9e l\u00e9gale maximale de 12 mois.<\/p>\n<p>7. Droits des utilisateurs<br \/>\nConform\u00e9ment au RGPD, chaque utilisateur dispose des droits suivants :<br \/>\n&#8211; Droit d\u2019acc\u00e8s \u00e0 ses donn\u00e9es.<br \/>\n&#8211; Droit de rectification si elles sont inexactes ou incompl\u00e8tes.<br \/>\n&#8211; Droit \u00e0 l\u2019effacement (\u00ab droit \u00e0 l\u2019oubli \u00bb).<br \/>\n&#8211; Droit \u00e0 la limitation du traitement.<br \/>\n&#8211; Droit d\u2019opposition au traitement de ses donn\u00e9es.<br \/>\n&#8211; Droit \u00e0 la portabilit\u00e9 des donn\u00e9es fournies.<\/p>\n<p>Pour exercer ces droits, il suffit d\u2019\u00e9crire \u00e0 : permanence.bazin@gmail.com<br \/>\nL\u2019utilisateur dispose \u00e9galement du droit d\u2019introduire une r\u00e9clamation aupr\u00e8s de la CNIL (www.cnil.fr).<\/p>\n<p>8. S\u00e9curit\u00e9 des donn\u00e9es<br \/>\nLe Site met en \u0153uvre toutes les mesures techniques et organisationnelles n\u00e9cessaires pour prot\u00e9ger les donn\u00e9es personnelles contre la perte, l\u2019acc\u00e8s non autoris\u00e9, la divulgation ou l\u2019alt\u00e9ration.<\/p>\n<p>9. Modification de la politique<br \/>\nLa pr\u00e9sente politique de confidentialit\u00e9 peut \u00eatre mise \u00e0 jour afin de refl\u00e9ter les \u00e9volutions du Site ou des obligations l\u00e9gales. La date de derni\u00e8re mise \u00e0 jour sera toujours indiqu\u00e9e.<\/p>\n<p><em>Derni\u00e8re mise \u00e0 jour : 10 septembre 2025<\/em><\/p>\n","protected":false},"excerpt":{"rendered":"<p>1. Introduction La pr\u00e9sente politique de confidentialit\u00e9 a pour objectif d\u2019informer les visiteurs du site https:\/\/thibaultbazin.fr (ci-apr\u00e8s \u00ab le Site \u00bb) sur la collecte, l\u2019utilisation et la protection de leurs donn\u00e9es personnelles, conform\u00e9ment au R\u00e8glement G\u00e9n\u00e9ral sur la Protection des Donn\u00e9es (RGPD) et \u00e0 la loi Informatique et Libert\u00e9s. 2. Responsable du traitement Le responsable&hellip; <br \/> <a class=\"button small blue\" href=\"https:\/\/thibaultbazin.fr\/index.php\/politique-de-confidentialite\/\">Lire la suite<\/a><\/p>\n","protected":false},"author":2,"featured_media":0,"parent":0,"menu_order":0,"comment_status":"closed","ping_status":"closed","template":"","meta":[],"amp_enabled":true,"_links":{"self":[{"href":"https:\/\/thibaultbazin.fr\/index.php\/wp-json\/wp\/v2\/pages\/29377"}],"collection":[{"href":"https:\/\/thibaultbazin.fr\/index.php\/wp-json\/wp\/v2\/pages"}],"about":[{"href":"https:\/\/thibaultbazin.fr\/index.php\/wp-json\/wp\/v2\/types\/page"}],"author":[{"embeddable":true,"href":"https:\/\/thibaultbazin.fr\/index.php\/wp-json\/wp\/v2\/users\/2"}],"replies":[{"embeddable":true,"href":"https:\/\/thibaultbazin.fr\/index.php\/wp-json\/wp\/v2\/comments?post=29377"}],"version-history":[{"count":1,"href":"https:\/\/thibaultbazin.fr\/index.php\/wp-json\/wp\/v2\/pages\/29377\/revisions"}],"predecessor-version":[{"id":29378,"href":"https:\/\/thibaultbazin.fr\/index.php\/wp-json\/wp\/v2\/pages\/29377\/revisions\/29378"}],"wp:attachment":[{"href":"https:\/\/thibaultbazin.fr\/index.php\/wp-json\/wp\/v2\/media?parent=29377"}],"curies":[{"name":"wp","href":"https:\/\/api.w.org\/{rel}","templated":true}]}}