{"id":37,"date":"2017-02-02T07:50:05","date_gmt":"2017-02-02T06:50:05","guid":{"rendered":"http:\/\/thibaultbazin.fr\/?page_id=37"},"modified":"2026-02-16T16:42:36","modified_gmt":"2026-02-16T15:42:36","slug":"thibault-bazin-depute","status":"publish","type":"page","link":"https:\/\/thibaultbazin.fr\/index.php\/lequipe\/thibault-bazin-depute\/","title":{"rendered":"Thibault BAZIN, D\u00e9put\u00e9"},"content":{"rendered":"<p style=\"text-align: justify;\"><span style=\"font-size: 18pt;\"><strong><em><a href=\"https:\/\/thibaultbazin.fr\/wp-content\/uploads\/2022\/04\/IMG_7697-2.jpg\"><img fetchpriority=\"high\" decoding=\"async\" class=\"alignleft size-medium wp-image-14352\" src=\"https:\/\/thibaultbazin.fr\/wp-content\/uploads\/2022\/04\/IMG_7697-2-300x281.jpg\" alt=\"\" width=\"300\" height=\"281\" srcset=\"https:\/\/thibaultbazin.fr\/wp-content\/uploads\/2022\/04\/IMG_7697-2-300x281.jpg 300w, https:\/\/thibaultbazin.fr\/wp-content\/uploads\/2022\/04\/IMG_7697-2-768x720.jpg 768w, https:\/\/thibaultbazin.fr\/wp-content\/uploads\/2022\/04\/IMG_7697-2-1024x960.jpg 1024w, https:\/\/thibaultbazin.fr\/wp-content\/uploads\/2022\/04\/IMG_7697-2.jpg 1388w\" sizes=\"(max-width: 300px) 100vw, 300px\" \/><\/a><\/em><\/strong><\/span><\/p>\r\n<p style=\"text-align: justify;\"><em>\u00ab\u00a0<\/em><em>J\u2019ai 41 ans, je suis mari\u00e9 et p\u00e8re de quatre enfants.<\/em><\/p>\r\n<p style=\"text-align: justify;\"><em>Lors de mes \u00e9tudes \u00e0 l\u2019Institut d\u2019Etudes Politiques (IEP) de Strasbourg puis \u00e0 l\u2019Ecole Sup\u00e9rieure de Sciences Economiques et Commerciales (ESSEC), j\u2019ai parfait mes connaissances en droit public et en gestion financi\u00e8re des collectivit\u00e9s locales. J\u2019ai aussi suivi le cursus de la chaire d\u2019\u00e9conomie urbaine li\u00e9e \u00e0 l\u2019Institut des Villes et du Territoire (IVT).<\/em><\/p>\r\n<p style=\"text-align: justify;\"><em>Comp\u00e9tences que j\u2019ai mises au service de Rosi\u00e8res-aux-Salines pendant 9 ans comme maire entre 2008 et 2017. J\u2019y ai travaill\u00e9 avec une \u00e9quipe municipale qui faisait fi des clivages car le rassemblement de toutes les bonnes volont\u00e9s est essentiel pour moi, unis par le bon sens et l\u2019esprit responsable.<\/em><\/p>\r\n<p style=\"text-align: justify;\"><em>Cette ville o\u00f9 j\u2019ai grandi pr\u00e9sente des enjeux \u00e0 la fois urbains et ruraux, notamment \u00e0 travers ses 70 km de chemins communaux, ses 313 ha de for\u00eats sans oublier les 11 exploitations recens\u00e9es.<\/em><\/p>\r\n<p style=\"text-align: justify;\"><em>En 2012, Jacques Lamblin, alors d\u00e9put\u00e9 de la 4\u00e8me circonscription de Meurthe-Et-Moselle, me sollicite pour \u00eatre son suppl\u00e9ant jusqu\u2019en 2017. Cette exp\u00e9rience m\u2019a permis de me sensibiliser aux probl\u00e9matiques rencontr\u00e9es dans notre territoire.<\/em><\/p>\r\n<p style=\"text-align: justify;\"><em>Conseiller d\u00e9partemental depuis 2015, je suis membre de la commission \u00ab agriculture et environnement \u00bb. J\u2019essaie, avec ma bin\u00f4me Anne Lassus, de repr\u00e9senter au mieux les 54 communes de notre canton au Conseil D\u00e9partemental.<\/em><\/p>\r\n<p style=\"text-align: justify;\"><em>En parall\u00e8le de mon engagement d\u2019\u00e9lu, j\u2019ai souhait\u00e9 continuer \u00e0 travailler dans le priv\u00e9 comme d\u00e9veloppeur de projets urbains dans une entreprise du BTP afin de garder une libert\u00e9 et ne pas m\u2019approprier ces mandats, jusqu\u2019\u00e0 mon \u00e9lection comme d\u00e9put\u00e9 en juin 2017.<\/em><\/p>\r\n<p style=\"text-align: justify;\"><em>\u00c9lu le 18 Juin 2017, j\u2019abandonne mon mandat de Maire de Rosi\u00e8res-Aux-Salines, suite \u00e0 la loi du non-cumul des mandats et d\u00e9missionne totalement de mon emploi pour me consacrer \u00e0 mes mandats de d\u00e9put\u00e9 et conseiller d\u00e9partemental.<\/em><\/p>\r\n<p style=\"text-align: justify;\"><em>Apr\u00e8s avoir \u00e9t\u00e9 membre de la commission de la d\u00e9fense et des forces arm\u00e9es de juin 2017 \u00e0 septembre 2020, j\u2019ai rejoint la commission des affaires sociales au regard des nombreux enjeux d\u2019actualit\u00e9 (crise sanitaire, d\u00e9pendance\u2026), j&rsquo;ai \u00e9t\u00e9 \u00e9lu rapporteur g\u00e9n\u00e9ral le 22 janvier 2025 puis r\u00e9\u00e9lu le 2 octobre 2025, j\u2019ai choisi aussi de d\u00e9fendre nos territoires en \u00e9tant membre de la d\u00e9l\u00e9gation aux collectivit\u00e9s territoriales et \u00e0 la d\u00e9centralisation.<\/em><em>\u00ab\u00a0<\/em><\/p>\r\n<hr \/>\r\n<p><span style=\"font-size: 12pt; font-family: georgia, palatino, serif;\"><strong>Une formation en \u00e9conomie<\/strong><\/span><\/p>\r\n<p><span style=\"font-size: 12pt; font-family: georgia, palatino, serif;\"><strong><span style=\"color: #000080;\">2001<\/span> : <\/strong>prix de l\u2019\u00c9ducation de la Ville de Nancy.<\/span><\/p>\r\n<p><span style=\"font-size: 12pt; font-family: georgia, palatino, serif;\"><strong><span style=\"color: #000080;\">2002-2006<\/span> : <\/strong>dipl\u00f4m\u00e9 de l\u2019Institut d\u2019\u00c9tudes Politiques (IEP) de Strasbourg, fili\u00e8re \u00c9conomie et entreprises.<\/span><\/p>\r\n<p><span style=\"font-size: 12pt; font-family: georgia, palatino, serif;\"><strong><span style=\"color: #000080;\">2006-2008<\/span> : <\/strong>dipl\u00f4m\u00e9 de l\u2019\u00c9cole Sup\u00e9rieure de Sciences \u00c9conomiques et Commerciales (ESSEC), membre de la chaire d\u2019\u00e9conomie urbaine li\u00e9e \u00e0 l\u2019Institut des Villes et du Territoire (IVT).<\/span><\/p>\r\n<p><span style=\"font-family: georgia, palatino, serif; font-size: 12pt;\">\u00a0<\/span><\/p>\r\n<p><span style=\"font-size: 12pt; font-family: georgia, palatino, serif;\"><strong>Une exp\u00e9rience d\u2019\u00e9lu local<\/strong><\/span><\/p>\r\n<p><span style=\"font-size: 12pt; font-family: georgia, palatino, serif;\"><span style=\"color: #000080;\"><strong>2008-2017 : <\/strong><\/span>maire de Rosi\u00e8res-aux-Salines (2900 habitants), vice-pr\u00e9sident de la Communaut\u00e9 de Communes des Pays du Sel et du Vermois.<\/span><\/p>\r\n<p><span style=\"font-size: 12pt; font-family: georgia, palatino, serif;\"><span style=\"color: #000080;\"><strong>2012-2017 : <\/strong><\/span>suppl\u00e9ant du d\u00e9put\u00e9 Jacques LAMBLIN.<\/span><\/p>\r\n<p><span style=\"font-size: 12pt; font-family: georgia, palatino, serif;\"><span style=\"color: #000080;\"><strong>Depuis 2015 : <\/strong><\/span>conseiller d\u00e9partemental du canton de Lun\u00e9ville-2 (54 communes avec notamment Bayon, Blainville-Damelevi\u00e8res, Gerb\u00e9viller et Lun\u00e9ville) en bin\u00f4me avec Anne LASSUS.<\/span><\/p>\r\n<p><span style=\"font-size: 12pt; font-family: georgia, palatino, serif;\"><span style=\"color: #000080;\"><strong>Depuis 2017 : <\/strong><\/span>D\u00e9put\u00e9 de la quatri\u00e8me circonscription de Meurthe-et-Moselle.<\/span><\/p>\r\n<hr class=\"wp-block-separator has-alpha-channel-opacity\" \/>\r\n\r\n\r\n<p>Je fais partie de :<\/p>\r\n\r\n\r\n\r\n<ul>\r\n<li>Commission permanente :\r\n<ul>\r\n<li><a href=\"https:\/\/www.nosdeputes.fr\/organisme\/commission-des-affaires-sociales\">Affaires sociales<\/a> (rapporteur g\u00e9n\u00e9ral)<\/li>\r\n<\/ul>\r\n<\/li>\r\n<li>D\u00e9l\u00e9gations et Office :\r\n<ul>\r\n<li><a href=\"https:\/\/www.assemblee-nationale.fr\/dyn\/17\/organes\/delegations-comites-offices\/delegation-droits-enfants\">D\u00e9l\u00e9gation des droits des enfants<\/a> (membre)<\/li>\r\n<\/ul>\r\n<\/li>\r\n<\/ul>\r\n","protected":false},"excerpt":{"rendered":"<p>\u00ab\u00a0J\u2019ai 41 ans, je suis mari\u00e9 et p\u00e8re de quatre enfants. Lors de mes \u00e9tudes \u00e0 l\u2019Institut d\u2019Etudes Politiques (IEP) de Strasbourg puis \u00e0 l\u2019Ecole Sup\u00e9rieure de Sciences Economiques et Commerciales (ESSEC), j\u2019ai parfait mes connaissances en droit public et en gestion financi\u00e8re des collectivit\u00e9s locales. J\u2019ai aussi suivi le cursus de la chaire d\u2019\u00e9conomie&hellip; <br \/> <a class=\"button small blue\" href=\"https:\/\/thibaultbazin.fr\/index.php\/lequipe\/thibault-bazin-depute\/\">Lire la suite<\/a><\/p>\n","protected":false},"author":1,"featured_media":0,"parent":10,"menu_order":0,"comment_status":"closed","ping_status":"closed","template":"","meta":[],"amp_enabled":true,"_links":{"self":[{"href":"https:\/\/thibaultbazin.fr\/index.php\/wp-json\/wp\/v2\/pages\/37"}],"collection":[{"href":"https:\/\/thibaultbazin.fr\/index.php\/wp-json\/wp\/v2\/pages"}],"about":[{"href":"https:\/\/thibaultbazin.fr\/index.php\/wp-json\/wp\/v2\/types\/page"}],"author":[{"embeddable":true,"href":"https:\/\/thibaultbazin.fr\/index.php\/wp-json\/wp\/v2\/users\/1"}],"replies":[{"embeddable":true,"href":"https:\/\/thibaultbazin.fr\/index.php\/wp-json\/wp\/v2\/comments?post=37"}],"version-history":[{"count":33,"href":"https:\/\/thibaultbazin.fr\/index.php\/wp-json\/wp\/v2\/pages\/37\/revisions"}],"predecessor-version":[{"id":30610,"href":"https:\/\/thibaultbazin.fr\/index.php\/wp-json\/wp\/v2\/pages\/37\/revisions\/30610"}],"up":[{"embeddable":true,"href":"https:\/\/thibaultbazin.fr\/index.php\/wp-json\/wp\/v2\/pages\/10"}],"wp:attachment":[{"href":"https:\/\/thibaultbazin.fr\/index.php\/wp-json\/wp\/v2\/media?parent=37"}],"curies":[{"name":"wp","href":"https:\/\/api.w.org\/{rel}","templated":true}]}}