{"id":42,"date":"2017-02-02T07:52:30","date_gmt":"2017-02-02T06:52:30","guid":{"rendered":"http:\/\/thibaultbazin.fr\/?page_id=42"},"modified":"2018-01-17T11:53:08","modified_gmt":"2018-01-17T10:53:08","slug":"le-role-dun-depute-a-lassemblee-nationale","status":"publish","type":"page","link":"https:\/\/thibaultbazin.fr\/index.php\/lequipe\/le-role-dun-depute-a-lassemblee-nationale\/","title":{"rendered":"Le r\u00f4le d\u2019un D\u00e9put\u00e9 \u00e0 l&rsquo;Assembl\u00e9e Nationale"},"content":{"rendered":"<p style=\"text-align: justify;\">Le r\u00f4le premier du d\u00e9put\u00e9 est de <strong>voter les lois et de contr\u00f4ler l\u2019action du Gouvernement<\/strong>. En pratique, le travail l\u00e9gislatif \u00e0 l\u2019Assembl\u00e9e s\u2019\u00e9tend entre deux et quatre jours par semaine (le mardi, mercredi et jeudi \u00e9tant des jours de s\u00e9ance).<\/p>\n<p style=\"text-align: justify;\">Le d\u00e9put\u00e9 b\u00e9n\u00e9ficie d\u2019un bureau \u00e0 proximit\u00e9 de l\u2019h\u00e9micycle. Il pr\u00e9pare avec son attach\u00e9 parlementaire les dossiers l\u00e9gislatifs.<\/p>\n<p style=\"text-align: justify;\">\n<p style=\"text-align: justify;\">Il y a g\u00e9n\u00e9ralement 3 <strong>s\u00e9ances<\/strong> par jour le mardi, le mercredi et jeudi, et si besoin des s\u00e9ances le lundi et le vendredi voire le week-end. Le d\u00e9put\u00e9 participe aux d\u00e9bats sur les textes mis \u00e0 l\u2019ordre du jour, tout d\u2019abord au cours des travaux en commissions, puis en s\u00e9ance publique. Il peut pr\u00e9senter des amendements et, bien s\u00fbr, \u00e9mettre un vote sur les textes.<\/p>\n<p style=\"text-align: justify;\"><strong>\u00a0<\/strong><\/p>\n<p style=\"text-align: justify;\">Un d\u00e9put\u00e9 appartient obligatoirement \u00e0 l\u2019une des huit <strong>commissions permanentes<\/strong> de l\u2019Assembl\u00e9e dont la fonction principale est de pr\u00e9parer le d\u00e9bat qui aura lieu en s\u00e9ance publique et qui aboutira au vote de la loi. La pr\u00e9sence aux r\u00e9unions de la commission dont le d\u00e9put\u00e9 est membre est obligatoire en principe. Les 8 commissions permanentes\u00a0:<\/p>\n<ul>\n<li>D\u00e9fense nationale et des forces arm\u00e9es<\/li>\n<li>Affaires culturelles<\/li>\n<li>Affaires \u00e9conomiques<\/li>\n<li>Affaires \u00e9trang\u00e8res<\/li>\n<li>Affaires sociales<\/li>\n<li>D\u00e9veloppement durable<\/li>\n<li>Finances<\/li>\n<li>Loi<\/li>\n<\/ul>\n<p>Les commissions l\u00e9gislatives proc\u00e8dent notamment \u00e0 des auditions. Les r\u00e9unions ont souvent lieu en m\u00eame temps que les s\u00e9ances dans l\u2019h\u00e9micycle.<\/p>\n<p>&nbsp;<\/p>\n<p style=\"text-align: justify;\">Plusieurs outils permettent au d\u00e9put\u00e9 d\u2019interpeller le Gouvernement par des <strong>questions, orales ou \u00e9crites<\/strong>, sur tel ou tel aspect des politiques publiques, sur l\u2019opportunit\u00e9 de voir \u00e9voluer tel ou tel texte, en sugg\u00e9rant de mener des actions nouvelles par exemple. Les questions orales au Gouvernement, qui ont lieu jusqu\u2019\u00e0 deux fois par semaine \u00e0 l\u2019Assembl\u00e9e, sont les plus m\u00e9diatis\u00e9es.<\/p>\n<p style=\"text-align: justify;\">Les questions \u00e9crites ne sont, elles, pas contingent\u00e9es. Elles sont publi\u00e9es au journal officiel (JO) et doivent en principe recevoir une r\u00e9ponse dans les deux mois. En pratique, il s\u2019agit d\u2019une mani\u00e8re d\u2019interpeller le Gouvernement sur une question d\u2019actualit\u00e9 ou un probl\u00e8me juridique.<\/p>\n<p>&nbsp;<\/p>\n<p style=\"text-align: justify;\">Le d\u00e9put\u00e9 peut aussi participer \u00e0 des <strong>commissions d\u2019enqu\u00eate et \u00e0 des missions d\u2019information <\/strong>cr\u00e9\u00e9es par l\u2019Assembl\u00e9e. Gr\u00e2ce \u00e0 l\u2019\u00e9largissement de leurs moyens d\u2019investigation et \u00e0 la publicit\u00e9 de leurs auditions depuis 1991, les commissions d\u2019enqu\u00eate sont \u00e0 l\u2019heure actuelle des instruments d\u2019information et de contr\u00f4le efficaces, dont les conclusions sont susceptibles d\u2019infl\u00e9chir l\u2019action gouvernementale.<\/p>\n<p>&nbsp;<\/p>\n<p style=\"text-align: justify;\">Enfin, les groupes d\u2019\u00e9tudes sont des instances ouvertes \u00e0 tous les d\u00e9put\u00e9s et constitu\u00e9es pour approfondir et suivre des questions sp\u00e9cifiques, qu\u2019elles soient de nature politique, \u00e9conomique, sociale ou internationale. Ces instances n\u2019interviennent pas directement dans la proc\u00e9dure l\u00e9gislative. Leur mission est d\u2019assurer une veille juridique et technique sur des questions trop sp\u00e9cialis\u00e9es pour faire l\u2019objet d\u2019un examen suivi par les commissions permanentes (probl\u00e9matique, secteur d\u2019activit\u00e9\u2026). Les groupes d\u2019\u00e9tudes sont \u00e9galement le lieu de discussions et d\u2019\u00e9changes irrempla\u00e7ables entre d\u00e9put\u00e9s de tous bords.<\/p>\n","protected":false},"excerpt":{"rendered":"<p>Le r\u00f4le premier du d\u00e9put\u00e9 est de voter les lois et de contr\u00f4ler l\u2019action du Gouvernement. En pratique, le travail l\u00e9gislatif \u00e0 l\u2019Assembl\u00e9e s\u2019\u00e9tend entre deux et quatre jours par semaine (le mardi, mercredi et jeudi \u00e9tant des jours de s\u00e9ance). Le d\u00e9put\u00e9 b\u00e9n\u00e9ficie d\u2019un bureau \u00e0 proximit\u00e9 de l\u2019h\u00e9micycle. Il pr\u00e9pare avec son attach\u00e9&hellip; <br \/> <a class=\"button small blue\" href=\"https:\/\/thibaultbazin.fr\/index.php\/lequipe\/le-role-dun-depute-a-lassemblee-nationale\/\">Lire la suite<\/a><\/p>\n","protected":false},"author":1,"featured_media":0,"parent":10,"menu_order":0,"comment_status":"closed","ping_status":"closed","template":"","meta":[],"amp_enabled":true,"_links":{"self":[{"href":"https:\/\/thibaultbazin.fr\/index.php\/wp-json\/wp\/v2\/pages\/42"}],"collection":[{"href":"https:\/\/thibaultbazin.fr\/index.php\/wp-json\/wp\/v2\/pages"}],"about":[{"href":"https:\/\/thibaultbazin.fr\/index.php\/wp-json\/wp\/v2\/types\/page"}],"author":[{"embeddable":true,"href":"https:\/\/thibaultbazin.fr\/index.php\/wp-json\/wp\/v2\/users\/1"}],"replies":[{"embeddable":true,"href":"https:\/\/thibaultbazin.fr\/index.php\/wp-json\/wp\/v2\/comments?post=42"}],"version-history":[{"count":4,"href":"https:\/\/thibaultbazin.fr\/index.php\/wp-json\/wp\/v2\/pages\/42\/revisions"}],"predecessor-version":[{"id":19962,"href":"https:\/\/thibaultbazin.fr\/index.php\/wp-json\/wp\/v2\/pages\/42\/revisions\/19962"}],"up":[{"embeddable":true,"href":"https:\/\/thibaultbazin.fr\/index.php\/wp-json\/wp\/v2\/pages\/10"}],"wp:attachment":[{"href":"https:\/\/thibaultbazin.fr\/index.php\/wp-json\/wp\/v2\/media?parent=42"}],"curies":[{"name":"wp","href":"https:\/\/api.w.org\/{rel}","templated":true}]}}