{"id":4653,"date":"2018-11-30T17:34:13","date_gmt":"2018-11-30T16:34:13","guid":{"rendered":"http:\/\/thibaultbazin.fr\/?page_id=4653"},"modified":"2023-03-30T15:38:48","modified_gmt":"2023-03-30T13:38:48","slug":"cahier-de-doleances","status":"publish","type":"page","link":"https:\/\/thibaultbazin.fr\/index.php\/cahier-de-doleances\/","title":{"rendered":"Cahier de dol\u00e9ances"},"content":{"rendered":"<p style=\"text-align: center;\"><strong>Thibault BAZIN, D\u00e9put\u00e9 de Meurthe-et-Moselle, se tient \u00e0 votre \u00e9coute et vous propose d\u2019apporter votre contribution \u00e0 un cahier de dol\u00e9ances de notre territoire.<\/strong><\/p>\n<p style=\"text-align: center;\">Il est mis en \u0153uvre un traitement de donn\u00e9es \u00e0 caract\u00e8re personnel ayant pour finalit\u00e9 l\u2019envoi p\u00e9riodique d\u2019une lettre d\u2019informations. Les renseignements identifi\u00e9s par un ast\u00e9risque sont obligatoires. Conform\u00e9ment \u00e0 la loi \u00ab Informatique et libert\u00e9s \u00bb du 6 janvier 1978, vous b\u00e9n\u00e9ficiez d\u2019un droit d\u2019acc\u00e8s et de rectification des donn\u00e9es vous concernant. Pour toute demande, adressez-nous un message en cliquant sur \u00abME CONTACTER\u00bb.<\/p>\n\n<div class=\"wpforms-container wpforms-container-full wpforms-block\" id=\"wpforms-19137\"><form id=\"wpforms-form-19137\" class=\"wpforms-validate wpforms-form wpforms-ajax-form\" data-formid=\"19137\" method=\"post\" enctype=\"multipart\/form-data\" action=\"\/index.php\/wp-json\/wp\/v2\/pages\/4653\" data-token=\"dc9cc8e72deb6a54042bf4d86ee48985\" data-token-time=\"1775769124\"><noscript class=\"wpforms-error-noscript\">Veuillez activer JavaScript dans votre navigateur pour remplir ce formulaire.<\/noscript><div class=\"wpforms-field-container\"><div id=\"wpforms-19137-field_0-container\" class=\"wpforms-field wpforms-field-name\" data-field-id=\"0\"><label class=\"wpforms-field-label\">Nom <span class=\"wpforms-required-label\">*<\/span><\/label><div class=\"wpforms-field-row wpforms-field-medium\"><div class=\"wpforms-field-row-block wpforms-first wpforms-one-half\"><input type=\"text\" id=\"wpforms-19137-field_0\" class=\"wpforms-field-name-first wpforms-field-required\" name=\"wpforms[fields][0][first]\" required><label for=\"wpforms-19137-field_0\" class=\"wpforms-field-sublabel after\">Pr\u00e9nom<\/label><\/div><div class=\"wpforms-field-row-block wpforms-one-half\"><input type=\"text\" id=\"wpforms-19137-field_0-last\" class=\"wpforms-field-name-last wpforms-field-required\" name=\"wpforms[fields][0][last]\" required><label for=\"wpforms-19137-field_0-last\" class=\"wpforms-field-sublabel after\">Nom<\/label><\/div><\/div><\/div><div id=\"wpforms-19137-field_3-container\" class=\"wpforms-field wpforms-field-text\" data-field-id=\"3\"><label class=\"wpforms-field-label\" for=\"wpforms-19137-field_3\">Adresse <span class=\"wpforms-required-label\">*<\/span><\/label><input type=\"text\" id=\"wpforms-19137-field_3\" class=\"wpforms-field-medium wpforms-field-required\" name=\"wpforms[fields][3]\" required><\/div><div id=\"wpforms-19137-field_4-container\" class=\"wpforms-field wpforms-field-text\" data-field-id=\"4\"><label class=\"wpforms-field-label\" for=\"wpforms-19137-field_4\">Code postal <span class=\"wpforms-required-label\">*<\/span><\/label><input type=\"text\" id=\"wpforms-19137-field_4\" class=\"wpforms-field-medium wpforms-field-required\" name=\"wpforms[fields][4]\" required><\/div><div id=\"wpforms-19137-field_5-container\" class=\"wpforms-field wpforms-field-text\" data-field-id=\"5\"><label class=\"wpforms-field-label\" for=\"wpforms-19137-field_5\">Ville <span class=\"wpforms-required-label\">*<\/span><\/label><input type=\"text\" id=\"wpforms-19137-field_5\" class=\"wpforms-field-medium wpforms-field-required\" name=\"wpforms[fields][5]\" required><\/div><div id=\"wpforms-19137-field_1-container\" class=\"wpforms-field wpforms-field-email\" data-field-id=\"1\"><label class=\"wpforms-field-label\" for=\"wpforms-19137-field_1\">E-mail <span class=\"wpforms-required-label\">*<\/span><\/label><input type=\"email\" id=\"wpforms-19137-field_1\" class=\"wpforms-field-medium wpforms-field-required\" name=\"wpforms[fields][1]\" spellcheck=\"false\" required><\/div><div id=\"wpforms-19137-field_7-container\" class=\"wpforms-field wpforms-field-text\" data-field-id=\"7\"><label class=\"wpforms-field-label\" for=\"wpforms-19137-field_7\">Num\u00e9ro de t\u00e9l\u00e9phone <span class=\"wpforms-required-label\">*<\/span><\/label><input type=\"text\" id=\"wpforms-19137-field_7\" class=\"wpforms-field-medium wpforms-field-required\" name=\"wpforms[fields][7]\" required><\/div><div id=\"wpforms-19137-field_2-container\" class=\"wpforms-field wpforms-field-textarea\" data-field-id=\"2\"><label class=\"wpforms-field-label\" for=\"wpforms-19137-field_2\">Commentaire ou message<\/label><textarea id=\"wpforms-19137-field_2\" class=\"wpforms-field-medium\" name=\"wpforms[fields][2]\" ><\/textarea><\/div><\/div><!-- .wpforms-field-container --><div class=\"wpforms-submit-container\" ><input type=\"hidden\" name=\"wpforms[id]\" value=\"19137\"><input type=\"hidden\" name=\"page_title\" value=\"\"><input type=\"hidden\" name=\"page_url\" value=\"https:\/\/thibaultbazin.fr\/index.php\/wp-json\/wp\/v2\/pages\/4653\"><input type=\"hidden\" name=\"url_referer\" value=\"\"><button type=\"submit\" name=\"wpforms[submit]\" id=\"wpforms-submit-19137\" class=\"wpforms-submit\" data-alt-text=\"Envoi...\" data-submit-text=\"Envoyer\" aria-live=\"assertive\" value=\"wpforms-submit\">Envoyer<\/button><img decoding=\"async\" src=\"https:\/\/thibaultbazin.fr\/wp-content\/plugins\/wpforms-lite\/assets\/images\/submit-spin.svg\" class=\"wpforms-submit-spinner\" style=\"display: none;\" width=\"26\" height=\"26\" alt=\"Chargement en cours\"><\/div><\/form><\/div>  <!-- .wpforms-container -->","protected":false},"excerpt":{"rendered":"<p>Thibault BAZIN, D\u00e9put\u00e9 de Meurthe-et-Moselle, se tient \u00e0 votre \u00e9coute et vous propose d\u2019apporter votre contribution \u00e0 un cahier de dol\u00e9ances de notre territoire. Il est mis en \u0153uvre un traitement de donn\u00e9es \u00e0 caract\u00e8re personnel ayant pour finalit\u00e9 l\u2019envoi p\u00e9riodique d\u2019une lettre d\u2019informations. Les renseignements identifi\u00e9s par un ast\u00e9risque sont obligatoires. Conform\u00e9ment \u00e0 la&hellip; <br \/> <a class=\"button small blue\" href=\"https:\/\/thibaultbazin.fr\/index.php\/cahier-de-doleances\/\">Lire la suite<\/a><\/p>\n","protected":false},"author":2,"featured_media":0,"parent":0,"menu_order":0,"comment_status":"closed","ping_status":"closed","template":"","meta":[],"amp_enabled":true,"_links":{"self":[{"href":"https:\/\/thibaultbazin.fr\/index.php\/wp-json\/wp\/v2\/pages\/4653"}],"collection":[{"href":"https:\/\/thibaultbazin.fr\/index.php\/wp-json\/wp\/v2\/pages"}],"about":[{"href":"https:\/\/thibaultbazin.fr\/index.php\/wp-json\/wp\/v2\/types\/page"}],"author":[{"embeddable":true,"href":"https:\/\/thibaultbazin.fr\/index.php\/wp-json\/wp\/v2\/users\/2"}],"replies":[{"embeddable":true,"href":"https:\/\/thibaultbazin.fr\/index.php\/wp-json\/wp\/v2\/comments?post=4653"}],"version-history":[{"count":15,"href":"https:\/\/thibaultbazin.fr\/index.php\/wp-json\/wp\/v2\/pages\/4653\/revisions"}],"predecessor-version":[{"id":20050,"href":"https:\/\/thibaultbazin.fr\/index.php\/wp-json\/wp\/v2\/pages\/4653\/revisions\/20050"}],"wp:attachment":[{"href":"https:\/\/thibaultbazin.fr\/index.php\/wp-json\/wp\/v2\/media?parent=4653"}],"curies":[{"name":"wp","href":"https:\/\/api.w.org\/{rel}","templated":true}]}}