{"id":4911,"date":"2019-01-14T09:42:38","date_gmt":"2019-01-14T08:42:38","guid":{"rendered":"http:\/\/thibaultbazin.fr\/?page_id=4911"},"modified":"2023-05-09T11:10:14","modified_gmt":"2023-05-09T09:10:14","slug":"journal-du-depute","status":"publish","type":"page","link":"https:\/\/thibaultbazin.fr\/index.php\/journal-du-depute\/","title":{"rendered":"Journal du D\u00e9put\u00e9"},"content":{"rendered":"<p style=\"text-align: justify;\">Retrouvez mon bilan de mandat pour la l\u00e9gislature 2017-2022, informant de mon activit\u00e9 \u00e0 l&rsquo;Assembl\u00e9e Nationale et en circonscription, <a href=\"https:\/\/thibaultbazin.fr\/wp-content\/uploads\/2021\/10\/BAZIN_VIMP.pdf\">en cliquant ici<\/a><\/p>\n<p style=\"text-align: justify;\">Retrouvez mon troisi\u00e8me journal, informant de mon activit\u00e9 \u00e0 l&rsquo;Assembl\u00e9e Nationale et en circonscription, <a href=\"https:\/\/thibaultbazin.fr\/wp-content\/uploads\/2021\/10\/Journal_TB_8pages_2021_ok.pdf\">en cliquant ici<\/a><\/p>\n<p style=\"text-align: justify;\">Retrouvez mon deuxi\u00e8me journal, informant de mon activit\u00e9 \u00e0 l&rsquo;Assembl\u00e9e Nationale et en circonscription, <a href=\"https:\/\/thibaultbazin.fr\/wp-content\/uploads\/2021\/01\/Journal_TB_12pages_2020-HD_ok.pdf\">en cliquant ici<\/a><\/p>\n<p style=\"text-align: justify;\">Retrouvez mon premier journal, informant de mon activit\u00e9 \u00e0 l&rsquo;Assembl\u00e9e Nationale et en circonscription,\u00a0<a href=\"https:\/\/thibaultbazin.fr\/wp-content\/uploads\/2017\/03\/Journal_Depute.pdf\" target=\"_blank\" rel=\"noopener\">en cliquant ici<\/a><\/p>\n<p><img decoding=\"async\" src=\"https:\/\/thibaultbazin.fr\/wp-content\/uploads\/2023\/02\/Capture-decran-2023-02-16-a-16.55.00.png\" alt=\"\" width=\"188\" height=\"258\" \/> \u00a0\u00a0 <img decoding=\"async\" src=\"https:\/\/thibaultbazin.fr\/wp-content\/uploads\/2023\/02\/Capture-decran-2023-02-16-a-16.53.43.png\" alt=\"\" width=\"184\" height=\"258\" \/> \u00a0\u00a0\u00a0\u00a0\u00a0 <img decoding=\"async\" src=\"https:\/\/thibaultbazin.fr\/wp-content\/uploads\/2023\/02\/Capture-decran-2023-02-16-a-16.45.54.png\" alt=\"\" width=\"182\" height=\"257\" \/><img loading=\"lazy\" decoding=\"async\" class=\"wp-image-19212 alignleft\" src=\"https:\/\/thibaultbazin.fr\/wp-content\/uploads\/2023\/02\/Capture-decran-2023-02-16-a-16.50.50.png\" alt=\"\" width=\"185\" height=\"257\" srcset=\"https:\/\/thibaultbazin.fr\/wp-content\/uploads\/2023\/02\/Capture-decran-2023-02-16-a-16.50.50.png 1008w, https:\/\/thibaultbazin.fr\/wp-content\/uploads\/2023\/02\/Capture-decran-2023-02-16-a-16.50.50-216x300.png 216w, https:\/\/thibaultbazin.fr\/wp-content\/uploads\/2023\/02\/Capture-decran-2023-02-16-a-16.50.50-738x1024.png 738w, https:\/\/thibaultbazin.fr\/wp-content\/uploads\/2023\/02\/Capture-decran-2023-02-16-a-16.50.50-768x1065.png 768w, https:\/\/thibaultbazin.fr\/wp-content\/uploads\/2023\/02\/Capture-decran-2023-02-16-a-16.50.50-779x1080.png 779w\" sizes=\"(max-width: 185px) 100vw, 185px\" \/><\/p>\n","protected":false},"excerpt":{"rendered":"<p>Retrouvez mon bilan de mandat pour la l\u00e9gislature 2017-2022, informant de mon activit\u00e9 \u00e0 l&rsquo;Assembl\u00e9e Nationale et en circonscription, en cliquant ici Retrouvez mon troisi\u00e8me journal, informant de mon activit\u00e9 \u00e0 l&rsquo;Assembl\u00e9e Nationale et en circonscription, en cliquant ici Retrouvez mon deuxi\u00e8me journal, informant de mon activit\u00e9 \u00e0 l&rsquo;Assembl\u00e9e Nationale et en circonscription, en cliquant&hellip; <br \/> <a class=\"button small blue\" href=\"https:\/\/thibaultbazin.fr\/index.php\/journal-du-depute\/\">Lire la suite<\/a><\/p>\n","protected":false},"author":2,"featured_media":0,"parent":0,"menu_order":0,"comment_status":"closed","ping_status":"closed","template":"","meta":[],"amp_enabled":true,"_links":{"self":[{"href":"https:\/\/thibaultbazin.fr\/index.php\/wp-json\/wp\/v2\/pages\/4911"}],"collection":[{"href":"https:\/\/thibaultbazin.fr\/index.php\/wp-json\/wp\/v2\/pages"}],"about":[{"href":"https:\/\/thibaultbazin.fr\/index.php\/wp-json\/wp\/v2\/types\/page"}],"author":[{"embeddable":true,"href":"https:\/\/thibaultbazin.fr\/index.php\/wp-json\/wp\/v2\/users\/2"}],"replies":[{"embeddable":true,"href":"https:\/\/thibaultbazin.fr\/index.php\/wp-json\/wp\/v2\/comments?post=4911"}],"version-history":[{"count":24,"href":"https:\/\/thibaultbazin.fr\/index.php\/wp-json\/wp\/v2\/pages\/4911\/revisions"}],"predecessor-version":[{"id":20971,"href":"https:\/\/thibaultbazin.fr\/index.php\/wp-json\/wp\/v2\/pages\/4911\/revisions\/20971"}],"wp:attachment":[{"href":"https:\/\/thibaultbazin.fr\/index.php\/wp-json\/wp\/v2\/media?parent=4911"}],"curies":[{"name":"wp","href":"https:\/\/api.w.org\/{rel}","templated":true}]}}