{"id":6746,"date":"2019-08-28T09:53:17","date_gmt":"2019-08-28T07:53:17","guid":{"rendered":"http:\/\/thibaultbazin.fr\/?page_id=6746"},"modified":"2021-08-13T14:21:14","modified_gmt":"2021-08-13T12:21:14","slug":"revue-de-presse-2","status":"publish","type":"page","link":"https:\/\/thibaultbazin.fr\/index.php\/revue-de-presse-2\/","title":{"rendered":"Revue de presse"},"content":{"rendered":"<p style=\"text-align: center;\"><span style=\"font-size: 24pt; font-family: arial, helvetica, sans-serif;\">D\u00e9couvrez sur cette page les diff\u00e9rentes <span style=\"text-decoration: underline;\">revues de presse <\/span><\/span><\/p>\n<p style=\"text-align: center;\"><span style=\"font-size: 24pt; font-family: arial, helvetica, sans-serif;\">r\u00e9alis\u00e9es depuis le d\u00e9but de mon mandat<\/span><\/p>\n<p>&nbsp;<\/p>\n<table class=\" aligncenter\" style=\"width: 487px; border-color: #000000;\" cellspacing=\"25\">\n<tbody>\n<tr style=\"height: 355px;\">\n<td style=\"width: 242.203px; height: 355px;\"><a href=\"https:\/\/thibaultbazin.fr\/wp-content\/uploads\/2017\/03\/Revue-2017-Num%C3%A9rique.pdf\"><img fetchpriority=\"high\" decoding=\"async\" class=\"alignnone wp-image-11202 size-medium\" src=\"https:\/\/thibaultbazin.fr\/wp-content\/uploads\/2021\/08\/Revue-de-presse-2017-2018-212x300.png\" alt=\"\" width=\"212\" height=\"300\" srcset=\"https:\/\/thibaultbazin.fr\/wp-content\/uploads\/2021\/08\/Revue-de-presse-2017-2018-212x300.png 212w, https:\/\/thibaultbazin.fr\/wp-content\/uploads\/2021\/08\/Revue-de-presse-2017-2018.png 614w\" sizes=\"(max-width: 212px) 100vw, 212px\" \/><\/a><\/td>\n<td style=\"width: 239.797px; height: 355px;\"><a href=\"https:\/\/thibaultbazin.fr\/wp-content\/uploads\/2017\/03\/Revue-2018-Num%C3%A9rique.pdf\"><img decoding=\"async\" class=\"alignnone wp-image-11201 size-medium\" src=\"https:\/\/thibaultbazin.fr\/wp-content\/uploads\/2021\/08\/Revue-de-presse-2018-2019-211x300.png\" alt=\"\" width=\"211\" height=\"300\" srcset=\"https:\/\/thibaultbazin.fr\/wp-content\/uploads\/2021\/08\/Revue-de-presse-2018-2019-211x300.png 211w, https:\/\/thibaultbazin.fr\/wp-content\/uploads\/2021\/08\/Revue-de-presse-2018-2019.png 614w\" sizes=\"(max-width: 211px) 100vw, 211px\" \/><\/a><\/td>\n<\/tr>\n<tr style=\"height: 24px;\">\n<td style=\"width: 242.203px; height: 24px;\"><a href=\"https:\/\/thibaultbazin.fr\/wp-content\/uploads\/2021\/08\/Revue-de-presse-terminale-juin-2019-juin-2020.pdf\"><img decoding=\"async\" class=\"alignnone wp-image-11203 size-medium\" src=\"https:\/\/thibaultbazin.fr\/wp-content\/uploads\/2021\/08\/Revue-de-presse-2019-2020-209x300.png\" alt=\"\" width=\"209\" height=\"300\" srcset=\"https:\/\/thibaultbazin.fr\/wp-content\/uploads\/2021\/08\/Revue-de-presse-2019-2020-209x300.png 209w, https:\/\/thibaultbazin.fr\/wp-content\/uploads\/2021\/08\/Revue-de-presse-2019-2020.png 603w\" sizes=\"(max-width: 209px) 100vw, 209px\" \/><\/a><\/td>\n<td style=\"width: 239.797px; height: 24px;\"><a href=\"https:\/\/thibaultbazin.fr\/wp-content\/uploads\/2021\/08\/Revue-de-presse-Juillet-2020-Juillet-2021-sur-le-site.pdf\"><img loading=\"lazy\" decoding=\"async\" class=\"alignnone wp-image-11211 size-medium\" src=\"https:\/\/thibaultbazin.fr\/wp-content\/uploads\/2021\/08\/Revue-de-presse-2020-2021-212x300.png\" alt=\"\" width=\"212\" height=\"300\" srcset=\"https:\/\/thibaultbazin.fr\/wp-content\/uploads\/2021\/08\/Revue-de-presse-2020-2021-212x300.png 212w, https:\/\/thibaultbazin.fr\/wp-content\/uploads\/2021\/08\/Revue-de-presse-2020-2021.png 627w\" sizes=\"(max-width: 212px) 100vw, 212px\" \/><\/a><\/td>\n<\/tr>\n<\/tbody>\n<\/table>\n<p>&nbsp;<\/p>\n","protected":false},"excerpt":{"rendered":"<p>D\u00e9couvrez sur cette page les diff\u00e9rentes revues de presse r\u00e9alis\u00e9es depuis le d\u00e9but de mon mandat &nbsp; &nbsp;<\/p>\n","protected":false},"author":2,"featured_media":0,"parent":0,"menu_order":0,"comment_status":"closed","ping_status":"closed","template":"","meta":[],"amp_enabled":true,"_links":{"self":[{"href":"https:\/\/thibaultbazin.fr\/index.php\/wp-json\/wp\/v2\/pages\/6746"}],"collection":[{"href":"https:\/\/thibaultbazin.fr\/index.php\/wp-json\/wp\/v2\/pages"}],"about":[{"href":"https:\/\/thibaultbazin.fr\/index.php\/wp-json\/wp\/v2\/types\/page"}],"author":[{"embeddable":true,"href":"https:\/\/thibaultbazin.fr\/index.php\/wp-json\/wp\/v2\/users\/2"}],"replies":[{"embeddable":true,"href":"https:\/\/thibaultbazin.fr\/index.php\/wp-json\/wp\/v2\/comments?post=6746"}],"version-history":[{"count":10,"href":"https:\/\/thibaultbazin.fr\/index.php\/wp-json\/wp\/v2\/pages\/6746\/revisions"}],"predecessor-version":[{"id":11253,"href":"https:\/\/thibaultbazin.fr\/index.php\/wp-json\/wp\/v2\/pages\/6746\/revisions\/11253"}],"wp:attachment":[{"href":"https:\/\/thibaultbazin.fr\/index.php\/wp-json\/wp\/v2\/media?parent=6746"}],"curies":[{"name":"wp","href":"https:\/\/api.w.org\/{rel}","templated":true}]}}