{"id":8335,"date":"2020-03-23T15:45:56","date_gmt":"2020-03-23T14:45:56","guid":{"rendered":"http:\/\/thibaultbazin.fr\/?page_id=8335"},"modified":"2020-05-22T11:38:48","modified_gmt":"2020-05-22T09:38:48","slug":"informations-coronavirus","status":"publish","type":"page","link":"https:\/\/thibaultbazin.fr\/index.php\/informations-coronavirus\/","title":{"rendered":"Informations Coronavirus"},"content":{"rendered":"<div style=\"text-align: center;\" align=\"left\"><a href=\"https:\/\/thibaultbazin.fr\/\">ACC\u00c9DER AU SITE INTERNET<\/a><\/div>\n<div align=\"left\">\n<table>\n<tbody>\n<tr>\n<td><\/td>\n<\/tr>\n<\/tbody>\n<\/table>\n<\/div>\n<div align=\"left\"><span style=\"color: black; font-size: large;\">En raison de l&rsquo;\u00e9pid\u00e9mie COVID-19 et des mesures sanitaires instaur\u00e9es, ma permanence parlementaire \u00e0 Lun\u00e9ville est ferm\u00e9e au public\u00a0jusqu&rsquo;\u00e0 nouvel ordre.<\/span><\/div>\n<div align=\"left\"><span style=\"color: black; font-size: large;\">Mon \u00e9quipe parlementaire reste disponible pour tout besoin au 06.70.70.25.13 et par mail\u00a0<a href=\"mailto:permanence.bazin@gmail.com\" target=\"_blank\" rel=\"noopener noreferrer\">permanence.bazin@gmail.com<\/a>\u00a0<\/span><\/div>\n<div align=\"left\">\n<table>\n<tbody>\n<tr>\n<td><\/td>\n<\/tr>\n<\/tbody>\n<\/table>\n<\/div>\n<div align=\"left\"><span style=\"color: black; font-size: large;\"><b>N&rsquo;h\u00e9sitez pas \u00e0 transf\u00e9rer nos coordonn\u00e9es \u00e0 toutes entreprises, commerces ou personnes qui se trouveraient dans la difficult\u00e9. Nous assurons une permanence t\u00e9l\u00e9phonique et par mail pour les accompagner.<\/b><\/span><\/div>\n<div align=\"left\">\n<table>\n<tbody>\n<tr>\n<td><\/td>\n<\/tr>\n<\/tbody>\n<\/table>\n<\/div>\n<div align=\"left\">Attestation :<\/div>\n<div align=\"left\">&gt; <a href=\"https:\/\/thibaultbazin.fr\/wp-content\/uploads\/2017\/03\/attestation-100km-M\u00e0J.pdf\" target=\"_blank\" rel=\"noopener\">attestation pour un d\u00e9placement sup\u00e9rieur \u00e0 100km (mise \u00e0 jour avec le motif \u00ab\u00a0d\u00e9m\u00e9nagement\u00a0\u00bb)<\/a><\/div>\n<div align=\"left\">\n<table>\n<tbody>\n<tr>\n<td><\/td>\n<\/tr>\n<\/tbody>\n<\/table>\n<\/div>\n<div align=\"left\">Si vous \u00eates malade :<\/div>\n<div align=\"left\">&gt; <a href=\"https:\/\/thibaultbazin.fr\/wp-content\/uploads\/2017\/03\/covid19_fiche_patients-2.pdf\" target=\"_blank\" rel=\"noopener\">fiche de Sant\u00e9 Publique France<\/a><\/div>\n<div align=\"left\">\n<table>\n<tbody>\n<tr>\n<td><\/td>\n<\/tr>\n<\/tbody>\n<\/table>\n<\/div>\n<div align=\"left\">Carte de la couverture postale de la circonscription :<\/div>\n<div align=\"left\"><a href=\"https:\/\/thibaultbazin.fr\/wp-content\/uploads\/2017\/03\/bureaux-postaux-circo-Ma\u0300J-18-05.jpg\"><img fetchpriority=\"high\" decoding=\"async\" class=\"aligncenter size-full wp-image-8592\" src=\"https:\/\/thibaultbazin.fr\/wp-content\/uploads\/2017\/03\/bureaux-postaux-circo-Ma\u0300J-18-05.jpg\" alt=\"\" width=\"3898\" height=\"3307\" srcset=\"https:\/\/thibaultbazin.fr\/wp-content\/uploads\/2017\/03\/bureaux-postaux-circo-Ma\u0300J-18-05.jpg 3898w, https:\/\/thibaultbazin.fr\/wp-content\/uploads\/2017\/03\/bureaux-postaux-circo-Ma\u0300J-18-05-300x255.jpg 300w, https:\/\/thibaultbazin.fr\/wp-content\/uploads\/2017\/03\/bureaux-postaux-circo-Ma\u0300J-18-05-768x652.jpg 768w, https:\/\/thibaultbazin.fr\/wp-content\/uploads\/2017\/03\/bureaux-postaux-circo-Ma\u0300J-18-05-1024x869.jpg 1024w\" sizes=\"(max-width: 3898px) 100vw, 3898px\" \/><\/a><\/div>\n<div align=\"left\">\n<table style=\"height: 76px;\" width=\"505\">\n<tbody>\n<tr>\n<td style=\"width: 495px;\"><\/td>\n<\/tr>\n<tr>\n<td style=\"width: 495px; text-align: center;\"><strong>AIDES<\/strong><\/td>\n<\/tr>\n<tr>\n<td style=\"width: 495px;\"><strong>Pour les entreprises et les associations<\/strong><\/p>\n<p>&gt;\u00a0<a href=\"https:\/\/thibaultbazin.fr\/wp-content\/uploads\/2017\/03\/Coronavirus-MINEFI-10032020-1.pdf\" target=\"_blank\" rel=\"noopener\">brochure informative pour les aides<\/a><\/p>\n<p>&gt; <a href=\"https:\/\/thibaultbazin.fr\/wp-content\/uploads\/2017\/03\/DP-Fonds_de_solidarite.pdf\" target=\"_blank\" rel=\"noopener\">fonds de solidarit\u00e9<\/a><\/p>\n<p>&gt;\u00a0<a href=\"https:\/\/thibaultbazin.fr\/wp-content\/uploads\/2017\/03\/Fiche-produit-Pre\u0302t-garanti-par-lEtat.pdf.pdf\" target=\"_blank\" rel=\"noopener\">pr\u00eat garanti par l&rsquo;\u00c9tat<\/a><\/p>\n<p>&gt;\u00a0<a href=\"https:\/\/thibaultbazin.fr\/wp-content\/uploads\/2017\/03\/20200317_qr_fpc_coronavirus.pdf.pdf\" target=\"_blank\" rel=\"noopener\">formation professionnelle<\/a><\/p>\n<p>&gt; <a href=\"https:\/\/www.grandest.fr\/fonds-resistance\/\" target=\"_blank\" rel=\"noopener\">aide aux petites entreprises et aux associations<\/a><\/p>\n<p>&gt; <a href=\"https:\/\/plusforts-grandest.fr\/\" target=\"_blank\" rel=\"noopener\">plate-forme \u00ab\u00a0plus forts Grand Est\u00a0\u00bb<\/a><\/p>\n<p>&gt; <a href=\"https:\/\/thibaultbazin.fr\/wp-content\/uploads\/2017\/03\/guide-Fonds-R\u00e9sistance_synth\u00e8ses-questions-V2.pdf\" target=\"_blank\" rel=\"noopener\">guide du fonds R\u00e9sistance (Grand Est)<\/a><\/p>\n<p>&gt;\u00a0<a href=\"https:\/\/thibaultbazin.fr\/wp-content\/uploads\/2017\/03\/CP-declare-ameli-personnes-a-risque_VDEF.pdf\" target=\"_blank\" rel=\"noopener\">informations sur declare.ameli.fr<\/a><\/td>\n<\/tr>\n<tr>\n<td style=\"width: 495px;\"><\/td>\n<\/tr>\n<tr>\n<td style=\"width: 495px;\"><strong>Pour les collectivit\u00e9s<\/strong><\/p>\n<p>&gt;\u00a0<a href=\"https:\/\/thibaultbazin.fr\/wp-content\/uploads\/2017\/03\/Loi_durgence_Covid19_Mesures_relatives_aux_collectivite\u0301s_territoriales.pdf.pdf\" target=\"_blank\" rel=\"noopener\">pour les collectivit\u00e9s territoriales<\/a><\/td>\n<\/tr>\n<tr>\n<td style=\"width: 495px;\"><\/td>\n<\/tr>\n<tr>\n<td style=\"width: 495px;\"><strong>\u00a0Pour les \u00e9tudiants<\/strong><\/p>\n<p>&gt;\u00a0<a href=\"https:\/\/www.grandest.fr\/covid19-revalorisation-indemnites-eleves-infirmiers-aides-soignants-mobilises\/\" target=\"_blank\" rel=\"noopener\">pour les \u00e9l\u00e8ves infirmiers et \u00e9l\u00e8ves aides-soignants<\/a><\/p>\n<p>&gt;\u00a0<a href=\"https:\/\/www.grandest.fr\/covid-19-maintien-bourses-secteur-sanitaire-social\/\" target=\"_blank\" rel=\"noopener\">bourses \u00e9tudiantes<\/a><\/p>\n<p>&gt; <a href=\"http:\/\/factuel.univ-lorraine.fr\/coronavirus\" target=\"_blank\" rel=\"noopener\">informations de l&rsquo;Universit\u00e9 de Lorraine<\/a><\/td>\n<\/tr>\n<tr>\n<td style=\"width: 495px;\"><\/td>\n<\/tr>\n<tr>\n<td style=\"width: 495px;\">\u00a0<strong>Transports<\/strong><\/p>\n<p>&gt;\u00a0<a href=\"https:\/\/www.grandest.fr\/reseaux-fluo-grand-est\/\" target=\"_blank\" rel=\"noopener\">transports : adaptation des services par la R\u00e9gion<\/a><\/p>\n<p>&gt;\u00a0<a href=\"https:\/\/www.ter.sncf.com\/grand-est\" target=\"_blank\" rel=\"noopener\">informations SNCF<\/a><\/td>\n<\/tr>\n<tr>\n<td style=\"width: 495px;\"><\/td>\n<\/tr>\n<tr>\n<td style=\"width: 495px;\">\u00a0<strong>\u00c9tranger<\/strong><\/p>\n<p>&gt;<a href=\"https:\/\/thibaultbazin.fr\/wp-content\/uploads\/2017\/03\/Franc\u0327ais-\ufffd-le\u0301tranger-.pdf.pdf\" target=\"_blank\" rel=\"noopener\">Pour les Fran\u00e7ais \u00e0 l&rsquo;\u00e9tranger<\/a><\/td>\n<\/tr>\n<tr>\n<td style=\"width: 495px;\"><\/td>\n<\/tr>\n<\/tbody>\n<\/table>\n<\/div>\n<div align=\"left\">\n<table style=\"height: 184px;\" width=\"505\">\n<tbody>\n<tr>\n<td style=\"width: 495px;\"><span style=\"color: #ffffff;\">a<\/span><\/td>\n<\/tr>\n<tr>\n<td style=\"width: 495px;\"><span style=\"color: #ffffff;\">a<\/span><\/td>\n<\/tr>\n<tr>\n<td style=\"width: 495px;\"><span style=\"font-size: 14pt;\"><strong>Dans votre Communaut\u00e9 de Communes<\/strong><\/span><\/td>\n<\/tr>\n<tr>\n<td style=\"width: 495px;\">CCTLB<\/p>\n<p>&gt; <a href=\"http:\/\/www.delunevilleabaccarat.fr\/organisation_des_services.html\" target=\"_blank\" rel=\"noopener\">fonctionnement des services<\/a><\/td>\n<\/tr>\n<tr>\n<td style=\"width: 495px;\">CC3M<\/p>\n<p>&gt; <a href=\"http:\/\/www.cc3m.fr\/?option=com_content&amp;view=article&amp;id=382\" target=\"_blank\" rel=\"noopener\">organisation de la Communaut\u00e9 de Communes<\/a><\/td>\n<\/tr>\n<tr>\n<td style=\"width: 495px;\">CC Vezouze en Pi\u00e9mont<\/p>\n<p>&gt; <a href=\"https:\/\/www.ccvp.fr\/2020\/03\/17\/mesures-coronavirus\/\" target=\"_blank\" rel=\"noopener\">organisation des services<\/a><\/td>\n<\/tr>\n<tr>\n<td style=\"width: 495px;\">CC Pays du Sel et du Vermois<\/p>\n<p>&gt; <a href=\"https:\/\/www.cc-seletvermois.fr\/horaires-temporaires-de-la-navette-jusquau-31-03-2020\/\" target=\"_blank\" rel=\"noopener\">organisation des transports<\/a><\/td>\n<\/tr>\n<tr>\n<td style=\"width: 495px;\">M\u00e9tropole du Grand Nancy<\/p>\n<p>&gt; <a href=\"https:\/\/www.grandnancy.eu\/actualites\/actualite\/?no_cache=1&amp;tx_news_pi1%5Bnews%5D=1346&amp;tx_news_pi1%5Bcontroller%5D=News&amp;tx_news_pi1%5Baction%5D=detail&amp;cHash=2f4bf9a201b168b5d7b2734e68b520fc\" target=\"_blank\" rel=\"noopener\">toutes les informations sur la M\u00e9tropole (aides, transports, d\u00e9chets&#8230;)<\/a><\/td>\n<\/tr>\n<tr>\n<td style=\"width: 495px;\">CC Seille Mauch\u00e8re Grand Couronn\u00e9<\/p>\n<p><span style=\"font-family: inherit; font-size: inherit;\">&gt; <a href=\"http:\/\/www.territoire-smgc.fr\/covid-19-idees-dactivites-vos-acteurs-locaux\/\">id\u00e9es d&rsquo;activit\u00e9s<\/a><\/span><\/p>\n<p>&gt; <a href=\"http:\/\/www.territoire-smgc.fr\/covid-19-dechets-infos-pratiques\/\" target=\"_blank\" rel=\"noopener\">informations sur les d\u00e9chets<\/a><\/td>\n<\/tr>\n<tr>\n<td style=\"width: 495px;\">CC Moselle &amp; Madon<\/p>\n<p>&gt; <a href=\"https:\/\/www.cc-mosellemadon.fr\/actualite\/covid-19-la-releve-des-compteurs-d-eau-modifiee\" target=\"_blank\" rel=\"noopener\">d\u00e9calage des relev\u00e9s des compteurs d&rsquo;eau<\/a><\/p>\n<p>&gt; <a href=\"https:\/\/www.cc-mosellemadon.fr\/date\/covid-19-accueil-des-enfants-des-personnels-prioritaires\" target=\"_blank\" rel=\"noopener\">accueil des enfants des personnes prioritaires<\/a><\/p>\n<p>&gt; <a href=\"https:\/\/www.cc-mosellemadon.fr\/date\/covid-19-fermeture-dechetterie-et-appoint-tri\" target=\"_blank\" rel=\"noopener\">fermeture de la d\u00e9ch\u00e8terie<\/a><\/td>\n<\/tr>\n<tr>\n<td style=\"width: 495px;\"><span style=\"color: #ffffff;\">a<\/span><\/td>\n<\/tr>\n<\/tbody>\n<\/table>\n<\/div>\n<div align=\"left\"><\/div>\n<div align=\"left\"><a href=\"https:\/\/thibaultbazin.fr\/wp-content\/uploads\/2017\/03\/banniere_coronavirus.jpg\"><img decoding=\"async\" class=\"size-full wp-image-8331 aligncenter\" src=\"https:\/\/thibaultbazin.fr\/wp-content\/uploads\/2017\/03\/banniere_coronavirus.jpg\" alt=\"\" width=\"838\" height=\"140\" srcset=\"https:\/\/thibaultbazin.fr\/wp-content\/uploads\/2017\/03\/banniere_coronavirus.jpg 838w, https:\/\/thibaultbazin.fr\/wp-content\/uploads\/2017\/03\/banniere_coronavirus-300x50.jpg 300w, https:\/\/thibaultbazin.fr\/wp-content\/uploads\/2017\/03\/banniere_coronavirus-768x128.jpg 768w\" sizes=\"(max-width: 838px) 100vw, 838px\" \/><\/a><\/div>\n","protected":false},"excerpt":{"rendered":"<p>ACC\u00c9DER AU SITE INTERNET En raison de l&rsquo;\u00e9pid\u00e9mie COVID-19 et des mesures sanitaires instaur\u00e9es, ma permanence parlementaire \u00e0 Lun\u00e9ville est ferm\u00e9e au public\u00a0jusqu&rsquo;\u00e0 nouvel ordre. Mon \u00e9quipe parlementaire reste disponible pour tout besoin au 06.70.70.25.13 et par mail\u00a0permanence.bazin@gmail.com\u00a0 N&rsquo;h\u00e9sitez pas \u00e0 transf\u00e9rer nos coordonn\u00e9es \u00e0 toutes entreprises, commerces ou personnes qui se trouveraient dans la&hellip; <br \/> <a class=\"button small blue\" href=\"https:\/\/thibaultbazin.fr\/index.php\/informations-coronavirus\/\">Lire la suite<\/a><\/p>\n","protected":false},"author":2,"featured_media":0,"parent":0,"menu_order":0,"comment_status":"closed","ping_status":"closed","template":"","meta":[],"amp_enabled":true,"_links":{"self":[{"href":"https:\/\/thibaultbazin.fr\/index.php\/wp-json\/wp\/v2\/pages\/8335"}],"collection":[{"href":"https:\/\/thibaultbazin.fr\/index.php\/wp-json\/wp\/v2\/pages"}],"about":[{"href":"https:\/\/thibaultbazin.fr\/index.php\/wp-json\/wp\/v2\/types\/page"}],"author":[{"embeddable":true,"href":"https:\/\/thibaultbazin.fr\/index.php\/wp-json\/wp\/v2\/users\/2"}],"replies":[{"embeddable":true,"href":"https:\/\/thibaultbazin.fr\/index.php\/wp-json\/wp\/v2\/comments?post=8335"}],"version-history":[{"count":19,"href":"https:\/\/thibaultbazin.fr\/index.php\/wp-json\/wp\/v2\/pages\/8335\/revisions"}],"predecessor-version":[{"id":8597,"href":"https:\/\/thibaultbazin.fr\/index.php\/wp-json\/wp\/v2\/pages\/8335\/revisions\/8597"}],"wp:attachment":[{"href":"https:\/\/thibaultbazin.fr\/index.php\/wp-json\/wp\/v2\/media?parent=8335"}],"curies":[{"name":"wp","href":"https:\/\/api.w.org\/{rel}","templated":true}]}}